{"id":87,"date":"2018-07-02T10:02:52","date_gmt":"2018-07-02T10:02:52","guid":{"rendered":"http:\/\/localhost\/?page_id=87"},"modified":"2024-04-17T13:58:36","modified_gmt":"2024-04-17T11:58:36","slug":"lokacija","status":"publish","type":"page","link":"https:\/\/is.ijs.si\/?page_id=87","title":{"rendered":"LOKACIJA"},"content":{"rendered":"<p class=\"lokacija_tekst\">Multikonferenca Informacijska dru\u017eba bo potekala na Institutu &#8220;Jo\u017eef Stefan&#8221;, Jamova cesta 39, Ljubljana, Slovenija.<\/p>\n<p><a class=\"barva_linka\" href=\"https:\/\/www.booking.com\/searchresults.sl.html?aid=399245&amp;label=si-wRQeMJTcLpHZCC0lAJvu3AS532016226938%3Apl%3Ata%3Ap1%3Ap2%3Aac%3Aap%3Aneg%3Afi%3Atiaud-297601666995%3Akwd-311349785028%3Alp9062551%3Ali%3Adec%3Adm&amp;lang=sl&amp;sid=0fa59a97c77f0cad04d9955281fa6571&amp;sb=1&amp;sb_lp=1&amp;src=theme_landing_country&amp;src_elem=sb&amp;error_url=https%3A%2F%2Fwww.booking.com%2Fapartments%2Fcountry%2Fsi.sl.html%3Faid%3D399245%26label%3Dsi-wRQeMJTcLpHZCC0lAJvu3AS532016226938%253Apl%253Ata%253Ap1%253Ap2%253Aac%253Aap%253Aneg%253Afi%253Atiaud-297601666995%253Akwd-311349785028%253Alp9062551%253Ali%253Adec%253Adm%26sid%3D0fa59a97c77f0cad04d9955281fa6571%26&amp;top_ufis=0&amp;theme_id=1&amp;theme_source=theme_landing_country&amp;ss=Jamova+cesta+39%2C+Ljubljana%2C+Slovenija&amp;is_ski_area=&amp;ssne=Slovenija&amp;ssne_untouched=Slovenija&amp;checkin_year=&amp;checkin_month=&amp;checkout_year=&amp;checkout_month=&amp;flex_window=0&amp;group_adults=2&amp;group_children=0&amp;no_rooms=1&amp;b_h4u_keep_filters=&amp;from_sf=1&amp;ac_click_type=g&amp;ac_position=0&amp;dest_type=landmark&amp;place_id=ChIJj1WClEMtZUcRDJ44xtv0LRU&amp;place_id_lat=46.0428374&amp;place_id_lon=14.4875965&amp;search_pageview_id=33205407398b0031&amp;search_selected=true&amp;ss_raw=jamova+39\" target=\"_blank\" rel=\"noopener\">Poi\u0161\u010dite najbli\u017ejo nastanitev.<\/a><\/p>\n<p><button id=\"klik_odpre5\" class=\"naslovi_strani_gumb\"><strong>KAKO DO IJS<\/strong><\/button><\/p>\n<div id=\"skrito5\" class=\"skrito_div\">\n<p class=\"lokacija_tekst\" style=\"text-align: justify;\">Mestni promet po Ljubljani je organiziran z avtobusi (Ljubljanski potni\u0161ki promet). Z avtobusom mestnega prometa (LPP) se lahko pripeljete do izbranega hotela ali do Instituta &#8220;Jo\u017eef Stefan&#8221;.<\/p>\n<p class=\"lokacija_tekst\" style=\"text-align: justify;\">Vo\u017enja se pla\u010duje s kartico Urbana, ki se lahko kupi v vseh trafikah in po\u0161tah. Kupite lahko tudi turisti\u010dno kartico, ki vam prina\u0161a \u0161tevilne ugodnosti. S kartico ste upravi\u010deni do brezpla\u010dnih vo\u017eenj na avtobusih mestnega prometa, brezpla\u010dne vstopnice za ogled muzejev in galerij, itd.<\/p>\n<p class=\"lokacija_tekst\" style=\"text-align: justify;\">Pred glavno \u017eelezni\u0161ko postajo je avtobusno postajali\u0161\u010de. Vstopite na avtobus \u0161t. 9 (smer Trnovo). Na drugem postajali\u0161\u010du izstopite in vstopite na avtobus \u0161t. 1 (smer Mestni Log) ali \u0161t. 6 (smer Dolgi Most). Avtobus \u0161t. 1 se ustavi diretno pred vhodom v Institut &#8220;Jo\u017eef Stefan&#8221; (postajali\u0161\u010de Jadranska). \u0160t. 6 se ustavi na Tr\u017ea\u0161ki cesti, ki je 5 minut hoje oddaljena od IJS.<\/p>\n<p><a href=\"https:\/\/e9-owncloud.ijs.si\/isnew\/wp-content\/uploads\/2018\/09\/lpp_shema_linij.png\"><img loading=\"lazy\" decoding=\"async\" class=\"alignnone size-medium wp-image-5995\" src=\"https:\/\/e9-owncloud.ijs.si\/isnew\/wp-content\/uploads\/2018\/09\/lpp_shema_linij-300x225.png\" alt=\"lpp_shema_linij\" width=\"300\" height=\"225\" srcset=\"https:\/\/is.ijs.si\/wp-content\/uploads\/2018\/09\/lpp_shema_linij-300x225.png 300w, https:\/\/is.ijs.si\/wp-content\/uploads\/2018\/09\/lpp_shema_linij-768x575.png 768w, https:\/\/is.ijs.si\/wp-content\/uploads\/2018\/09\/lpp_shema_linij-1024x767.png 1024w, https:\/\/is.ijs.si\/wp-content\/uploads\/2018\/09\/lpp_shema_linij.png 1301w\" sizes=\"auto, (max-width: 300px) 100vw, 300px\" \/><\/a><\/p>\n<p><strong>Kliknite za pove\u010davo.<\/strong><\/p>\n<p><iframe loading=\"lazy\" style=\"border: 0;\" src=\"https:\/\/www.google.com\/maps\/embed?pb=!1m28!1m12!1m3!1d22152.39764065685!2d14.482209139612733!3d46.050106806611716!2m3!1f0!2f0!3f0!3m2!1i1024!2i768!4f13.1!4m13!3e0!4m5!1s0x4765329b8d9a3087%3A0xf57f940f62710168!2sTrg+Osvobodilne+fronte%2C+1000+Ljubljana!3m2!1d46.0578205!2d14.5097955!4m5!1s0x47652d4394058721%3A0x77cdc82d5f85c8b2!2sInstitut+%22Jo%C5%BEef+Stefan%22%2C+Jamova+cesta%2C+Ljubljana!3m2!1d46.0423559!2d14.4878586!5e0!3m2!1sen!2ssi!4v1530607353996\" width=\"600\" height=\"450\" frameborder=\"0\" allowfullscreen=\"allowfullscreen\"><\/iframe><\/p>\n<\/div>\n<p><script type=\"text\/javascript\">\n\tjQuery(document).ready(function() {\n\t\tjQuery(\"#klik_odpre5\").click(function () {\n\t\t\tjQuery(\"#skrito5\").toggle();\n\t\t});\n\t});\n<\/script><\/p>\n","protected":false},"excerpt":{"rendered":"<p>Multikonferenca Informacijska dru\u017eba bo potekala na Institutu &#8220;Jo\u017eef Stefan&#8221;, Jamova cesta 39, Ljubljana, Slovenija. Poi\u0161\u010dite najbli\u017ejo nastanitev. KAKO DO IJS Mestni promet po Ljubljani je organiziran z avtobusi (Ljubljanski potni\u0161ki promet). Z avtobusom mestnega prometa (LPP) se lahko pripeljete do izbranega hotela ali do Instituta &#8220;Jo\u017eef Stefan&#8221;. Vo\u017enja se pla\u010duje s kartico Urbana, ki se lahko kupi v vseh trafikah in po\u0161tah. Kupite lahko tudi turisti\u010dno kartico, ki vam prina\u0161a \u0161tevilne ugodnosti. S kartico ste upravi\u010deni do brezpla\u010dnih vo\u017eenj na avtobusih mestnega prometa, brezpla\u010dne vstopnice za ogled muzejev in galerij, itd. Pred glavno \u017eelezni\u0161ko postajo je avtobusno postajali\u0161\u010de. Vstopite na avtobus \u0161t. 9 (smer Trnovo). Na drugem postajali\u0161\u010du izstopite in vstopite na avtobus \u0161t. 1 (smer Mestni Log) ali \u0161t. 6 (smer Dolgi Most). Avtobus \u0161t. 1 se ustavi diretno pred vhodom v Institut &#8220;Jo\u017eef Stefan&#8221; (postajali\u0161\u010de Jadranska). \u0160t. 6 se ustavi na Tr\u017ea\u0161ki cesti, ki je 5 minut hoje oddaljena od IJS. Kliknite za pove\u010davo.<\/p>\n","protected":false},"author":1,"featured_media":0,"parent":0,"menu_order":0,"comment_status":"closed","ping_status":"closed","template":"","meta":{"footnotes":""},"class_list":["post-87","page","type-page","status-publish","hentry"],"_links":{"self":[{"href":"https:\/\/is.ijs.si\/index.php?rest_route=\/wp\/v2\/pages\/87","targetHints":{"allow":["GET"]}}],"collection":[{"href":"https:\/\/is.ijs.si\/index.php?rest_route=\/wp\/v2\/pages"}],"about":[{"href":"https:\/\/is.ijs.si\/index.php?rest_route=\/wp\/v2\/types\/page"}],"author":[{"embeddable":true,"href":"https:\/\/is.ijs.si\/index.php?rest_route=\/wp\/v2\/users\/1"}],"replies":[{"embeddable":true,"href":"https:\/\/is.ijs.si\/index.php?rest_route=%2Fwp%2Fv2%2Fcomments&post=87"}],"version-history":[{"count":43,"href":"https:\/\/is.ijs.si\/index.php?rest_route=\/wp\/v2\/pages\/87\/revisions"}],"predecessor-version":[{"id":16239,"href":"https:\/\/is.ijs.si\/index.php?rest_route=\/wp\/v2\/pages\/87\/revisions\/16239"}],"wp:attachment":[{"href":"https:\/\/is.ijs.si\/index.php?rest_route=%2Fwp%2Fv2%2Fmedia&parent=87"}],"curies":[{"name":"wp","href":"https:\/\/api.w.org\/{rel}","templated":true}]}}