{"id":73,"date":"2018-07-02T09:43:33","date_gmt":"2018-07-02T09:43:33","guid":{"rendered":"http:\/\/localhost\/?page_id=73"},"modified":"2018-12-11T07:52:47","modified_gmt":"2018-12-11T06:52:47","slug":"sponsors","status":"publish","type":"page","link":"https:\/\/is.ijs.si\/?page_id=73","title":{"rendered":"SPONSORS"},"content":{"rendered":"<p>&nbsp;<\/p>\n<p>&nbsp;<\/p>\n<p>&nbsp;<\/p>\n    \t<script>\r\n\t\/*\r\n *  Initialize the slider\r\n *\/\r\n\r\n\t\tjQuery(document).ready(function($){ \r\n\t\t\tjQuery(\"#wpaft-logo-slider-default\").owlCarousel({\r\n\t\t\t\titems: \t\t\t\tNumber(wpaft.items),\r\n\t\t\t\tslideSpeed: \t\tNumber(wpaft.slide_speed),\r\n\t\t\t\tpaginationSpeed: \tNumber(wpaft.pagination_speed),\r\n\t\t\t\trewindSpeed: \t\tNumber(wpaft.rewind_speed),\r\n\t\t\t\tsingleItem: \t\tBoolean('1' == wpaft.single_item),\r\n\t\t\t\tautoPlay: \t\t\tBoolean('1' == wpaft.auto_play),\r\n\t\t\t\tstopOnHover: \t\tBoolean('1' == wpaft.stop_on_hover),\r\n\t\t\t\tnavigation: \t\tBoolean('1' == wpaft.navigation),\r\n\t\t\t\tpagination: \t\tBoolean('1' == wpaft.pagination),\r\n\t\t\t\tresponsive: \t\tBoolean('1' == wpaft.responsive)\r\n\t\t\t});\r\n\t\t});\r\n\t<\/script>\r\n\t<div id=\"wpaft-logo-slider-default\" class=\"owl-carousel\">\r\n\t\t\r\n\t<div class=\"logo-container\">\r\n\t\t\t<img loading=\"lazy\" decoding=\"async\" width=\"568\" height=\"124\" src=\"https:\/\/is.ijs.si\/wp-content\/uploads\/2023\/08\/ACCESSIBLE-EUEuropean-Commission_LOGO_Coloured-1.png\" class=\"attachment-full size-full wp-post-image\" alt=\"\" srcset=\"https:\/\/is.ijs.si\/wp-content\/uploads\/2023\/08\/ACCESSIBLE-EUEuropean-Commission_LOGO_Coloured-1.png 568w, https:\/\/is.ijs.si\/wp-content\/uploads\/2023\/08\/ACCESSIBLE-EUEuropean-Commission_LOGO_Coloured-1-300x65.png 300w\" sizes=\"auto, (max-width: 568px) 100vw, 568px\" \/>\t\t\t\t\t\r\n\t<\/div>\r\n\t\t\r\n\t<div class=\"logo-container\">\r\n\t\t <a target=\"_blank\" href=\"https:\/\/informatica.si\"><img loading=\"lazy\" decoding=\"async\" width=\"727\" height=\"1045\" src=\"https:\/\/is.ijs.si\/wp-content\/uploads\/2024\/04\/informatica-logo.png\" class=\"attachment-full size-full wp-post-image\" alt=\"\" srcset=\"https:\/\/is.ijs.si\/wp-content\/uploads\/2024\/04\/informatica-logo.png 727w, https:\/\/is.ijs.si\/wp-content\/uploads\/2024\/04\/informatica-logo-209x300.png 209w, https:\/\/is.ijs.si\/wp-content\/uploads\/2024\/04\/informatica-logo-712x1024.png 712w\" sizes=\"auto, (max-width: 727px) 100vw, 727px\" \/><\/a>\r\n    \t\t\t\t\r\n\t<\/div>\r\n\t\t\r\n\t<div class=\"logo-container\">\r\n\t\t <a target=\"_blank\" href=\"http:\/\/slais.ijs.si\/\"><img loading=\"lazy\" decoding=\"async\" width=\"173\" height=\"74\" src=\"https:\/\/is.ijs.si\/wp-content\/uploads\/2018\/08\/SLAIS_logo.gif\" class=\"attachment-full size-full wp-post-image\" alt=\"SLAIS_logo\" \/><\/a>\r\n    \t\t\t\t\r\n\t<\/div>\r\n\t\t\r\n\t<div class=\"logo-container\">\r\n\t\t <a target=\"_blank\" href=\"https:\/\/www.drustvo-informatika.si\/\"><img loading=\"lazy\" decoding=\"async\" width=\"210\" height=\"70\" src=\"https:\/\/is.ijs.si\/wp-content\/uploads\/2018\/08\/SDI_logo.png\" class=\"attachment-full size-full wp-post-image\" alt=\"SDI_logo\" \/><\/a>\r\n    \t\t\t\t\r\n\t<\/div>\r\n\t\t\r\n\t<div class=\"logo-container\">\r\n\t\t <a target=\"_blank\" href=\"http:\/\/dis-slovarcek.ijs.si\/\"><img loading=\"lazy\" decoding=\"async\" width=\"277\" height=\"114\" src=\"https:\/\/is.ijs.si\/wp-content\/uploads\/2018\/08\/RS_logo.png\" class=\"attachment-full size-full wp-post-image\" alt=\"RS_logo\" \/><\/a>\r\n    \t\t\t\t\r\n\t<\/div>\r\n\t\t\r\n\t<div class=\"logo-container\">\r\n\t\t <a target=\"_blank\" href=\"https:\/\/www.racunalniske-novice.com\/\"><img loading=\"lazy\" decoding=\"async\" width=\"1065\" height=\"446\" src=\"https:\/\/is.ijs.si\/wp-content\/uploads\/2018\/08\/RN_logo.jpg\" class=\"attachment-full size-full wp-post-image\" alt=\"RN_logo\" srcset=\"https:\/\/is.ijs.si\/wp-content\/uploads\/2018\/08\/RN_logo.jpg 1065w, https:\/\/is.ijs.si\/wp-content\/uploads\/2018\/08\/RN_logo-300x126.jpg 300w, https:\/\/is.ijs.si\/wp-content\/uploads\/2018\/08\/RN_logo-768x322.jpg 768w, https:\/\/is.ijs.si\/wp-content\/uploads\/2018\/08\/RN_logo-1024x429.jpg 1024w\" sizes=\"auto, (max-width: 1065px) 100vw, 1065px\" \/><\/a>\r\n    \t\t\t\t\r\n\t<\/div>\r\n\t\t\r\n\t<div class=\"logo-container\">\r\n\t\t <a target=\"_blank\" href=\"http:\/\/www.e5.ijs.si\/\"><img loading=\"lazy\" decoding=\"async\" width=\"725\" height=\"406\" src=\"https:\/\/is.ijs.si\/wp-content\/uploads\/2018\/08\/Odsek_logo.jpg\" class=\"attachment-full size-full wp-post-image\" alt=\"Odsek_logo\" srcset=\"https:\/\/is.ijs.si\/wp-content\/uploads\/2018\/08\/Odsek_logo.jpg 725w, https:\/\/is.ijs.si\/wp-content\/uploads\/2018\/08\/Odsek_logo-300x168.jpg 300w\" sizes=\"auto, (max-width: 725px) 100vw, 725px\" \/><\/a>\r\n    \t\t\t\t\r\n\t<\/div>\r\n\t\t\r\n\t<div class=\"logo-container\">\r\n\t\t <a target=\"_blank\" href=\"http:\/\/www.lotric.si\/si\/\"><img loading=\"lazy\" decoding=\"async\" width=\"179\" height=\"64\" src=\"https:\/\/is.ijs.si\/wp-content\/uploads\/2018\/08\/Lotric_logo.gif\" class=\"attachment-full size-full wp-post-image\" alt=\"Lotric_logo\" \/><\/a>\r\n    \t\t\t\t\r\n\t<\/div>\r\n\t\t\r\n\t<div class=\"logo-container\">\r\n\t\t <a target=\"_blank\" href=\"http:\/\/www.kognitivna.si\/\"><img loading=\"lazy\" decoding=\"async\" width=\"200\" height=\"148\" src=\"https:\/\/is.ijs.si\/wp-content\/uploads\/2018\/08\/Kognitivne_logo.png\" class=\"attachment-full size-full wp-post-image\" alt=\"Kognitivne_logo\" \/><\/a>\r\n    \t\t\t\t\r\n\t<\/div>\r\n\t\t\r\n\t<div class=\"logo-container\">\r\n\t\t <a target=\"_blank\" href=\"http:\/\/www.isoc.si\/\"><img loading=\"lazy\" decoding=\"async\" width=\"197\" height=\"82\" src=\"https:\/\/is.ijs.si\/wp-content\/uploads\/2018\/08\/ISOC_logo.png\" class=\"attachment-full size-full wp-post-image\" alt=\"ISOC_logo\" \/><\/a>\r\n    \t\t\t\t\r\n\t<\/div>\r\n\t\t\r\n\t<div class=\"logo-container\">\r\n\t\t <a target=\"_blank\" href=\"http:\/\/www.informatica.si\/index.php\/informatica\"><img loading=\"lazy\" decoding=\"async\" width=\"217\" height=\"314\" src=\"https:\/\/is.ijs.si\/wp-content\/uploads\/2018\/08\/Informatica_logo.jpg\" class=\"attachment-full size-full wp-post-image\" alt=\"Informatica_logo\" srcset=\"https:\/\/is.ijs.si\/wp-content\/uploads\/2018\/08\/Informatica_logo.jpg 217w, https:\/\/is.ijs.si\/wp-content\/uploads\/2018\/08\/Informatica_logo-207x300.jpg 207w\" sizes=\"auto, (max-width: 217px) 100vw, 217px\" \/><\/a>\r\n    \t\t\t\t\r\n\t<\/div>\r\n\t\t\r\n\t<div class=\"logo-container\">\r\n\t\t <a target=\"_blank\" href=\"https:\/\/www.ijs.si\/ijsw\"><img loading=\"lazy\" decoding=\"async\" width=\"380\" height=\"456\" src=\"https:\/\/is.ijs.si\/wp-content\/uploads\/2018\/08\/IJS_logo.png\" class=\"attachment-full size-full wp-post-image\" alt=\"IJS_logo\" srcset=\"https:\/\/is.ijs.si\/wp-content\/uploads\/2018\/08\/IJS_logo.png 380w, https:\/\/is.ijs.si\/wp-content\/uploads\/2018\/08\/IJS_logo-250x300.png 250w\" sizes=\"auto, (max-width: 380px) 100vw, 380px\" \/><\/a>\r\n    \t\t\t\t\r\n\t<\/div>\r\n\t\t\r\n\t<div class=\"logo-container\">\r\n\t\t <a target=\"_blank\" href=\"http:\/\/www.ifip.org\/\"><img loading=\"lazy\" decoding=\"async\" width=\"200\" height=\"87\" src=\"https:\/\/is.ijs.si\/wp-content\/uploads\/2018\/08\/IFIP_logo.png\" class=\"attachment-full size-full wp-post-image\" alt=\"IFIP_logo\" \/><\/a>\r\n    \t\t\t\t\r\n\t<\/div>\r\n\t\t\r\n\t<div class=\"logo-container\">\r\n\t\t <a target=\"_blank\" href=\"http:\/\/ias.si\/Inzenirska-Akademija-Slovenije\/\"><img loading=\"lazy\" decoding=\"async\" width=\"99\" height=\"98\" src=\"https:\/\/is.ijs.si\/wp-content\/uploads\/2018\/08\/IAS_logo.jpg\" class=\"attachment-full size-full wp-post-image\" alt=\"IAS_logo\" \/><\/a>\r\n    \t\t\t\t\r\n\t<\/div>\r\n\t\t\r\n\t<div class=\"logo-container\">\r\n\t\t <a target=\"_blank\" href=\"https:\/\/www.gorenje.si\/\"><img loading=\"lazy\" decoding=\"async\" width=\"1716\" height=\"483\" src=\"https:\/\/is.ijs.si\/wp-content\/uploads\/2018\/08\/Gorenje_logo.jpg\" class=\"attachment-full size-full wp-post-image\" alt=\"Gorenje_logo\" srcset=\"https:\/\/is.ijs.si\/wp-content\/uploads\/2018\/08\/Gorenje_logo.jpg 1716w, https:\/\/is.ijs.si\/wp-content\/uploads\/2018\/08\/Gorenje_logo-300x84.jpg 300w, https:\/\/is.ijs.si\/wp-content\/uploads\/2018\/08\/Gorenje_logo-768x216.jpg 768w, https:\/\/is.ijs.si\/wp-content\/uploads\/2018\/08\/Gorenje_logo-1024x288.jpg 1024w\" sizes=\"auto, (max-width: 1716px) 100vw, 1716px\" \/><\/a>\r\n    \t\t\t\t\r\n\t<\/div>\r\n\t\t\r\n\t<div class=\"logo-container\">\r\n\t\t <a target=\"_blank\" href=\"https:\/\/fri.uni-lj.si\/sl\"><img loading=\"lazy\" decoding=\"async\" width=\"98\" height=\"85\" src=\"https:\/\/is.ijs.si\/wp-content\/uploads\/2018\/08\/FRI_logo.png\" class=\"attachment-full size-full wp-post-image\" alt=\"FRI_logo\" \/><\/a>\r\n    \t\t\t\t\r\n\t<\/div>\r\n\t\t\r\n\t<div class=\"logo-container\">\r\n\t\t <a target=\"_blank\" href=\"https:\/\/dis.ijs.si\/\"><img loading=\"lazy\" decoding=\"async\" width=\"3508\" height=\"2480\" src=\"https:\/\/is.ijs.si\/wp-content\/uploads\/2018\/08\/DIS_logo.png\" class=\"attachment-full size-full wp-post-image\" alt=\"DIS_logo\" srcset=\"https:\/\/is.ijs.si\/wp-content\/uploads\/2018\/08\/DIS_logo.png 3508w, https:\/\/is.ijs.si\/wp-content\/uploads\/2018\/08\/DIS_logo-300x212.png 300w, https:\/\/is.ijs.si\/wp-content\/uploads\/2018\/08\/DIS_logo-768x543.png 768w, https:\/\/is.ijs.si\/wp-content\/uploads\/2018\/08\/DIS_logo-1024x724.png 1024w\" sizes=\"auto, (max-width: 3508px) 100vw, 3508px\" \/><\/a>\r\n    \t\t\t\t\r\n\t<\/div>\r\n\t\t\r\n\t<div class=\"logo-container\">\r\n\t\t <a target=\"_blank\" href=\"https:\/\/www.arrs.gov.si\/sl\/\"><img loading=\"lazy\" decoding=\"async\" width=\"150\" height=\"100\" src=\"https:\/\/is.ijs.si\/wp-content\/uploads\/2018\/08\/ARRS_logo.gif\" class=\"attachment-full size-full wp-post-image\" alt=\"ARRS_logo\" \/><\/a>\r\n    \t\t\t\t\r\n\t<\/div>\r\n\t\t\r\n\t<div class=\"logo-container\">\r\n\t\t <a target=\"_blank\" href=\"https:\/\/www.acm.org\/\"><img loading=\"lazy\" decoding=\"async\" width=\"129\" height=\"129\" src=\"https:\/\/is.ijs.si\/wp-content\/uploads\/2018\/08\/ACM_logo.png\" class=\"attachment-full size-full wp-post-image\" alt=\"ACM_logo\" \/><\/a>\r\n    \t\t\t\t\r\n\t<\/div>\r\n\t\t  <\/div>\r\n\t\n<p><!--\n\n<ul style=\"list-style: none\">\n\n\n<li><a href=\"https:\/\/dis.ijs.si\/\"><img loading=\"lazy\" decoding=\"async\" src=\"https:\/\/e9-owncloud.ijs.si\/isnew\/wp-content\/uploads\/2018\/08\/DIS_logo-700x500.png\" width=\"100\" height=\"100\" alt=\"DIS\" class=\"alignnone size-medium\" \/><\/a><\/li>\n\n\n\n\n<li><a href=\"https:\/\/www.arrs.gov.si\/sl\/\"><img loading=\"lazy\" decoding=\"async\" src=\"https:\/\/e9-owncloud.ijs.si\/isnew\/wp-content\/uploads\/2018\/08\/ARRS_logo.gif\" width=\"100\" height=\"100\" alt=\"Slovenian Research Agency\" class=\"alignnone size-medium\" \/><\/a><\/li>\n\n\n\n\n<li><a href=\"https:\/\/www.acm.org\/\"><img loading=\"lazy\" decoding=\"async\" src=\"https:\/\/e9-owncloud.ijs.si\/isnew\/wp-content\/uploads\/2018\/08\/ACM_logo.png\" width=\"100\" height=\"100\" alt=\"ACM\" class=\"alignnone size-medium\" \/><\/a><\/li>\n\n\n\n\n<li><a href=\"http:\/\/slais.ijs.si\/\"><img loading=\"lazy\" decoding=\"async\" src=\"https:\/\/e9-owncloud.ijs.si\/isnew\/wp-content\/uploads\/2018\/08\/SLAIS_logo.gif\" width=\"100\" height=\"100\" alt=\"SLAIS\" class=\"alignnone size-medium\" \/><\/a><\/li>\n\n\n\n\n<li><a href=\"https:\/\/www.drustvo-informatika.si\/\"><img loading=\"lazy\" decoding=\"async\" src=\"https:\/\/e9-owncloud.ijs.si\/isnew\/wp-content\/uploads\/2018\/08\/SDI_logo.png\" width=\"100\" height=\"100\" alt=\"Slovensko dru\u0161tvo informatika\" class=\"alignnone size-medium\" \/><\/a><\/li>\n\n\n\n\n<li><a href=\"http:\/\/dis-slovarcek.ijs.si\/\"><img loading=\"lazy\" decoding=\"async\" src=\"https:\/\/e9-owncloud.ijs.si\/isnew\/wp-content\/uploads\/2018\/08\/RS_logo.png\" width=\"100\" height=\"100\" alt=\"Ra\u010dunalni\u0161ki slovar\u010dek\" class=\"alignnone size-medium\" \/><\/a><\/li>\n\n\n\n\n<li><a href=\"https:\/\/www.racunalniske-novice.com\/\"><img loading=\"lazy\" decoding=\"async\" src=\"https:\/\/e9-owncloud.ijs.si\/isnew\/wp-content\/uploads\/2018\/08\/RN_logo-700x446.jpg\" width=\"100\" height=\"100\" alt=\"Ra\u010dunalni\u0161ke novice\" class=\"alignnone size-medium\" \/><\/a><\/li>\n\n\n\n\n<li><a href=\"http:\/\/www.e5.ijs.si\/\"><img loading=\"lazy\" decoding=\"async\" src=\"https:\/\/e9-owncloud.ijs.si\/isnew\/wp-content\/uploads\/2018\/08\/Odsek_logo-700x406.jpg\" width=\"100\" height=\"100\" alt=\"Odsek e5\" class=\"alignnone size-medium\" \/><\/a><\/li>\n\n\n\n\n<li><a href=\"http:\/\/www.kognitivna.si\/\"><img loading=\"lazy\" decoding=\"async\" src=\"https:\/\/e9-owncloud.ijs.si\/isnew\/wp-content\/uploads\/2018\/08\/Kognitivne_logo.png\" width=\"100\" height=\"100\" alt=\"Slovensko dru\u0161tvo za kognitivno znanost\" class=\"alignnone size-medium\" \/><\/a><\/li>\n\n\n\n\n<li><a href=\"http:\/\/www.informatica.si\/index.php\/informatica\"><img loading=\"lazy\" decoding=\"async\" src=\"https:\/\/e9-owncloud.ijs.si\/isnew\/wp-content\/uploads\/2018\/08\/Informatica_logo.jpg\" width=\"100\" height=\"100\" alt=\"Informatica\" class=\"alignnone size-medium\" \/><\/a><\/li>\n\n\n\n\n<li><a href=\"https:\/\/www.ijs.si\/ijsw\"><img loading=\"lazy\" decoding=\"async\" src=\"https:\/\/e9-owncloud.ijs.si\/isnew\/wp-content\/uploads\/2018\/08\/IJS_logo.png\" width=\"100\" height=\"100\" alt=\"Jozef Stefan Institut\" class=\"alignnone size-medium\" \/><\/a><\/li>\n\n\n\n\n<li><a href=\"http:\/\/www.ifip.org\/\"><img loading=\"lazy\" decoding=\"async\" src=\"https:\/\/e9-owncloud.ijs.si\/isnew\/wp-content\/uploads\/2018\/08\/IFIP_logo.png\" width=\"100\" height=\"100\" alt=\"Ifip\" class=\"alignnone size-medium\" \/><\/a><\/li>\n\n\n\n\n<li><a href=\"http:\/\/ias.si\/Inzenirska-Akademija-Slovenije\/\"><img loading=\"lazy\" decoding=\"async\" src=\"https:\/\/e9-owncloud.ijs.si\/isnew\/wp-content\/uploads\/2018\/08\/IAS_logo.jpg\" width=\"100\" height=\"100\" alt=\"IAS\" class=\"alignnone size-medium\" \/><\/a><\/li>\n\n\n\n\n<li><a href=\"https:\/\/www.gorenje.si\/\"><img loading=\"lazy\" decoding=\"async\" src=\"https:\/\/e9-owncloud.ijs.si\/isnew\/wp-content\/uploads\/2018\/08\/Gorenje_logo-700x483.jpg\" width=\"100\" height=\"100\" alt=\"Gorenje\" class=\"alignnone size-medium\" \/><\/a><\/li>\n\n\n\n\n<li><a href=\"https:\/\/fri.uni-lj.si\/sl\"><img loading=\"lazy\" decoding=\"async\" src=\"https:\/\/e9-owncloud.ijs.si\/isnew\/wp-content\/uploads\/2018\/08\/FRI_logo.png\" width=\"100\" height=\"100\" alt=\"FRI\" class=\"alignnone size-medium\" \/><\/a><\/li>\n\n\n<\/ul>\n\n--><\/p>\n","protected":false},"excerpt":{"rendered":"<p>&nbsp; &nbsp; &nbsp;<\/p>\n","protected":false},"author":1,"featured_media":0,"parent":0,"menu_order":0,"comment_status":"closed","ping_status":"closed","template":"","meta":{"footnotes":""},"class_list":["post-73","page","type-page","status-publish","hentry"],"_links":{"self":[{"href":"https:\/\/is.ijs.si\/index.php?rest_route=\/wp\/v2\/pages\/73","targetHints":{"allow":["GET"]}}],"collection":[{"href":"https:\/\/is.ijs.si\/index.php?rest_route=\/wp\/v2\/pages"}],"about":[{"href":"https:\/\/is.ijs.si\/index.php?rest_route=\/wp\/v2\/types\/page"}],"author":[{"embeddable":true,"href":"https:\/\/is.ijs.si\/index.php?rest_route=\/wp\/v2\/users\/1"}],"replies":[{"embeddable":true,"href":"https:\/\/is.ijs.si\/index.php?rest_route=%2Fwp%2Fv2%2Fcomments&post=73"}],"version-history":[{"count":11,"href":"https:\/\/is.ijs.si\/index.php?rest_route=\/wp\/v2\/pages\/73\/revisions"}],"predecessor-version":[{"id":12157,"href":"https:\/\/is.ijs.si\/index.php?rest_route=\/wp\/v2\/pages\/73\/revisions\/12157"}],"wp:attachment":[{"href":"https:\/\/is.ijs.si\/index.php?rest_route=%2Fwp%2Fv2%2Fmedia&parent=73"}],"curies":[{"name":"wp","href":"https:\/\/api.w.org\/{rel}","templated":true}]}}