{"id":61,"date":"2018-07-02T09:35:25","date_gmt":"2018-07-02T09:35:25","guid":{"rendered":"http:\/\/localhost\/?page_id=61"},"modified":"2025-09-22T10:13:16","modified_gmt":"2025-09-22T08:13:16","slug":"programski-odbor","status":"publish","type":"page","link":"https:\/\/is.ijs.si\/?page_id=61","title":{"rendered":"PROGRAMSKI ODBOR"},"content":{"rendered":"<table>\n<thead>\n<tr>\n<th colspan=\"2\">\n<p class=\"naslovi_strani\" style=\"text-align: left;\"><strong>MEDNARODNI PROGRAMSKI ODBOR<\/strong><\/p>\n<\/th>\n<th colspan=\"2\">\n<p class=\"naslovi_strani\" style=\"text-align: left;\"><strong>PROGRAMSKI ODBOR<\/strong><\/p>\n<\/th>\n<\/tr>\n<\/thead>\n<tbody>\n<tr>\n<td colspan=\"2\" valign=\"top\">\n<ul style=\"list-style-type: circle; line-height: 20px;\">\n<li>Vladimir Bajic, Ju\u017ena Afrika<\/li>\n<li>Heiner Benking, Nem\u010dija<\/li>\n<li>Se Woo Cheon, Ju\u017ena Koreja<\/li>\n<li>Howie Firth, \u0160kotska<\/li>\n<li>Olga Fomichova, Rusija<\/li>\n<li>Vladimir Fomichov, Rusija<\/li>\n<li>Vesna Hljuz Dobric, Hrva\u0161ka<\/li>\n<li>Alfred Inselberg, Izrael<\/li>\n<li>Jay Liebowitz, ZDA<\/li>\n<li>Huan Liu, Singapur<\/li>\n<li>Henz Martin, Nem\u010dija<\/li>\n<li>Marcin Paprzycki, ZDA<\/li>\n<li>Claude Sammut, Avstralija<\/li>\n<li>Jiri Wiedermann, \u010ce\u0161ka<\/li>\n<li>Xindong Wu, ZDA<\/li>\n<li>Yiming Ye, ZDA<\/li>\n<li>Ning Zhong, ZDA<\/li>\n<li>Wray Buntine, Avstralija<\/li>\n<li>Bezalel Gavish, ZDA<\/li>\n<li>Gal A. Kaminka, Izrael<\/li>\n<li>Mike Bain, Avstralija<\/li>\n<li>Michela Milano, Italija<\/li>\n<li>Derong Liu, Chicago, ZDA<\/li>\n<li>Toby Walsh, Avstralija<\/li>\n<li>Sergio Campos-Cordobes, \u0160panija<\/li>\n<li>Shabnam Farahmand, Finska<\/li>\n<li>Sergio Crovella, Italija<\/li>\n<\/ul>\n<\/td>\n<td colspan=\"2\" valign=\"top\">\n<ul style=\"list-style-type: circle; line-height: 20px;\">\n<li>Mojca Ciglari\u010d, predsednica<\/li>\n<li>Bojan Orel,<\/li>\n<li>Franc Solina,<\/li>\n<li>Viljan Mahni\u010d,<\/li>\n<li>Cene Bavec,<\/li>\n<li>Toma\u017e Kalin,<\/li>\n<li>Jozsef Gy\u00f6rk\u00f6s,<\/li>\n<li>Tadej Bajd<\/li>\n<li>Mojca Bernik<\/li>\n<li>Marko Bohanec<\/li>\n<li>Ivan Bratko<\/li>\n<li>Andrej Brodnik<\/li>\n<li>Du\u0161an Caf<\/li>\n<li>Sa\u0161a Divjak<\/li>\n<li>Toma\u017e Erjavec<\/li>\n<li>Bogdan Filipi\u010d<\/li>\n<li>Andrej Gams<\/li>\n<li>Matja\u017e Gams<\/li>\n<li>Mitja Lu\u0161trek<\/li>\n<li>Marko Grobelnik<\/li>\n<li>Nikola Guid<\/li>\n<li>Marjan Heri\u010dko<\/li>\n<li>Borka Jerman Bla\u017ei\u010d D\u017eonova<\/li>\n<li>Gorazd Kandus<\/li>\n<li>Urban Korde\u0161<\/li>\n<li>Marjan Krisper<\/li>\n<li>Andrej Ku\u0161\u010der<\/li>\n<li>Jadran Lenar\u010di\u010d<\/li>\n<li>Borut Likar<\/li>\n<li>Janez Mala\u010di\u010d<\/li>\n<li>Olga Marki\u010d<\/li>\n<li>Dunja Mladeni\u010d<\/li>\n<li>Franc Novak<\/li>\n<li>Vladislav Rajkovi\u010d<\/li>\n<li>Grega Repov\u0161<\/li>\n<li>Ivan Rozman<\/li>\n<li>Niko Schlamberger<\/li>\n<li>Ga\u0161per Slapni\u010dar<\/li>\n<li>Stanko Strm\u010dnik<\/li>\n<li>Jurij \u0160ilc<\/li>\n<li>Jurij Tasi\u010d<\/li>\n<li>Denis Tr\u010dek<\/li>\n<li>Andrej Ule<\/li>\n<li>Bo\u0161tjan Vilfan<\/li>\n<li>Baldomir Zajc<\/li>\n<li>Bla\u017e Zupan<\/li>\n<li>Boris \u017demva<\/li>\n<li>Leon \u017dlajpah<\/li>\n<li>Niko Zimic<\/li>\n<li>Rok Piltaver<\/li>\n<li>Toma Strle<\/li>\n<li>Tine Kolenik<\/li>\n<li>Franci Pivec<\/li>\n<li>Uro\u0161 Rajkovi\u010d<\/li>\n<li>Borut Batagelj<\/li>\n<li>Toma\u017e Ogrin<\/li>\n<li>Ale\u0161 Ude<\/li>\n<li>Bojan Bla\u017eica<\/li>\n<li>Matja\u017e Kljun<\/li>\n<li>Robert Blatnik<\/li>\n<li>Erik Dovgan<\/li>\n<li>Anton Gradi\u0161ek<\/li>\n<li>Lidija Zadnik Stirn<\/li>\n<li>Marjan Mernik<\/li>\n<li>Toma\u017e Pisanski<\/li>\n<li>Janez Grad<\/li>\n<li>Du\u0161an Kodek<\/li>\n<li>Vladimir Batagelj<\/li>\n<li>\u0160pela Stres<\/li>\n<li>Anton P. \u017deleznikar<\/li>\n<\/ul>\n<\/td>\n<\/tr>\n<\/tbody>\n<\/table>\n","protected":false},"excerpt":{"rendered":"<p>MEDNARODNI PROGRAMSKI ODBOR PROGRAMSKI ODBOR Vladimir Bajic, Ju\u017ena Afrika Heiner Benking, Nem\u010dija Se Woo Cheon, Ju\u017ena Koreja Howie Firth, \u0160kotska Olga Fomichova, Rusija Vladimir Fomichov, Rusija Vesna Hljuz Dobric, Hrva\u0161ka Alfred Inselberg, Izrael Jay Liebowitz, ZDA Huan Liu, Singapur Henz Martin, Nem\u010dija Marcin Paprzycki, ZDA Claude Sammut, Avstralija Jiri Wiedermann, \u010ce\u0161ka Xindong Wu, ZDA Yiming Ye, ZDA Ning Zhong, ZDA Wray Buntine, Avstralija Bezalel Gavish, ZDA Gal A. Kaminka, Izrael Mike Bain, Avstralija Michela Milano, Italija Derong Liu, Chicago, ZDA Toby Walsh, Avstralija Sergio Campos-Cordobes, \u0160panija Shabnam Farahmand, Finska Sergio Crovella, Italija Mojca Ciglari\u010d, predsednica Bojan Orel, Franc Solina, Viljan Mahni\u010d, Cene Bavec, Toma\u017e Kalin, Jozsef Gy\u00f6rk\u00f6s, Tadej Bajd Mojca Bernik Marko Bohanec Ivan Bratko Andrej Brodnik Du\u0161an Caf Sa\u0161a Divjak Toma\u017e Erjavec Bogdan Filipi\u010d Andrej Gams Matja\u017e Gams Mitja Lu\u0161trek Marko Grobelnik Nikola Guid Marjan Heri\u010dko Borka Jerman Bla\u017ei\u010d D\u017eonova Gorazd Kandus Urban Korde\u0161 Marjan Krisper Andrej Ku\u0161\u010der Jadran Lenar\u010di\u010d Borut Likar Janez Mala\u010di\u010d Olga Marki\u010d Dunja Mladeni\u010d Franc Novak Vladislav Rajkovi\u010d Grega Repov\u0161 Ivan Rozman Niko Schlamberger Ga\u0161per Slapni\u010dar Stanko Strm\u010dnik Jurij \u0160ilc Jurij Tasi\u010d Denis Tr\u010dek Andrej Ule Bo\u0161tjan Vilfan Baldomir Zajc Bla\u017e Zupan Boris \u017demva Leon \u017dlajpah Niko Zimic Rok Piltaver Toma Strle Tine Kolenik Franci Pivec Uro\u0161 Rajkovi\u010d Borut Batagelj Toma\u017e Ogrin Ale\u0161 Ude Bojan Bla\u017eica Matja\u017e Kljun Robert Blatnik Erik Dovgan Anton Gradi\u0161ek Lidija Zadnik Stirn Marjan Mernik Toma\u017e Pisanski Janez Grad Du\u0161an Kodek Vladimir Batagelj \u0160pela Stres Anton P. \u017deleznikar<\/p>\n","protected":false},"author":1,"featured_media":0,"parent":0,"menu_order":0,"comment_status":"closed","ping_status":"closed","template":"","meta":{"footnotes":""},"class_list":["post-61","page","type-page","status-publish","hentry"],"_links":{"self":[{"href":"https:\/\/is.ijs.si\/index.php?rest_route=\/wp\/v2\/pages\/61","targetHints":{"allow":["GET"]}}],"collection":[{"href":"https:\/\/is.ijs.si\/index.php?rest_route=\/wp\/v2\/pages"}],"about":[{"href":"https:\/\/is.ijs.si\/index.php?rest_route=\/wp\/v2\/types\/page"}],"author":[{"embeddable":true,"href":"https:\/\/is.ijs.si\/index.php?rest_route=\/wp\/v2\/users\/1"}],"replies":[{"embeddable":true,"href":"https:\/\/is.ijs.si\/index.php?rest_route=%2Fwp%2Fv2%2Fcomments&post=61"}],"version-history":[{"count":45,"href":"https:\/\/is.ijs.si\/index.php?rest_route=\/wp\/v2\/pages\/61\/revisions"}],"predecessor-version":[{"id":25101,"href":"https:\/\/is.ijs.si\/index.php?rest_route=\/wp\/v2\/pages\/61\/revisions\/25101"}],"wp:attachment":[{"href":"https:\/\/is.ijs.si\/index.php?rest_route=%2Fwp%2Fv2%2Fmedia&parent=61"}],"curies":[{"name":"wp","href":"https:\/\/api.w.org\/{rel}","templated":true}]}}