{"id":4449,"date":"2018-09-03T13:23:17","date_gmt":"2018-09-03T11:23:17","guid":{"rendered":"http:\/\/localhost\/?page_id=4449"},"modified":"2019-06-10T07:21:38","modified_gmt":"2019-06-10T05:21:38","slug":"fotogalerija-is2017","status":"publish","type":"page","link":"https:\/\/is.ijs.si\/?page_id=4449","title":{"rendered":"FOTOGALERIJA IS2017"},"content":{"rendered":"<p class=\"podnaslovi3\">KONFERENCE<\/p>\n<ul style=\"list-style-type: circle;\">\n<li><a class=\"barva_linka\" href=\"https:\/\/is.ijs.si\/?page_id=10854\">SLOVENSKA KONFERENCA O UMETNI INTELIGENCI<\/a><\/li>\n<li><a class=\"barva_linka\" href=\"https:\/\/is.ijs.si\/?page_id=10848\">KOGNITONIKA<\/a><\/li>\n<li><a class=\"barva_linka\" href=\"https:\/\/is.ijs.si\/?page_id=10849\">ODKRIVANJE ZNANJA IN PODATKOVNA SKLADI\u0160\u010cA<\/a><\/li>\n<li><a class=\"barva_linka\" href=\"https:\/\/is.ijs.si\/?page_id=10850\">VZGOJA IN IZOBRA\u017dEVANJE V INFORMACIJSKI DRU\u017dBI<\/a><\/li>\n<li><a class=\"barva_linka\" href=\"https:\/\/is.ijs.si\/?page_id=10851\">SOO\u010cANJE Z DEMOGRAFSKIMI IZZIVI<\/a><\/li>\n<li><a class=\"barva_linka\" href=\"https:\/\/is.ijs.si\/?page_id=10852\">MEDNARODNA KONFERENCA O PRENOSU TEHNOLOGIJ<\/a><\/li>\n<li><a class=\"barva_linka\" href=\"https:\/\/is.ijs.si\/?page_id=10853\">ROBOTIKA<\/a><\/li>\n<li><a class=\"barva_linka\" href=\"https:\/\/is.ijs.si\/?page_id=10854\">SLAIS<\/a><\/li>\n<li><a class=\"barva_linka\" href=\"https:\/\/is.ijs.si\/?page_id=10855\">SPOS<\/a><\/li>\n<li><a class=\"barva_linka\" href=\"https:\/\/is.ijs.si\/?page_id=10856\">DELAVNICA AS-IT-IC<\/a><\/li>\n<li><a class=\"barva_linka\" href=\"https:\/\/is.ijs.si\/?page_id=10857\">DELAVNICA ZA ELEKTRONSKO IN MOBILNO ZDRAVJE TER PAMETNA MESTA<\/a><\/li>\n<\/ul>\n<ul>\n<li><a class=\"barva_linka\" href=\"https:\/\/is.ijs.si\/?page_id=10858\">SVE\u010cANA PRIREDITEV KONFERENCE<\/a><\/li>\n<\/ul>\n","protected":false},"excerpt":{"rendered":"<p>KONFERENCE SLOVENSKA KONFERENCA O UMETNI INTELIGENCI KOGNITONIKA ODKRIVANJE ZNANJA IN PODATKOVNA SKLADI\u0160\u010cA VZGOJA IN IZOBRA\u017dEVANJE V INFORMACIJSKI DRU\u017dBI SOO\u010cANJE Z DEMOGRAFSKIMI IZZIVI MEDNARODNA KONFERENCA O PRENOSU TEHNOLOGIJ ROBOTIKA SLAIS SPOS DELAVNICA AS-IT-IC DELAVNICA ZA ELEKTRONSKO IN MOBILNO ZDRAVJE TER PAMETNA MESTA SVE\u010cANA PRIREDITEV KONFERENCE<\/p>\n","protected":false},"author":1,"featured_media":0,"parent":0,"menu_order":0,"comment_status":"closed","ping_status":"closed","template":"","meta":{"footnotes":""},"class_list":["post-4449","page","type-page","status-publish","hentry"],"_links":{"self":[{"href":"https:\/\/is.ijs.si\/index.php?rest_route=\/wp\/v2\/pages\/4449","targetHints":{"allow":["GET"]}}],"collection":[{"href":"https:\/\/is.ijs.si\/index.php?rest_route=\/wp\/v2\/pages"}],"about":[{"href":"https:\/\/is.ijs.si\/index.php?rest_route=\/wp\/v2\/types\/page"}],"author":[{"embeddable":true,"href":"https:\/\/is.ijs.si\/index.php?rest_route=\/wp\/v2\/users\/1"}],"replies":[{"embeddable":true,"href":"https:\/\/is.ijs.si\/index.php?rest_route=%2Fwp%2Fv2%2Fcomments&post=4449"}],"version-history":[{"count":12,"href":"https:\/\/is.ijs.si\/index.php?rest_route=\/wp\/v2\/pages\/4449\/revisions"}],"predecessor-version":[{"id":13239,"href":"https:\/\/is.ijs.si\/index.php?rest_route=\/wp\/v2\/pages\/4449\/revisions\/13239"}],"wp:attachment":[{"href":"https:\/\/is.ijs.si\/index.php?rest_route=%2Fwp%2Fv2%2Fmedia&parent=4449"}],"curies":[{"name":"wp","href":"https:\/\/api.w.org\/{rel}","templated":true}]}}