{"id":4448,"date":"2018-09-03T13:23:13","date_gmt":"2018-09-03T11:23:13","guid":{"rendered":"http:\/\/localhost\/?page_id=4448"},"modified":"2019-03-19T13:44:08","modified_gmt":"2019-03-19T12:44:08","slug":"fotogalerija-is2016","status":"publish","type":"page","link":"https:\/\/is.ijs.si\/?page_id=4448","title":{"rendered":"FOTOGALERIJA IS2016"},"content":{"rendered":"<p class=\"podnaslovi3\">KONFERENCE<\/p>\n<ul style=\"list-style-type: circle;\">\n<li><a class=\"barva_linka\" href=\"https:\/\/is.ijs.si\/?page_id=10822\">25-letnica prve internetne povezave v Sloveniji<\/a><\/li>\n<li><a class=\"barva_linka\" href=\"https:\/\/is.ijs.si\/?page_id=10823\">KOGNITIVNA ZNANOST<\/a><\/li>\n<li><a class=\"barva_linka\" href=\"https:\/\/is.ijs.si\/?page_id=10824\">SODELOVANJE, PROGRAMSKA OPREMA IN STORITVE V INF. DRU\u017dBI<\/a><\/li>\n<li><a class=\"barva_linka\" href=\"https:\/\/is.ijs.si\/?page_id=10825\">Ra\u010dunalni\u0161tvo in informatika: V\u010deraj za jutri<\/a><\/li>\n<li><a class=\"barva_linka\" href=\"https:\/\/is.ijs.si\/?page_id=10826\">IZKOPAVANJE ZNANJA IN PODATKOVNA SKLADI\u0160\u010cA<\/a><\/li>\n<li><a class=\"barva_linka\" href=\"https:\/\/is.ijs.si\/?page_id=10827\">INTERAKCIJA \u010cLOVEK-RA\u010cUNALNIK V INFORMACIJSKI DRU\u017dBI<\/a><\/li>\n<li><a class=\"barva_linka\" href=\"https:\/\/is.ijs.si\/?page_id=10828\">SLOVENSKA KONFERENCA O UMETNI INTELIGENCI<\/a><\/li>\n<li><a class=\"barva_linka\" href=\"https:\/\/is.ijs.si\/?page_id=10829\">DELAVNICA E-HERITAGE<\/a><\/li>\n<li><a class=\"barva_linka\" href=\"https:\/\/is.ijs.si\/?page_id=10830\">DELAVNICA ELEKTRONSKO IN MOBILNO ZDRAVJE<\/a><\/li>\n<\/ul>\n<p>\u00a0<\/p>\n<ul>\n<li><a class=\"barva_linka\" href=\"https:\/\/is.ijs.si\/?page_id=10831\">SVE\u010cANA PRIREDITEV KONFERENCE<\/a><\/li>\n<\/ul>\n\n\n<p><\/p>\n","protected":false},"excerpt":{"rendered":"<p>KONFERENCE 25-letnica prve internetne povezave v Sloveniji KOGNITIVNA ZNANOST SODELOVANJE, PROGRAMSKA OPREMA IN STORITVE V INF. DRU\u017dBI Ra\u010dunalni\u0161tvo in informatika: V\u010deraj za jutri IZKOPAVANJE ZNANJA IN PODATKOVNA SKLADI\u0160\u010cA INTERAKCIJA \u010cLOVEK-RA\u010cUNALNIK V INFORMACIJSKI DRU\u017dBI SLOVENSKA KONFERENCA O UMETNI INTELIGENCI DELAVNICA E-HERITAGE DELAVNICA ELEKTRONSKO IN MOBILNO ZDRAVJE \u00a0 SVE\u010cANA PRIREDITEV KONFERENCE<\/p>\n","protected":false},"author":1,"featured_media":0,"parent":0,"menu_order":0,"comment_status":"closed","ping_status":"closed","template":"","meta":{"footnotes":""},"class_list":["post-4448","page","type-page","status-publish","hentry"],"_links":{"self":[{"href":"https:\/\/is.ijs.si\/index.php?rest_route=\/wp\/v2\/pages\/4448","targetHints":{"allow":["GET"]}}],"collection":[{"href":"https:\/\/is.ijs.si\/index.php?rest_route=\/wp\/v2\/pages"}],"about":[{"href":"https:\/\/is.ijs.si\/index.php?rest_route=\/wp\/v2\/types\/page"}],"author":[{"embeddable":true,"href":"https:\/\/is.ijs.si\/index.php?rest_route=\/wp\/v2\/users\/1"}],"replies":[{"embeddable":true,"href":"https:\/\/is.ijs.si\/index.php?rest_route=%2Fwp%2Fv2%2Fcomments&post=4448"}],"version-history":[{"count":8,"href":"https:\/\/is.ijs.si\/index.php?rest_route=\/wp\/v2\/pages\/4448\/revisions"}],"predecessor-version":[{"id":12752,"href":"https:\/\/is.ijs.si\/index.php?rest_route=\/wp\/v2\/pages\/4448\/revisions\/12752"}],"wp:attachment":[{"href":"https:\/\/is.ijs.si\/index.php?rest_route=%2Fwp%2Fv2%2Fmedia&parent=4448"}],"curies":[{"name":"wp","href":"https:\/\/api.w.org\/{rel}","templated":true}]}}