{"id":4443,"date":"2018-09-03T13:23:00","date_gmt":"2018-09-03T11:23:00","guid":{"rendered":"http:\/\/localhost\/?page_id=4443"},"modified":"2019-03-19T13:45:53","modified_gmt":"2019-03-19T12:45:53","slug":"fotogalerija-is2015","status":"publish","type":"page","link":"https:\/\/is.ijs.si\/?page_id=4443","title":{"rendered":"FOTOGALERIJA IS2015"},"content":{"rendered":"<p class=\"podnaslovi3\">KONFERENCE<\/p>\n<ul style=\"list-style-type: circle;\">\n<li><a class=\"barva_linka\" href=\"https:\/\/is.ijs.si\/?page_id=10803\">2. \u0160TUDENTSKA RA\u010cUNALNI\u0160KA KONFERENCA<\/a><\/li>\n<li><a class=\"barva_linka\" href=\"https:\/\/is.ijs.si\/?page_id=10804\">ACCUS DELAVNICA PAMETNA MESTA<\/a><\/li>\n<li><a class=\"barva_linka\" href=\"https:\/\/is.ijs.si\/?page_id=10805\">KOGNITIVNA ZNANOST<\/a><\/li>\n<li><a class=\"barva_linka\" href=\"https:\/\/is.ijs.si\/?page_id=10806\">KOGNITONIKA<\/a><\/li>\n<li><a class=\"barva_linka\" href=\"https:\/\/is.ijs.si\/?page_id=10807\">SOO\u010cANJE Z DEMOGRAFSKIMI IZZIVI<\/a><\/li>\n<li><a class=\"barva_linka\" href=\"https:\/\/is.ijs.si\/?page_id=10808\">INTELIGENTNI SISTEMI<\/a><\/li>\n<li><a class=\"barva_linka\" href=\"https:\/\/is.ijs.si\/?page_id=10809\">SPS DELAVNICA EM-ZDRAVJE<\/a><\/li>\n<\/ul>\n<ul>\n<li><a class=\"barva_linka\" href=\"https:\/\/is.ijs.si\/?page_id=10810\">SVE\u010cANA PRIREDITEV KONFERENCE<\/a><\/li>\n<\/ul>\n","protected":false},"excerpt":{"rendered":"<p>KONFERENCE 2. \u0160TUDENTSKA RA\u010cUNALNI\u0160KA KONFERENCA ACCUS DELAVNICA PAMETNA MESTA KOGNITIVNA ZNANOST KOGNITONIKA SOO\u010cANJE Z DEMOGRAFSKIMI IZZIVI INTELIGENTNI SISTEMI SPS DELAVNICA EM-ZDRAVJE SVE\u010cANA PRIREDITEV KONFERENCE<\/p>\n","protected":false},"author":1,"featured_media":0,"parent":0,"menu_order":0,"comment_status":"closed","ping_status":"closed","template":"","meta":{"footnotes":""},"class_list":["post-4443","page","type-page","status-publish","hentry"],"_links":{"self":[{"href":"https:\/\/is.ijs.si\/index.php?rest_route=\/wp\/v2\/pages\/4443","targetHints":{"allow":["GET"]}}],"collection":[{"href":"https:\/\/is.ijs.si\/index.php?rest_route=\/wp\/v2\/pages"}],"about":[{"href":"https:\/\/is.ijs.si\/index.php?rest_route=\/wp\/v2\/types\/page"}],"author":[{"embeddable":true,"href":"https:\/\/is.ijs.si\/index.php?rest_route=\/wp\/v2\/users\/1"}],"replies":[{"embeddable":true,"href":"https:\/\/is.ijs.si\/index.php?rest_route=%2Fwp%2Fv2%2Fcomments&post=4443"}],"version-history":[{"count":6,"href":"https:\/\/is.ijs.si\/index.php?rest_route=\/wp\/v2\/pages\/4443\/revisions"}],"predecessor-version":[{"id":12753,"href":"https:\/\/is.ijs.si\/index.php?rest_route=\/wp\/v2\/pages\/4443\/revisions\/12753"}],"wp:attachment":[{"href":"https:\/\/is.ijs.si\/index.php?rest_route=%2Fwp%2Fv2%2Fmedia&parent=4443"}],"curies":[{"name":"wp","href":"https:\/\/api.w.org\/{rel}","templated":true}]}}