{"id":4442,"date":"2018-09-03T13:22:56","date_gmt":"2018-09-03T11:22:56","guid":{"rendered":"http:\/\/localhost\/?page_id=4442"},"modified":"2019-03-19T13:47:48","modified_gmt":"2019-03-19T12:47:48","slug":"fotogalerija-is2014","status":"publish","type":"page","link":"https:\/\/is.ijs.si\/?page_id=4442","title":{"rendered":"FOTOGALERIJA IS2014"},"content":{"rendered":"<p class=\"podnaslovi3\">KONFERENCE<\/p>\n<ul style=\"list-style-type: circle;\">\n<li><a class=\"barva_linka\" href=\"https:\/\/is.ijs.si\/?page_id=10773\">OKOLJSKA ERGONOMIJA IN FIZIOLOGIJA<\/a><\/li>\n<li><a class=\"barva_linka\" href=\"https:\/\/is.ijs.si\/?page_id=10774\">KOGNITIVNA ZNANOST<\/a><\/li>\n<li><a class=\"barva_linka\" href=\"https:\/\/is.ijs.si\/?page_id=10775\">KOGNITONIKA<\/a><\/li>\n<li><a class=\"barva_linka\" href=\"https:\/\/is.ijs.si\/?page_id=10776\">SODELOVANJE, PROGRAMSKA OPREMA IN STORITVE V INF. DRU\u017dBI<\/a><\/li>\n<li><a class=\"barva_linka\" href=\"https:\/\/is.ijs.si\/?page_id=10777\">IZKOPAVANJE ZNANJA IN PODATKOVNA SKLADI\u0160\u010cA<\/a><\/li>\n<li><a class=\"barva_linka\" href=\"https:\/\/is.ijs.si\/?page_id=10778\">VZGOJA IN IZOBRA\u017dEVANJE V INFORMACIJSKI DRU\u017dBI<\/a><\/li>\n<li><a class=\"barva_linka\" href=\"https:\/\/is.ijs.si\/?page_id=10779\">SOO\u010cANJE Z DEMOGRAFSKIMI IZZIVI<\/a><\/li>\n<li><a class=\"barva_linka\" href=\"https:\/\/is.ijs.si\/?page_id=10780\">INTERAKCIJA \u010cLOVEK-RA\u010cUNALNIK V INFORMACIJSKI DRU\u017dBI<\/a><\/li>\n<li><a class=\"barva_linka\" href=\"https:\/\/is.ijs.si\/?page_id=10781\">INTELIGENTNI SISTEMI<\/a><\/li>\n<li><a class=\"barva_linka\" href=\"https:\/\/is.ijs.si\/?page_id=10782\">JEZIKOVNE TEHNOLOGIJE<\/a><\/li>\n<li><a class=\"barva_linka\" href=\"https:\/\/is.ijs.si\/?page_id=10785\">ROBOTIKA<\/a><\/li>\n<\/ul>\n<ul>\n<li><a class=\"barva_linka\" href=\"https:\/\/is.ijs.si\/?page_id=10786\">SVE\u010cANA PRIREDITEV KONFERENCE<\/a><\/li>\n<\/ul>\n","protected":false},"excerpt":{"rendered":"<p>KONFERENCE OKOLJSKA ERGONOMIJA IN FIZIOLOGIJA KOGNITIVNA ZNANOST KOGNITONIKA SODELOVANJE, PROGRAMSKA OPREMA IN STORITVE V INF. DRU\u017dBI IZKOPAVANJE ZNANJA IN PODATKOVNA SKLADI\u0160\u010cA VZGOJA IN IZOBRA\u017dEVANJE V INFORMACIJSKI DRU\u017dBI SOO\u010cANJE Z DEMOGRAFSKIMI IZZIVI INTERAKCIJA \u010cLOVEK-RA\u010cUNALNIK V INFORMACIJSKI DRU\u017dBI INTELIGENTNI SISTEMI JEZIKOVNE TEHNOLOGIJE ROBOTIKA SVE\u010cANA PRIREDITEV KONFERENCE<\/p>\n","protected":false},"author":1,"featured_media":0,"parent":0,"menu_order":0,"comment_status":"closed","ping_status":"closed","template":"","meta":{"footnotes":""},"class_list":["post-4442","page","type-page","status-publish","hentry"],"_links":{"self":[{"href":"https:\/\/is.ijs.si\/index.php?rest_route=\/wp\/v2\/pages\/4442","targetHints":{"allow":["GET"]}}],"collection":[{"href":"https:\/\/is.ijs.si\/index.php?rest_route=\/wp\/v2\/pages"}],"about":[{"href":"https:\/\/is.ijs.si\/index.php?rest_route=\/wp\/v2\/types\/page"}],"author":[{"embeddable":true,"href":"https:\/\/is.ijs.si\/index.php?rest_route=\/wp\/v2\/users\/1"}],"replies":[{"embeddable":true,"href":"https:\/\/is.ijs.si\/index.php?rest_route=%2Fwp%2Fv2%2Fcomments&post=4442"}],"version-history":[{"count":6,"href":"https:\/\/is.ijs.si\/index.php?rest_route=\/wp\/v2\/pages\/4442\/revisions"}],"predecessor-version":[{"id":12754,"href":"https:\/\/is.ijs.si\/index.php?rest_route=\/wp\/v2\/pages\/4442\/revisions\/12754"}],"wp:attachment":[{"href":"https:\/\/is.ijs.si\/index.php?rest_route=%2Fwp%2Fv2%2Fmedia&parent=4442"}],"curies":[{"name":"wp","href":"https:\/\/api.w.org\/{rel}","templated":true}]}}