{"id":4441,"date":"2018-09-03T13:22:51","date_gmt":"2018-09-03T11:22:51","guid":{"rendered":"http:\/\/localhost\/?page_id=4441"},"modified":"2019-03-19T13:49:51","modified_gmt":"2019-03-19T12:49:51","slug":"fotogalerija-is2013","status":"publish","type":"page","link":"https:\/\/is.ijs.si\/?page_id=4441","title":{"rendered":"FOTOGALERIJA IS2013"},"content":{"rendered":"<p class=\"podnaslovi3\">KONFERENCE<\/p>\n<ul style=\"list-style-type: circle;\">\n<li><a class=\"barva_linka\" href=\"https:\/\/is.ijs.si\/?page_id=10749\">KOGNITIVNA ZNANOST<\/a><\/li>\n<li><a class=\"barva_linka\" href=\"https:\/\/is.ijs.si\/?page_id=10750\">KOGNITONIKA<\/a><\/li>\n<li><a class=\"barva_linka\" href=\"https:\/\/is.ijs.si\/?page_id=10751\">SODELOVANJE, PROGRAMSKA OPREMA IN STORITVE V INF. DRU\u017dBI<\/a><\/li>\n<li><a class=\"barva_linka\" href=\"https:\/\/is.ijs.si\/?page_id=10752\">IZKOPAVANJE ZNANJA IN PODATKOVNA SKLADI\u0160\u010cA<\/a><\/li>\n<li><a class=\"barva_linka\" href=\"https:\/\/is.ijs.si\/?page_id=10753\">VZGOJA IN IZOBRA\u017dEVANJE V INFORMACIJSKI DRU\u017dBI<\/a><\/li>\n<li><a class=\"barva_linka\" href=\"https:\/\/is.ijs.si\/?page_id=10754\">SOO\u010cANJE Z DEMOGRAFSKIMI IZZIVI<\/a><\/li>\n<li><a class=\"barva_linka\" href=\"https:\/\/is.ijs.si\/?page_id=10755\">INTERAKCIJA \u010cLOVEK-RA\u010cUNALNIK V INFORMACIJSKI DRU\u017dBI<\/a><\/li>\n<li><a class=\"barva_linka\" href=\"https:\/\/is.ijs.si\/?page_id=10756\">INTELIGENTNI SISTEMI<\/a><\/li>\n<li><a class=\"barva_linka\" href=\"https:\/\/is.ijs.si\/?page_id=10757\">VABLJENO PREDAVANJE<\/a><\/li>\n<li><a class=\"barva_linka\" href=\"https:\/\/is.ijs.si\/?page_id=10758\">IJS GALERIJA<\/a><\/li>\n<\/ul>\n<ul>\n<li><a class=\"barva_linka\" href=\"https:\/\/is.ijs.si\/?page_id=10759\">SVE\u010cANA PRIREDITEV KONFERENCE<\/a><\/li>\n<\/ul>\n","protected":false},"excerpt":{"rendered":"<p>KONFERENCE KOGNITIVNA ZNANOST KOGNITONIKA SODELOVANJE, PROGRAMSKA OPREMA IN STORITVE V INF. DRU\u017dBI IZKOPAVANJE ZNANJA IN PODATKOVNA SKLADI\u0160\u010cA VZGOJA IN IZOBRA\u017dEVANJE V INFORMACIJSKI DRU\u017dBI SOO\u010cANJE Z DEMOGRAFSKIMI IZZIVI INTERAKCIJA \u010cLOVEK-RA\u010cUNALNIK V INFORMACIJSKI DRU\u017dBI INTELIGENTNI SISTEMI VABLJENO PREDAVANJE IJS GALERIJA SVE\u010cANA PRIREDITEV KONFERENCE<\/p>\n","protected":false},"author":1,"featured_media":0,"parent":0,"menu_order":0,"comment_status":"closed","ping_status":"closed","template":"","meta":{"footnotes":""},"class_list":["post-4441","page","type-page","status-publish","hentry"],"_links":{"self":[{"href":"https:\/\/is.ijs.si\/index.php?rest_route=\/wp\/v2\/pages\/4441","targetHints":{"allow":["GET"]}}],"collection":[{"href":"https:\/\/is.ijs.si\/index.php?rest_route=\/wp\/v2\/pages"}],"about":[{"href":"https:\/\/is.ijs.si\/index.php?rest_route=\/wp\/v2\/types\/page"}],"author":[{"embeddable":true,"href":"https:\/\/is.ijs.si\/index.php?rest_route=\/wp\/v2\/users\/1"}],"replies":[{"embeddable":true,"href":"https:\/\/is.ijs.si\/index.php?rest_route=%2Fwp%2Fv2%2Fcomments&post=4441"}],"version-history":[{"count":7,"href":"https:\/\/is.ijs.si\/index.php?rest_route=\/wp\/v2\/pages\/4441\/revisions"}],"predecessor-version":[{"id":12755,"href":"https:\/\/is.ijs.si\/index.php?rest_route=\/wp\/v2\/pages\/4441\/revisions\/12755"}],"wp:attachment":[{"href":"https:\/\/is.ijs.si\/index.php?rest_route=%2Fwp%2Fv2%2Fmedia&parent=4441"}],"curies":[{"name":"wp","href":"https:\/\/api.w.org\/{rel}","templated":true}]}}