{"id":4440,"date":"2018-09-03T13:22:47","date_gmt":"2018-09-03T11:22:47","guid":{"rendered":"http:\/\/localhost\/?page_id=4440"},"modified":"2019-03-19T13:52:00","modified_gmt":"2019-03-19T12:52:00","slug":"fotogalerija-is2012","status":"publish","type":"page","link":"https:\/\/is.ijs.si\/?page_id=4440","title":{"rendered":"FOTOGALERIJA IS2012"},"content":{"rendered":"<p class=\"podnaslovi3\">KONFERENCE<\/p>\n<ul style=\"list-style-type: circle;\">\n<li><a class=\"barva_linka\" href=\"https:\/\/is.ijs.si\/?page_id=10721\">100 LET ALANA TURINGA IN 20 LET SLAIS-A<\/a><\/li>\n<li><a class=\"barva_linka\" href=\"https:\/\/is.ijs.si\/?page_id=10722\">KOGNITIVNE ZNANOSTI<\/a><\/li>\n<li><a class=\"barva_linka\" href=\"https:\/\/is.ijs.si\/?page_id=10723\">IZKOPAVANJE ZNANJA IN PODATKOVNA SKLADI\u0160\u010cA<\/a><\/li>\n<li><a class=\"barva_linka\" href=\"https:\/\/is.ijs.si\/?page_id=10724\">VZGOJA IN IZOBRA\u017dEVANJE V INFORMACIJSKI DRU\u017dBI<\/a><\/li>\n<li><a class=\"barva_linka\" href=\"https:\/\/is.ijs.si\/?page_id=10725\">SOO\u010cANJE Z DEMOGRAFSKIMI IZZIVI<\/a><\/li>\n<li><a class=\"barva_linka\" href=\"https:\/\/is.ijs.si\/?page_id=10726\">FORSEE &#8211; TEHNOLO\u0160KO PREDVIDEVANJE NA PODRO\u010cJU IKT<\/a><\/li>\n<li><a class=\"barva_linka\" href=\"https:\/\/is.ijs.si\/?page_id=10727\">INTELIGENTNI SISTEMI<\/a><\/li>\n<li><a class=\"barva_linka\" href=\"https:\/\/is.ijs.si\/?page_id=10728\">JEZIKOVNE TEHNOLOGIJE<\/a><\/li>\n<li><a class=\"barva_linka\" href=\"https:\/\/is.ijs.si\/?page_id=10729\">ROBOTIKA<\/a><\/li>\n<li><a class=\"barva_linka\" href=\"https:\/\/is.ijs.si\/?page_id=10740\">IJS GALERIJA<\/a><\/li>\n<\/ul>\n<ul>\n<li><a class=\"barva_linka\" href=\"https:\/\/is.ijs.si\/?page_id=10741\">SVE\u010cANA PRIREDITEV KONFERENCE<\/a><\/li>\n<\/ul>\n","protected":false},"excerpt":{"rendered":"<p>KONFERENCE 100 LET ALANA TURINGA IN 20 LET SLAIS-A KOGNITIVNE ZNANOSTI IZKOPAVANJE ZNANJA IN PODATKOVNA SKLADI\u0160\u010cA VZGOJA IN IZOBRA\u017dEVANJE V INFORMACIJSKI DRU\u017dBI SOO\u010cANJE Z DEMOGRAFSKIMI IZZIVI FORSEE &#8211; TEHNOLO\u0160KO PREDVIDEVANJE NA PODRO\u010cJU IKT INTELIGENTNI SISTEMI JEZIKOVNE TEHNOLOGIJE ROBOTIKA IJS GALERIJA SVE\u010cANA PRIREDITEV KONFERENCE<\/p>\n","protected":false},"author":1,"featured_media":0,"parent":0,"menu_order":0,"comment_status":"closed","ping_status":"closed","template":"","meta":{"footnotes":""},"class_list":["post-4440","page","type-page","status-publish","hentry"],"_links":{"self":[{"href":"https:\/\/is.ijs.si\/index.php?rest_route=\/wp\/v2\/pages\/4440","targetHints":{"allow":["GET"]}}],"collection":[{"href":"https:\/\/is.ijs.si\/index.php?rest_route=\/wp\/v2\/pages"}],"about":[{"href":"https:\/\/is.ijs.si\/index.php?rest_route=\/wp\/v2\/types\/page"}],"author":[{"embeddable":true,"href":"https:\/\/is.ijs.si\/index.php?rest_route=\/wp\/v2\/users\/1"}],"replies":[{"embeddable":true,"href":"https:\/\/is.ijs.si\/index.php?rest_route=%2Fwp%2Fv2%2Fcomments&post=4440"}],"version-history":[{"count":6,"href":"https:\/\/is.ijs.si\/index.php?rest_route=\/wp\/v2\/pages\/4440\/revisions"}],"predecessor-version":[{"id":12756,"href":"https:\/\/is.ijs.si\/index.php?rest_route=\/wp\/v2\/pages\/4440\/revisions\/12756"}],"wp:attachment":[{"href":"https:\/\/is.ijs.si\/index.php?rest_route=%2Fwp%2Fv2%2Fmedia&parent=4440"}],"curies":[{"name":"wp","href":"https:\/\/api.w.org\/{rel}","templated":true}]}}