{"id":4438,"date":"2018-09-03T13:22:34","date_gmt":"2018-09-03T11:22:34","guid":{"rendered":"http:\/\/localhost\/?page_id=4438"},"modified":"2024-12-12T10:26:08","modified_gmt":"2024-12-12T09:26:08","slug":"fotogalerija-is2011","status":"publish","type":"page","link":"https:\/\/is.ijs.si\/?page_id=4438","title":{"rendered":"FOTOGALERIJA IS2011"},"content":{"rendered":"<p class=\"podnaslovi3\">KONFERENCE<\/p>\n<ul style=\"list-style-type: circle;\">\n<li><a class=\"barva_linka\" href=\"https:\/\/is.ijs.si\/?page_id=10692\">KOGNITIVNE ZNANOSTI<\/a><\/li>\n<li><a class=\"barva_linka\" href=\"https:\/\/is.ijs.si\/?page_id=19457\">KOGNITONIKA<\/a><\/li>\n<li><a class=\"barva_linka\" href=\"https:\/\/is.ijs.si\/?page_id=10694\">SODELOVANJE, PROGRAMSKA OPREMA IN STORITVE V INF. DRU\u017dBI<\/a><\/li>\n<li><a class=\"barva_linka\" href=\"https:\/\/is.ijs.si\/?page_id=10695\">IZKOPAVANJE ZNANJA IN PODATKOVNA SKLADI\u0160\u010cA<\/a><\/li>\n<li><a class=\"barva_linka\" href=\"https:\/\/is.ijs.si\/?page_id=10696\">VZGOJA IN IZOBRA\u017dEVANJE V INFORMACIJSKI DRU\u017dBI<\/a><\/li>\n<li><a class=\"barva_linka\" href=\"https:\/\/is.ijs.si\/?page_id=10697\">SOO\u010cANJE Z DEMOGRAFSKIMI IZZIVI<\/a><\/li>\n<li><a class=\"barva_linka\" href=\"https:\/\/is.ijs.si\/?page_id=10698\">INTELIGENTNI SISTEMI<\/a><\/li>\n<li><a class=\"barva_linka\" href=\"https:\/\/is.ijs.si\/?page_id=10699\">INTERNET V SLOVENIJI: 1985-1995<\/a><\/li>\n<li><a class=\"barva_linka\" href=\"https:\/\/is.ijs.si\/?page_id=10700\">ROBOTIKA<\/a><\/li>\n<li><a class=\"barva_linka\" href=\"https:\/\/is.ijs.si\/?page_id=10701\">IJS GALERIJA<\/a><\/li>\n<\/ul>\n<ul>\n<li><a class=\"barva_linka\" href=\"https:\/\/is.ijs.si\/?page_id=10702\">SVE\u010cANA PRIREDITEV KONFERENCE<\/a><\/li>\n<\/ul>\n","protected":false},"excerpt":{"rendered":"<p>KONFERENCE KOGNITIVNE ZNANOSTI KOGNITONIKA SODELOVANJE, PROGRAMSKA OPREMA IN STORITVE V INF. DRU\u017dBI IZKOPAVANJE ZNANJA IN PODATKOVNA SKLADI\u0160\u010cA VZGOJA IN IZOBRA\u017dEVANJE V INFORMACIJSKI DRU\u017dBI SOO\u010cANJE Z DEMOGRAFSKIMI IZZIVI INTELIGENTNI SISTEMI INTERNET V SLOVENIJI: 1985-1995 ROBOTIKA IJS GALERIJA SVE\u010cANA PRIREDITEV KONFERENCE<\/p>\n","protected":false},"author":1,"featured_media":0,"parent":0,"menu_order":0,"comment_status":"closed","ping_status":"closed","template":"","meta":{"footnotes":""},"class_list":["post-4438","page","type-page","status-publish","hentry"],"_links":{"self":[{"href":"https:\/\/is.ijs.si\/index.php?rest_route=\/wp\/v2\/pages\/4438","targetHints":{"allow":["GET"]}}],"collection":[{"href":"https:\/\/is.ijs.si\/index.php?rest_route=\/wp\/v2\/pages"}],"about":[{"href":"https:\/\/is.ijs.si\/index.php?rest_route=\/wp\/v2\/types\/page"}],"author":[{"embeddable":true,"href":"https:\/\/is.ijs.si\/index.php?rest_route=\/wp\/v2\/users\/1"}],"replies":[{"embeddable":true,"href":"https:\/\/is.ijs.si\/index.php?rest_route=%2Fwp%2Fv2%2Fcomments&post=4438"}],"version-history":[{"count":14,"href":"https:\/\/is.ijs.si\/index.php?rest_route=\/wp\/v2\/pages\/4438\/revisions"}],"predecessor-version":[{"id":19459,"href":"https:\/\/is.ijs.si\/index.php?rest_route=\/wp\/v2\/pages\/4438\/revisions\/19459"}],"wp:attachment":[{"href":"https:\/\/is.ijs.si\/index.php?rest_route=%2Fwp%2Fv2%2Fmedia&parent=4438"}],"curies":[{"name":"wp","href":"https:\/\/api.w.org\/{rel}","templated":true}]}}