{"id":35,"date":"2018-07-02T09:13:06","date_gmt":"2018-07-02T09:13:06","guid":{"rendered":"http:\/\/localhost\/?page_id=35"},"modified":"2025-10-09T13:05:18","modified_gmt":"2025-10-09T13:05:18","slug":"konference","status":"publish","type":"page","link":"https:\/\/is.ijs.si\/?page_id=35","title":{"rendered":"KONFERENCE"},"content":{"rendered":"<div id=\"conference_button_134\" class=\"imena_konferenc\" type=\"button\">\n<div class=\"div_konference_title\">DEMOGRAFSKE IN DRU\u017dINSKE ANALIZE<\/div>\n<div class=\"plus\" style=\"color: #e498e1\">+<\/div>\n<\/div>\n<div class=\"conference_div\" id=\"conference_div_134\" hidden>\n<p><span class=\"barvanje\"\/>PREDSEDNIKI<\/span><\/p>\n<ul class=\"conference_ul\" id=\"conference_contact_ul_134\">\n<li>prof. dr. Janez Mala\u010di\u010d, prof. dr. Mari Jo\u017ee Osredkar, .<\/li>\n<\/ul>\n<p id=\"conference_contact_p_134\"><span class=\"barvanje\"\/>KONTAKTNA OSEBA<\/span><\/p>\n<ul class=\"conference_ul\" id=\"conference_contact_ul_134\">\n<li>prof. dr. Matja\u017e Gams<\/li>\n<li> Telefon: 01\/477-3644<\/li>\n<li> Email: matjaz.gams@ijs.si<\/li>\n<\/ul>\n<p id=\"conference_location_p_134\"><span class=\"barvanje\"\/>LOKACIJA<\/span><\/p>\n<ul class=\"conference_ul\" id=\"conference_location_ul_134\">\n<li>Institut &#8220;Jo\u017eef Stefan&#8221;<\/li>\n<li>Jamova cesta 39<\/li>\n<li>1000 Ljubljana<\/li>\n<li>Slovenia<\/li>\n<\/ul>\n<p><\/p>\n<div class=\"call_for_paper_div\"><a class=\"barva_linka\" href=\"https:\/\/easychair.org\/conferences\/?conf=is2025-demographics\" target=\"_blank\">Oddaja prispevkov<\/a><\/div>\n<p><\/p>\n<div class=\"call_for_paper_div\"><a class=\"barva_linka\" href=\"https:\/\/is.ijs.si\/wp-content\/uploads\/2025\/08\/IS2025_CFP_Demografske-Druzinske-Analize_slo_novo.pdf\" target=\"_blank\">Vabilo za prispevke<\/a><\/div>\n<\/div>\n<div id=\"conference_button_170\" class=\"imena_konferenc\" type=\"button\">\n<div class=\"div_konference_title\">DIGITALNA PREOBRAZBA ZDRAVSTVENE NEGE (SIZN 2025) <\/div>\n<div class=\"plus\" style=\"color: #276768\">+<\/div>\n<\/div>\n<div class=\"conference_div\" id=\"conference_div_170\" hidden>\n<p><span class=\"barvanje\"\/>PREDSEDNIKI<\/span><\/p>\n<ul class=\"conference_ul\" id=\"conference_contact_ul_170\">\n<li>prof. dr. Bo\u0161tjan \u017dvanut<\/li>\n<\/ul>\n<p id=\"conference_contact_p_170\"><span class=\"barvanje\"\/>KONTAKTNA OSEBA<\/span><\/p>\n<ul class=\"conference_ul\" id=\"conference_contact_ul_170\">\n<li>prof. dr. Bo\u0161tjan \u017dvanut<\/li>\n<li> Telefon: \/<\/li>\n<li> Email: bostjan.zvanut@gmail.com<\/li>\n<\/ul>\n<p id=\"conference_location_p_170\"><span class=\"barvanje\"\/>LOKACIJA<\/span><\/p>\n<ul class=\"conference_ul\" id=\"conference_location_ul_170\">\n<li>Institut &#8220;Jo\u017eef Stefan&#8221;<\/li>\n<li>Jamova cesta 39<\/li>\n<li>1000 Ljubljana<\/li>\n<li>Slovenia<\/li>\n<\/ul>\n<p><\/p>\n<div class=\"call_for_paper_div\"><a class=\"barva_linka\" href=\"                 https:\/\/easychair.org\/conferences\/?conf=is2025-sizn\" target=\"_blank\">Oddaja prispevkov<\/a><\/div>\n<p><\/p>\n<div class=\"call_for_paper_div\"><a class=\"barva_linka\" href=\"https:\/\/is.ijs.si\/wp-content\/uploads\/2025\/05\/IS2025_CFP_SIZN_slo_final.pdf\" target=\"_blank\">Vabilo za prispevke<\/a><\/div>\n<\/div>\n<div id=\"conference_button_168\" class=\"imena_konferenc\" type=\"button\">\n<div class=\"div_konference_title\">DIGITALNA VKLJU\u010cENOST V INFORMACIJSKI DRU\u017dBI \u2013 DIGIN 2025<\/div>\n<div class=\"plus\" style=\"color: #cbf014\">+<\/div>\n<\/div>\n<div class=\"conference_div\" id=\"conference_div_168\" hidden>\n<p><span class=\"barvanje\"\/>PREDSEDNIKI<\/span><\/p>\n<ul class=\"conference_ul\" id=\"conference_contact_ul_168\">\n<li>izr. prof. dr. Bo\u0161tjan \u0160umak, Maja Pu\u0161nik<\/li>\n<\/ul>\n<p id=\"conference_contact_p_168\"><span class=\"barvanje\"\/>KONTAKTNA OSEBA<\/span><\/p>\n<ul class=\"conference_ul\" id=\"conference_contact_ul_168\">\n<li>Maja Pu\u0161nik<\/li>\n<li> Telefon: (02) 220 7359<\/li>\n<li> Email: maja.pusnik@um.si<\/li>\n<\/ul>\n<p id=\"conference_location_p_168\"><span class=\"barvanje\"\/>LOKACIJA<\/span><\/p>\n<ul class=\"conference_ul\" id=\"conference_location_ul_168\">\n<li>Univerza v Mariboru<\/li>\n<li>Fakulteta za elektrotehniko, ra\u010dunalni\u0161tvo in informatiko<\/li>\n<li>Koro\u0161ka cesta 46<\/li>\n<li>2000 Maribor<\/li>\n<li>Slovenia<\/li>\n<\/ul>\n<p><\/p>\n<div class=\"call_for_paper_div\"><a class=\"barva_linka\" href=\"https:\/\/easychair.org\/conferences\/?conf=is2025-digin\" target=\"_blank\">Oddaja prispevkov<\/a><\/div>\n<p><\/p>\n<div class=\"call_for_paper_div\"><a class=\"barva_linka\" href=\"https:\/\/www.digin.si\/\" target=\"_blank\">Vabilo za prispevke<\/a><\/div>\n<\/div>\n<div id=\"conference_button_131\" class=\"imena_konferenc\" type=\"button\">\n<div class=\"div_konference_title\">KOGNITIVNA ZNANOST<\/div>\n<div class=\"plus\" style=\"color: #f13b3b\">+<\/div>\n<\/div>\n<div class=\"conference_div\" id=\"conference_div_131\" hidden>\n<p><span class=\"barvanje\"\/>PREDSEDNIKI<\/span><\/p>\n<ul class=\"conference_ul\" id=\"conference_contact_ul_131\">\n<li>dr. Anka Slana Ozimi\u010d, dr. Borut Trpin, dr. Olga Marki\u010d, dr. Toma Strle<\/li>\n<\/ul>\n<p id=\"conference_contact_p_131\"><span class=\"barvanje\"\/>KONTAKTNA OSEBA<\/span><\/p>\n<ul class=\"conference_ul\" id=\"conference_contact_ul_131\">\n<li>dr. Toma Strle<\/li>\n<li> Telefon: <\/li>\n<li> Email: kognitivna@guest.arnes.si <\/li>\n<\/ul>\n<p id=\"conference_location_p_131\"><span class=\"barvanje\"\/>LOKACIJA<\/span><\/p>\n<ul class=\"conference_ul\" id=\"conference_location_ul_131\">\n<li>Institut &#8220;Jo\u017eef Stefan&#8221;<\/li>\n<li>Jamova cesta 39<\/li>\n<li>1000 Ljubljana<\/li>\n<li>Slovenia<\/li>\n<\/ul>\n<p><\/p>\n<div class=\"call_for_paper_div\"><a class=\"barva_linka\" href=\"https:\/\/easychair.org\/conferences\/?conf=is2025-cognitivescience\" target=\"_blank\">Oddaja prispevkov<\/a><\/div>\n<p><\/p>\n<div class=\"call_for_paper_div\"><a class=\"barva_linka\" href=\"https:\/\/is.ijs.si\/wp-content\/uploads\/2025\/08\/Cogsci25-angslo.pdf\" target=\"_blank\">Vabilo za prispevke<\/a><\/div>\n<\/div>\n<div id=\"conference_button_172\" class=\"imena_konferenc\" type=\"button\">\n<div class=\"div_konference_title\">KOGNITONIKA 2025<\/div>\n<div class=\"plus\" style=\"color: #06dbcd\">+<\/div>\n<\/div>\n<div class=\"conference_div\" id=\"conference_div_172\" hidden>\n<p><span class=\"barvanje\"\/>PREDSEDNIKI<\/span><\/p>\n<ul class=\"conference_ul\" id=\"conference_contact_ul_172\">\n<li> prof.dr Vladimir A. Fomichov, dr. Olga S. Fomichova<\/li>\n<\/ul>\n<p id=\"conference_contact_p_172\"><span class=\"barvanje\"\/>KONTAKTNA OSEBA<\/span><\/p>\n<ul class=\"conference_ul\" id=\"conference_contact_ul_172\">\n<li> prof.dr Vladimir A. Fomichov<\/li>\n<li> Telefon: <\/li>\n<li> Email:  vfomichov@gmail.com<\/li>\n<\/ul>\n<p><\/p>\n<div class=\"call_for_paper_div\"><a class=\"barva_linka\" href=\"https:\/\/is.ijs.si\/wp-content\/uploads\/2025\/08\/Cognit2025SecondCallForPapersLjubljana.pdf\" target=\"_blank\">Vabilo za prispevke<\/a><\/div>\n<\/div>\n<div id=\"conference_button_169\" class=\"imena_konferenc\" type=\"button\">\n<div class=\"div_konference_title\">KONFERENCA O ZDRAVI DOLGO\u017dIVOSTI <\/div>\n<div class=\"plus\" style=\"color: #009e9e\">+<\/div>\n<\/div>\n<div class=\"conference_div\" id=\"conference_div_169\" hidden>\n<p><span class=\"barvanje\"\/>PREDSEDNIKI<\/span><\/p>\n<ul class=\"conference_ul\" id=\"conference_contact_ul_169\">\n<li>Martin Lipov\u0161ek<\/li>\n<\/ul>\n<p id=\"conference_contact_p_169\"><span class=\"barvanje\"\/>KONTAKTNA OSEBA<\/span><\/p>\n<ul class=\"conference_ul\" id=\"conference_contact_ul_169\">\n<li>Martin Lipov\u0161ek<\/li>\n<li> Telefon: 01\/12345678<\/li>\n<li> Email: martin.lipovsek@gmail.com<\/li>\n<\/ul>\n<p id=\"conference_location_p_169\"><span class=\"barvanje\"\/>LOKACIJA<\/span><\/p>\n<ul class=\"conference_ul\" id=\"conference_location_ul_169\">\n<li>Institut &#8220;Jo\u017eef Stefan&#8221;<\/li>\n<li>Jamova cesta 39<\/li>\n<li>1000 Ljubljana<\/li>\n<li>Slovenia<\/li>\n<\/ul>\n<p><\/p>\n<div class=\"call_for_paper_div\"><a class=\"barva_linka\" href=\"https:\/\/easychair.org\/conferences?conf=is2025-dolgozivost\" target=\"_blank\">Oddaja prispevkov<\/a><\/div>\n<p><\/p>\n<div class=\"call_for_paper_div\"><a class=\"barva_linka\" href=\"https:\/\/podaljsevanje-zivljenja.si\/konferenca-2025\/\" target=\"_blank\">Vabilo za prispevke<\/a><\/div>\n<\/div>\n<div id=\"conference_button_161\" class=\"imena_konferenc\" type=\"button\">\n<div class=\"div_konference_title\">LEGENDE RA\u010cUNALNI\u0160TVA IN INFORMATIKE<\/div>\n<div class=\"plus\" style=\"color: #f3f312\">+<\/div>\n<\/div>\n<div class=\"conference_div\" id=\"conference_div_161\" hidden>\n<p><span class=\"barvanje\"\/>PREDSEDNIKI<\/span><\/p>\n<ul class=\"conference_ul\" id=\"conference_contact_ul_161\">\n<li>prof. dr. Matja\u017e Gams, Tone Stanovnik<\/li>\n<\/ul>\n<p id=\"conference_contact_p_161\"><span class=\"barvanje\"\/>KONTAKTNA OSEBA<\/span><\/p>\n<ul class=\"conference_ul\" id=\"conference_contact_ul_161\">\n<li>prof. dr. Matja\u017e Gams<\/li>\n<li> Telefon: +386 1 477 3644<\/li>\n<li> Email: matjaz.gams@ijs.si<\/li>\n<\/ul>\n<p id=\"conference_location_p_161\"><span class=\"barvanje\"\/>LOKACIJA<\/span><\/p>\n<ul class=\"conference_ul\" id=\"conference_location_ul_161\">\n<li>Institut &#8220;Jo\u017eef Stefan&#8221;<\/li>\n<li>Jamova cesta 39<\/li>\n<li>1000 Ljubljana<\/li>\n<li>Slovenia<\/li>\n<\/ul>\n<p><\/p>\n<div class=\"call_for_paper_div\"><a class=\"barva_linka\" href=\"https:\/\/easychair.org\/conferences?conf=is2025-legende\" target=\"_blank\">Oddaja prispevkov<\/a><\/div>\n<p><\/p>\n<div class=\"call_for_paper_div\"><a class=\"barva_linka\" href=\"https:\/\/is.ijs.si\/wp-content\/uploads\/2025\/07\/IS2025_CFP_LEGENDE-1-posodobljen-z-novim-easychair-linkom.pdf\" target=\"_blank\">Vabilo za prispevke<\/a><\/div>\n<\/div>\n<div id=\"conference_button_136\" class=\"imena_konferenc\" type=\"button\">\n<div class=\"div_konference_title\">MEDNARODNA KONFERENCA O PRENOSU TEHNOLOGIJ<\/div>\n<div class=\"plus\" style=\"color: #7f59e8\">+<\/div>\n<\/div>\n<div class=\"conference_div\" id=\"conference_div_136\" hidden>\n<p><span class=\"barvanje\"\/>PREDSEDNIKI<\/span><\/p>\n<ul class=\"conference_ul\" id=\"conference_contact_ul_136\">\n<li>dr. \u0160pela Stres, mag. Marjeta Trobec, mag. Robert Blatnik<\/li>\n<\/ul>\n<p id=\"conference_contact_p_136\"><span class=\"barvanje\"\/>KONTAKTNA OSEBA<\/span><\/p>\n<ul class=\"conference_ul\" id=\"conference_contact_ul_136\">\n<li>mag. Marjeta Trobec<\/li>\n<li> Telefon: <\/li>\n<li> Email: tehnologije@ijs.si<\/li>\n<\/ul>\n<p id=\"conference_location_p_136\"><span class=\"barvanje\"\/>LOKACIJA<\/span><\/p>\n<ul class=\"conference_ul\" id=\"conference_location_ul_136\">\n<li>Institut &#8220;Jo\u017eef Stefan&#8221;<\/li>\n<li>Jamova cesta 39<\/li>\n<li>1000 Ljubljana<\/li>\n<li>Slovenia<\/li>\n<\/ul>\n<p><\/p>\n<div class=\"call_for_paper_div\"><a class=\"barva_linka\" href=\" http:\/\/ittc.ijs.si\/call-for-research-and-scientific-papers-on-technology-transfer-and-intellectual-property\/\" target=\"_blank\">Oddaja prispevkov<\/a><\/div>\n<p><\/p>\n<div class=\"call_for_paper_div\"><a class=\"barva_linka\" href=\"http:\/\/ittc.ijs.si\/\" target=\"_blank\">Vabilo za prispevke<\/a><\/div>\n<\/div>\n<div id=\"conference_button_167\" class=\"imena_konferenc\" type=\"button\">\n<div class=\"div_konference_title\">MITI IN RESNICE O VAROVANJU OKOLJA<\/div>\n<div class=\"plus\" style=\"color: #279b4f\">+<\/div>\n<\/div>\n<div class=\"conference_div\" id=\"conference_div_167\" hidden>\n<p><span class=\"barvanje\"\/>PREDSEDNIKI<\/span><\/p>\n<ul class=\"conference_ul\" id=\"conference_contact_ul_167\">\n<li>Erik Margan, mag. Toma\u017e Ogrin , prof. dr. Rafael Mihali\u010d<\/li>\n<\/ul>\n<p id=\"conference_contact_p_167\"><span class=\"barvanje\"\/>KONTAKTNA OSEBA<\/span><\/p>\n<ul class=\"conference_ul\" id=\"conference_contact_ul_167\">\n<li>Erik Margan<\/li>\n<li> Telefon: +3861 4773632 <\/li>\n<li> Email: erik.margan@ijs.si<\/li>\n<\/ul>\n<p id=\"conference_location_p_167\"><span class=\"barvanje\"\/>LOKACIJA<\/span><\/p>\n<ul class=\"conference_ul\" id=\"conference_location_ul_167\">\n<li>Institut &#8220;Jo\u017eef Stefan&#8221;<\/li>\n<li>Jamova cesta 39<\/li>\n<li>1000 Ljubljana<\/li>\n<li>Slovenia<\/li>\n<\/ul>\n<p><\/p>\n<div class=\"call_for_paper_div\"><a class=\"barva_linka\" href=\"https:\/\/easychair.org\/conferences\/?conf=is2025-environment\" target=\"_blank\">Oddaja prispevkov<\/a><\/div>\n<p><\/p>\n<div class=\"call_for_paper_div\"><a class=\"barva_linka\" href=\"https:\/\/is.ijs.si\/wp-content\/uploads\/2025\/07\/IS2025_CFP_Okolje_SL.pdf\" target=\"_blank\">Vabilo za prispevke<\/a><\/div>\n<\/div>\n<div id=\"conference_button_132\" class=\"imena_konferenc\" type=\"button\">\n<div class=\"div_konference_title\">ODKRIVANJE ZNANJA IN PODATKOVNA SKLADI\u0160\u010cA &#8211; SIKDD 2025<\/div>\n<div class=\"plus\" style=\"color: #f28e02\">+<\/div>\n<\/div>\n<div class=\"conference_div\" id=\"conference_div_132\" hidden>\n<p><span class=\"barvanje\"\/>PREDSEDNIKI<\/span><\/p>\n<ul class=\"conference_ul\" id=\"conference_contact_ul_132\">\n<li>Marko Grobelnik, prof. dr. Dunja Mladeni\u0107<\/li>\n<\/ul>\n<p id=\"conference_contact_p_132\"><span class=\"barvanje\"\/>KONTAKTNA OSEBA<\/span><\/p>\n<ul class=\"conference_ul\" id=\"conference_contact_ul_132\">\n<li>prof. dr. Dunja Mladeni\u0107<\/li>\n<li> Telefon: +38614773377<\/li>\n<li> Email: dunja.mladenic@ijs.si<\/li>\n<\/ul>\n<p id=\"conference_location_p_132\"><span class=\"barvanje\"\/>LOKACIJA<\/span><\/p>\n<ul class=\"conference_ul\" id=\"conference_location_ul_132\">\n<li>Institut &#8220;Jo\u017eef Stefan&#8221;<\/li>\n<li>Jamova cesta 39<\/li>\n<li>1000 Ljubljana<\/li>\n<li>Slovenia<\/li>\n<\/ul>\n<p><\/p>\n<div class=\"call_for_paper_div\"><a class=\"barva_linka\" href=\"https:\/\/easychair.org\/conferences?conf=is2025sikdd\" target=\"_blank\">Oddaja prispevkov<\/a><\/div>\n<p><\/p>\n<div class=\"call_for_paper_div\"><a class=\"barva_linka\" href=\"https:\/\/ailab.ijs.si\/dunja\/SiKDD2025\/\" target=\"_blank\">Vabilo za prispevke<\/a><\/div>\n<\/div>\n<div id=\"conference_button_130\" class=\"imena_konferenc\" type=\"button\">\n<div class=\"div_konference_title\">SLOVENSKA KONFERENCA O UMETNI INTELIGENCI &#8211; SKUI<\/div>\n<div class=\"plus\" style=\"color: #2d96ff\">+<\/div>\n<\/div>\n<div class=\"conference_div\" id=\"conference_div_130\" hidden>\n<p><span class=\"barvanje\"\/>PREDSEDNIKI<\/span><\/p>\n<ul class=\"conference_ul\" id=\"conference_contact_ul_130\">\n<li>dr. Mitja Lu\u0161trek, dr. Rok Piltaver, prof. dr. Matja\u017e Gams<\/li>\n<\/ul>\n<p id=\"conference_contact_p_130\"><span class=\"barvanje\"\/>KONTAKTNA OSEBA<\/span><\/p>\n<ul class=\"conference_ul\" id=\"conference_contact_ul_130\">\n<li>dr. Mitja Lu\u0161trek<\/li>\n<li> Telefon: 014773380<\/li>\n<li> Email: mitja.lustrek@ijs.si<\/li>\n<\/ul>\n<p id=\"conference_location_p_130\"><span class=\"barvanje\"\/>LOKACIJA<\/span><\/p>\n<ul class=\"conference_ul\" id=\"conference_location_ul_130\">\n<li>Institut &#8220;Jo\u017eef Stefan&#8221;<\/li>\n<li>Jamova cesta 39<\/li>\n<li>1000 Ljubljana<\/li>\n<li>Slovenia<\/li>\n<\/ul>\n<p><\/p>\n<div class=\"call_for_paper_div\"><a class=\"barva_linka\" href=\"https:\/\/easychair.org\/conferences?conf=skui2025\" target=\"_blank\">Oddaja prispevkov<\/a><\/div>\n<p><\/p>\n<div class=\"call_for_paper_div\"><a class=\"barva_linka\" href=\"https:\/\/is.ijs.si\/wp-content\/uploads\/2025\/06\/IS2025-SKUI-CFP-eng-svn-3.pdf\" target=\"_blank\">Vabilo za prispevke<\/a><\/div>\n<\/div>\n<div id=\"conference_button_171\" class=\"imena_konferenc\" type=\"button\">\n<div class=\"div_konference_title\">UPORABA UI V ZDRAVSTVU<\/div>\n<div class=\"plus\" style=\"color: #ae78d6\">+<\/div>\n<\/div>\n<div class=\"conference_div\" id=\"conference_div_171\" hidden>\n<p><span class=\"barvanje\"\/>PREDSEDNIKI<\/span><\/p>\n<ul class=\"conference_ul\" id=\"conference_contact_ul_171\">\n<li>dr. Monika Simjanoska, dr. Stevo Luki\u0107, prof. dr. Franz Wotawa<\/li>\n<\/ul>\n<p id=\"conference_contact_p_171\"><span class=\"barvanje\"\/>KONTAKTNA OSEBA<\/span><\/p>\n<ul class=\"conference_ul\" id=\"conference_contact_ul_171\">\n<li>\u017diga Kolar<\/li>\n<li> Telefon: +3861 4773865<\/li>\n<li> Email: ziga.kolar@ijs.si<\/li>\n<\/ul>\n<p id=\"conference_location_p_171\"><span class=\"barvanje\"\/>LOKACIJA<\/span><\/p>\n<ul class=\"conference_ul\" id=\"conference_location_ul_171\">\n<li>Institut &#8220;Jo\u017eef Stefan&#8221;<\/li>\n<li>Jamova cesta 39<\/li>\n<li>1000 Ljubljana<\/li>\n<li>Slovenia<\/li>\n<\/ul>\n<p><\/p>\n<div class=\"call_for_paper_div\"><a class=\"barva_linka\" href=\"https:\/\/easychair.org\/conferences\/?conf=is2025-aiinhealthcare\" target=\"_blank\">Oddaja prispevkov<\/a><\/div>\n<p><\/p>\n<div class=\"call_for_paper_div\"><a class=\"barva_linka\" href=\"https:\/\/is.ijs.si\/wp-content\/uploads\/2025\/06\/IS2025_CFP_AI-IN-HEALTHCAREang.pdf\" target=\"_blank\">Vabilo za prispevke<\/a><\/div>\n<\/div>\n<div id=\"conference_button_160\" class=\"imena_konferenc\" type=\"button\">\n<div class=\"div_konference_title\">VZGOJA IN IZOBRA\u017dEVANJE V INFORMACIJSKI DRU\u017dBI &#8211; VIVID<\/div>\n<div class=\"plus\" style=\"color: #ca2ef5\">+<\/div>\n<\/div>\n<div class=\"conference_div\" id=\"conference_div_160\" hidden>\n<p><span class=\"barvanje\"\/>PREDSEDNIKI<\/span><\/p>\n<ul class=\"conference_ul\" id=\"conference_contact_ul_160\">\n<li>dr. Borut Batagelj<\/li>\n<\/ul>\n<p id=\"conference_contact_p_160\"><span class=\"barvanje\"\/>KONTAKTNA OSEBA<\/span><\/p>\n<ul class=\"conference_ul\" id=\"conference_contact_ul_160\">\n<li>prof. dr. Uro\u0161 Rajkovi\u010d<\/li>\n<li> Telefon:  041332515<\/li>\n<li> Email: konferencaVIVID@gmail.com<\/li>\n<\/ul>\n<p id=\"conference_location_p_160\"><span class=\"barvanje\"\/>LOKACIJA<\/span><\/p>\n<ul class=\"conference_ul\" id=\"conference_location_ul_160\">\n<li>Univerza v Mariboru<\/li>\n<li>Fakulteta za organizacijske vede<\/li>\n<li>Kidri\u010deva cesta 55a<\/li>\n<li>4000 Kranj<\/li>\n<li>Slovenia<\/li>\n<\/ul>\n<p><\/p>\n<div class=\"call_for_paper_div\"><a class=\"barva_linka\" href=\"mailto:konferencaVIVID@gmail.com\" target=\"_blank\">Oddaja prispevkov<\/a><\/div>\n<\/div>\n<p><script type=\"text\/javascript\">jQuery(document).ready(function() { jQuery(\"#conference_button_134\").click(function () { jQuery(\"#conference_div_134\").toggle(500); }); });jQuery(document).ready(function() { jQuery(\"#conference_button_170\").click(function () { jQuery(\"#conference_div_170\").toggle(500); }); });jQuery(document).ready(function() { jQuery(\"#conference_button_168\").click(function () { jQuery(\"#conference_div_168\").toggle(500); }); });jQuery(document).ready(function() { jQuery(\"#conference_button_131\").click(function () { jQuery(\"#conference_div_131\").toggle(500); }); });jQuery(document).ready(function() { jQuery(\"#conference_button_172\").click(function () { jQuery(\"#conference_div_172\").toggle(500); }); });jQuery(document).ready(function() { jQuery(\"#conference_button_169\").click(function () { jQuery(\"#conference_div_169\").toggle(500); }); });jQuery(document).ready(function() { jQuery(\"#conference_button_161\").click(function () { jQuery(\"#conference_div_161\").toggle(500); }); });jQuery(document).ready(function() { jQuery(\"#conference_button_136\").click(function () { jQuery(\"#conference_div_136\").toggle(500); }); });jQuery(document).ready(function() { jQuery(\"#conference_button_167\").click(function () { jQuery(\"#conference_div_167\").toggle(500); }); });jQuery(document).ready(function() { jQuery(\"#conference_button_132\").click(function () { jQuery(\"#conference_div_132\").toggle(500); }); });jQuery(document).ready(function() { jQuery(\"#conference_button_130\").click(function () { jQuery(\"#conference_div_130\").toggle(500); }); });jQuery(document).ready(function() { jQuery(\"#conference_button_171\").click(function () { jQuery(\"#conference_div_171\").toggle(500); }); });jQuery(document).ready(function() { jQuery(\"#conference_button_160\").click(function () { jQuery(\"#conference_div_160\").toggle(500); }); });<\/script><\/p>\n","protected":false},"excerpt":{"rendered":"<p>DEMOGRAFSKE IN DRU\u017dINSKE ANALIZE + PREDSEDNIKI prof. dr. Janez Mala\u010di\u010d, prof. dr. Mari Jo\u017ee Osredkar, . KONTAKTNA OSEBA prof. dr. Matja\u017e Gams Telefon: 01\/477-3644 Email: matjaz.gams@ijs.si LOKACIJA Institut &#8220;Jo\u017eef Stefan&#8221; Jamova cesta 39 1000 Ljubljana Slovenia Oddaja prispevkov Vabilo za prispevke DIGITALNA PREOBRAZBA ZDRAVSTVENE NEGE (SIZN 2025) + PREDSEDNIKI prof. dr. Bo\u0161tjan \u017dvanut KONTAKTNA OSEBA prof. dr. Bo\u0161tjan \u017dvanut Telefon: \/ Email: bostjan.zvanut@gmail.com LOKACIJA Institut &#8220;Jo\u017eef Stefan&#8221; Jamova cesta 39 1000 Ljubljana Slovenia Oddaja prispevkov Vabilo za prispevke DIGITALNA VKLJU\u010cENOST V INFORMACIJSKI DRU\u017dBI \u2013 DIGIN 2025 + PREDSEDNIKI izr. prof. dr. Bo\u0161tjan \u0160umak, Maja Pu\u0161nik KONTAKTNA OSEBA Maja Pu\u0161nik Telefon: (02) 220 7359 Email: maja.pusnik@um.si LOKACIJA Univerza v Mariboru Fakulteta za elektrotehniko, ra\u010dunalni\u0161tvo in informatiko Koro\u0161ka cesta 46 2000 Maribor Slovenia Oddaja prispevkov Vabilo za prispevke KOGNITIVNA ZNANOST + PREDSEDNIKI dr. Anka Slana Ozimi\u010d, dr. Borut Trpin, dr. Olga Marki\u010d, dr. Toma Strle KONTAKTNA OSEBA dr. Toma Strle Telefon: Email: kognitivna@guest.arnes.si LOKACIJA Institut &#8220;Jo\u017eef Stefan&#8221; Jamova cesta 39 1000 Ljubljana Slovenia Oddaja prispevkov Vabilo za prispevke KOGNITONIKA 2025 + PREDSEDNIKI prof.dr Vladimir A. Fomichov, dr. Olga S. Fomichova KONTAKTNA OSEBA prof.dr Vladimir A. Fomichov Telefon: Email: vfomichov@gmail.com Vabilo za prispevke KONFERENCA O ZDRAVI DOLGO\u017dIVOSTI + PREDSEDNIKI Martin Lipov\u0161ek KONTAKTNA OSEBA Martin Lipov\u0161ek Telefon: 01\/12345678 Email: martin.lipovsek@gmail.com LOKACIJA Institut &#8220;Jo\u017eef Stefan&#8221; Jamova cesta 39 1000 Ljubljana Slovenia Oddaja prispevkov Vabilo za prispevke LEGENDE RA\u010cUNALNI\u0160TVA IN INFORMATIKE + PREDSEDNIKI prof. dr. Matja\u017e Gams, Tone Stanovnik KONTAKTNA OSEBA prof. dr. Matja\u017e Gams Telefon: +386 1 477 3644 Email: matjaz.gams@ijs.si LOKACIJA Institut &#8220;Jo\u017eef Stefan&#8221; Jamova cesta 39 1000 Ljubljana Slovenia Oddaja prispevkov Vabilo za prispevke MEDNARODNA KONFERENCA O PRENOSU TEHNOLOGIJ + PREDSEDNIKI dr. \u0160pela Stres, mag. Marjeta Trobec, mag. Robert Blatnik KONTAKTNA OSEBA mag. Marjeta Trobec Telefon: Email: tehnologije@ijs.si LOKACIJA Institut &#8220;Jo\u017eef Stefan&#8221; Jamova cesta 39 1000 Ljubljana Slovenia Oddaja prispevkov Vabilo za prispevke MITI IN RESNICE O VAROVANJU OKOLJA + PREDSEDNIKI Erik Margan, mag. Toma\u017e Ogrin , prof. dr. Rafael Mihali\u010d KONTAKTNA OSEBA Erik Margan Telefon: +3861 4773632 Email: erik.margan@ijs.si LOKACIJA Institut &#8220;Jo\u017eef Stefan&#8221; Jamova cesta 39 1000 Ljubljana Slovenia Oddaja prispevkov Vabilo za prispevke ODKRIVANJE ZNANJA IN PODATKOVNA SKLADI\u0160\u010cA &#8211; SIKDD 2025 + PREDSEDNIKI Marko Grobelnik, prof. dr. Dunja Mladeni\u0107 KONTAKTNA OSEBA prof. dr. Dunja Mladeni\u0107 Telefon: +38614773377 Email: dunja.mladenic@ijs.si LOKACIJA Institut &#8220;Jo\u017eef Stefan&#8221; Jamova cesta 39 1000 Ljubljana Slovenia Oddaja prispevkov Vabilo za prispevke SLOVENSKA KONFERENCA O UMETNI INTELIGENCI &#8211; SKUI + PREDSEDNIKI dr. Mitja Lu\u0161trek, dr. Rok Piltaver, prof. dr. Matja\u017e Gams KONTAKTNA OSEBA dr. Mitja Lu\u0161trek Telefon: 014773380 Email: mitja.lustrek@ijs.si LOKACIJA Institut &#8220;Jo\u017eef Stefan&#8221; Jamova cesta 39 1000 Ljubljana Slovenia Oddaja prispevkov Vabilo za prispevke UPORABA UI V ZDRAVSTVU + PREDSEDNIKI dr. Monika Simjanoska, dr. Stevo Luki\u0107, prof. dr. Franz Wotawa KONTAKTNA OSEBA \u017diga Kolar Telefon: +3861 4773865 Email: ziga.kolar@ijs.si LOKACIJA Institut &#8220;Jo\u017eef Stefan&#8221; Jamova cesta 39 1000 Ljubljana Slovenia Oddaja prispevkov Vabilo za prispevke VZGOJA IN IZOBRA\u017dEVANJE V INFORMACIJSKI DRU\u017dBI &#8211; VIVID + PREDSEDNIKI dr. Borut Batagelj KONTAKTNA OSEBA prof. dr. Uro\u0161 Rajkovi\u010d Telefon: 041332515 Email: konferencaVIVID@gmail.com LOKACIJA Univerza v Mariboru Fakulteta za organizacijske vede Kidri\u010deva cesta 55a 4000 Kranj Slovenia Oddaja prispevkov<\/p>\n","protected":false},"author":1,"featured_media":0,"parent":0,"menu_order":0,"comment_status":"closed","ping_status":"closed","template":"","meta":{"footnotes":""},"class_list":["post-35","page","type-page","status-publish","hentry"],"_links":{"self":[{"href":"https:\/\/is.ijs.si\/index.php?rest_route=\/wp\/v2\/pages\/35","targetHints":{"allow":["GET"]}}],"collection":[{"href":"https:\/\/is.ijs.si\/index.php?rest_route=\/wp\/v2\/pages"}],"about":[{"href":"https:\/\/is.ijs.si\/index.php?rest_route=\/wp\/v2\/types\/page"}],"author":[{"embeddable":true,"href":"https:\/\/is.ijs.si\/index.php?rest_route=\/wp\/v2\/users\/1"}],"replies":[{"embeddable":true,"href":"https:\/\/is.ijs.si\/index.php?rest_route=%2Fwp%2Fv2%2Fcomments&post=35"}],"version-history":[{"count":21,"href":"https:\/\/is.ijs.si\/index.php?rest_route=\/wp\/v2\/pages\/35\/revisions"}],"predecessor-version":[{"id":25215,"href":"https:\/\/is.ijs.si\/index.php?rest_route=\/wp\/v2\/pages\/35\/revisions\/25215"}],"wp:attachment":[{"href":"https:\/\/is.ijs.si\/index.php?rest_route=%2Fwp%2Fv2%2Fmedia&parent=35"}],"curies":[{"name":"wp","href":"https:\/\/api.w.org\/{rel}","templated":true}]}}