{"id":34,"date":"2018-07-02T09:13:54","date_gmt":"2018-07-02T09:13:54","guid":{"rendered":"http:\/\/localhost\/?page_id=38"},"modified":"2025-10-09T13:05:18","modified_gmt":"2025-10-09T13:05:18","slug":"conferences","status":"publish","type":"page","link":"https:\/\/is.ijs.si\/?page_id=34","title":{"rendered":"CONFERENCES"},"content":{"rendered":"<div id=\"conference_button_171\" class=\"imena_konferenc\" type=\"button\">\n<div class=\"div_konference_title\">AI IN HEALTHCARE<\/div>\n<div class=\"plus\" style=\"color: #ae78d6\">+<\/div>\n<\/div>\n<div class=\"conference_div\" id=\"conference_div_171\" hidden>\n<p><span class=\"barvanje\"\/>PRESIDENTS<\/span><\/p>\n<ul class=\"conference_ul\" id=\"conference_contact_ul_171\">\n<li>Dr. Monika Simjanoska, Dr. Stevo Luki\u0107, Prof. Dr. Franz Wotawa<\/li>\n<\/ul>\n<p id=\"conference_contact_p_171\"><span class=\"barvanje\"\/>CONTACT<\/span><\/p>\n<ul class=\"conference_ul\" id=\"conference_contact_ul_171\">\n<li>\u017diga Kolar<\/li>\n<li> Phone: +3861 4773865<\/li>\n<li> Email: ziga.kolar@ijs.si<\/li>\n<\/ul>\n<p id=\"conference_location_p_171\"><span class=\"barvanje\"\/>LOCATION<\/span><\/p>\n<ul class=\"conference_ul\" id=\"conference_location_ul_171\">\n<li>Jozef Stefan Institute<\/li>\n<li>Jamova cesta 39<\/li>\n<li>1000 Ljubljana<\/li>\n<li>Slovenia<\/li>\n<\/ul>\n<p><\/p>\n<div class=\"call_for_paper_div\"><a href=\"https:\/\/easychair.org\/conferences\/?conf=is2025-aiinhealthcare\" target=\"_blank\">Paper Submission<\/a><\/div>\n<div class=\"call_for_paper_div\"><a href=\"https:\/\/is.ijs.si\/wp-content\/uploads\/2025\/06\/IS2025_CFP_AI-IN-HEALTHCAREang.pdf\" target=\"_blank\">Call for papers<\/a><\/div>\n<\/div>\n<div id=\"conference_button_131\" class=\"imena_konferenc\" type=\"button\">\n<div class=\"div_konference_title\">COGNITIVE SCIENCE<\/div>\n<div class=\"plus\" style=\"color: #f13b3b\">+<\/div>\n<\/div>\n<div class=\"conference_div\" id=\"conference_div_131\" hidden>\n<p><span class=\"barvanje\"\/>PRESIDENTS<\/span><\/p>\n<ul class=\"conference_ul\" id=\"conference_contact_ul_131\">\n<li>Dr. Anka Slana Ozimi\u010d, Dr. Borut Trpin, Dr. Olga Marki\u010d, Dr. Toma Strle<\/li>\n<\/ul>\n<p id=\"conference_contact_p_131\"><span class=\"barvanje\"\/>CONTACT<\/span><\/p>\n<ul class=\"conference_ul\" id=\"conference_contact_ul_131\">\n<li>dr. Toma Strle<\/li>\n<li> Phone: <\/li>\n<li> Email: kognitivna@guest.arnes.si <\/li>\n<\/ul>\n<p id=\"conference_location_p_131\"><span class=\"barvanje\"\/>LOCATION<\/span><\/p>\n<ul class=\"conference_ul\" id=\"conference_location_ul_131\">\n<li>Jozef Stefan Institute<\/li>\n<li>Jamova cesta 39<\/li>\n<li>1000 Ljubljana<\/li>\n<li>Slovenia<\/li>\n<\/ul>\n<p><\/p>\n<div class=\"call_for_paper_div\"><a href=\"https:\/\/easychair.org\/conferences\/?conf=is2025-cognitivescience\" target=\"_blank\">Paper Submission<\/a><\/div>\n<div class=\"call_for_paper_div\"><a href=\"https:\/\/is.ijs.si\/wp-content\/uploads\/2025\/08\/Cogsci25-angslo.pdf\" target=\"_blank\">Call for papers<\/a><\/div>\n<\/div>\n<div id=\"conference_button_169\" class=\"imena_konferenc\" type=\"button\">\n<div class=\"div_konference_title\">CONFERENCE ON HEALTHY LONGEVITY<\/div>\n<div class=\"plus\" style=\"color: #009e9e\">+<\/div>\n<\/div>\n<div class=\"conference_div\" id=\"conference_div_169\" hidden>\n<p><span class=\"barvanje\"\/>PRESIDENTS<\/span><\/p>\n<ul class=\"conference_ul\" id=\"conference_contact_ul_169\">\n<li>Martin Lipov\u0161ek<\/li>\n<\/ul>\n<p id=\"conference_contact_p_169\"><span class=\"barvanje\"\/>CONTACT<\/span><\/p>\n<ul class=\"conference_ul\" id=\"conference_contact_ul_169\">\n<li>Martin Lipov\u0161ek<\/li>\n<li> Phone: 01\/12345678<\/li>\n<li> Email: martin.lipovsek@gmail.com<\/li>\n<\/ul>\n<p id=\"conference_location_p_169\"><span class=\"barvanje\"\/>LOCATION<\/span><\/p>\n<ul class=\"conference_ul\" id=\"conference_location_ul_169\">\n<li>Jozef Stefan Institute<\/li>\n<li>Jamova cesta 39<\/li>\n<li>1000 Ljubljana<\/li>\n<li>Slovenia<\/li>\n<\/ul>\n<p><\/p>\n<div class=\"call_for_paper_div\"><a href=\"https:\/\/easychair.org\/conferences?conf=is2025-dolgozivost\" target=\"_blank\">Paper Submission<\/a><\/div>\n<div class=\"call_for_paper_div\"><a href=\"https:\/\/podaljsevanje-zivljenja.si\/konferenca-2025\/\" target=\"_blank\">Call for papers<\/a><\/div>\n<\/div>\n<div id=\"conference_button_132\" class=\"imena_konferenc\" type=\"button\">\n<div class=\"div_konference_title\">DATA MINING AND DATA WAREHAUSES &#8211; SIKDD 2025<\/div>\n<div class=\"plus\" style=\"color: #f28e02\">+<\/div>\n<\/div>\n<div class=\"conference_div\" id=\"conference_div_132\" hidden>\n<p><span class=\"barvanje\"\/>PRESIDENTS<\/span><\/p>\n<ul class=\"conference_ul\" id=\"conference_contact_ul_132\">\n<li>Marko Grobelnik, Prof. Dr. Dunja Mladeni\u0107<\/li>\n<\/ul>\n<p id=\"conference_contact_p_132\"><span class=\"barvanje\"\/>CONTACT<\/span><\/p>\n<ul class=\"conference_ul\" id=\"conference_contact_ul_132\">\n<li>prof. dr. Dunja Mladeni\u0107<\/li>\n<li> Phone: +38614773377<\/li>\n<li> Email: dunja.mladenic@ijs.si<\/li>\n<\/ul>\n<p id=\"conference_location_p_132\"><span class=\"barvanje\"\/>LOCATION<\/span><\/p>\n<ul class=\"conference_ul\" id=\"conference_location_ul_132\">\n<li>Jozef Stefan Institute<\/li>\n<li>Jamova cesta 39<\/li>\n<li>1000 Ljubljana<\/li>\n<li>Slovenia<\/li>\n<\/ul>\n<p><\/p>\n<div class=\"call_for_paper_div\"><a href=\"https:\/\/easychair.org\/conferences?conf=is2025sikdd\" target=\"_blank\">Paper Submission<\/a><\/div>\n<div class=\"call_for_paper_div\"><a href=\"https:\/\/ailab.ijs.si\/dunja\/SiKDD2025\/\" target=\"_blank\">Call for papers<\/a><\/div>\n<\/div>\n<div id=\"conference_button_134\" class=\"imena_konferenc\" type=\"button\">\n<div class=\"div_konference_title\">DEMOGRAPHIC AND FAMILY ANALYSES<\/div>\n<div class=\"plus\" style=\"color: #e498e1\">+<\/div>\n<\/div>\n<div class=\"conference_div\" id=\"conference_div_134\" hidden>\n<p><span class=\"barvanje\"\/>PRESIDENTS<\/span><\/p>\n<ul class=\"conference_ul\" id=\"conference_contact_ul_134\">\n<li>Prof. Dr. Janez Mala\u010di\u010d, Prof. Dr. Mari Jo\u017ee Osredkar<\/li>\n<\/ul>\n<p id=\"conference_contact_p_134\"><span class=\"barvanje\"\/>CONTACT<\/span><\/p>\n<ul class=\"conference_ul\" id=\"conference_contact_ul_134\">\n<li>prof. dr. Matja\u017e Gams<\/li>\n<li> Phone: 01\/477-3644<\/li>\n<li> Email: matjaz.gams@ijs.si<\/li>\n<\/ul>\n<p id=\"conference_location_p_134\"><span class=\"barvanje\"\/>LOCATION<\/span><\/p>\n<ul class=\"conference_ul\" id=\"conference_location_ul_134\">\n<li>Jozef Stefan Institute<\/li>\n<li>Jamova cesta 39<\/li>\n<li>1000 Ljubljana<\/li>\n<li>Slovenia<\/li>\n<\/ul>\n<p><\/p>\n<div class=\"call_for_paper_div\"><a href=\"https:\/\/easychair.org\/conferences\/?conf=is2025-demographics\" target=\"_blank\">Paper Submission<\/a><\/div>\n<div class=\"call_for_paper_div\"><a href=\"https:\/\/is.ijs.si\/wp-content\/uploads\/2025\/08\/IS2025_CFP_Demografske-Druzinske-Analize_slo_novo.pdf\" target=\"_blank\">Call for papers<\/a><\/div>\n<\/div>\n<div id=\"conference_button_168\" class=\"imena_konferenc\" type=\"button\">\n<div class=\"div_konference_title\">DIGITAL INCLUSION IN INFORMATION SOCIETY &#8211; DIGIN 2025<\/div>\n<div class=\"plus\" style=\"color: #cbf014\">+<\/div>\n<\/div>\n<div class=\"conference_div\" id=\"conference_div_168\" hidden>\n<p><span class=\"barvanje\"\/>PRESIDENTS<\/span><\/p>\n<ul class=\"conference_ul\" id=\"conference_contact_ul_168\">\n<li>izr. Prof. Dr. Bo\u0161tjan \u0160umak, Maja Pu\u0161nik<\/li>\n<\/ul>\n<p id=\"conference_contact_p_168\"><span class=\"barvanje\"\/>CONTACT<\/span><\/p>\n<ul class=\"conference_ul\" id=\"conference_contact_ul_168\">\n<li>Maja Pu\u0161nik<\/li>\n<li> Phone: (02) 220 7359<\/li>\n<li> Email: maja.pusnik@um.si<\/li>\n<\/ul>\n<p id=\"conference_location_p_168\"><span class=\"barvanje\"\/>LOCATION<\/span><\/p>\n<ul class=\"conference_ul\" id=\"conference_location_ul_168\">\n<li>University of Maribor<\/li>\n<li>Faculty of Electrical Engineering and Computer Science<\/li>\n<li>Koro\u0161ka cesta 46<\/li>\n<li>2000 Maribor<\/li>\n<li>Slovenia<\/li>\n<\/ul>\n<p><\/p>\n<div class=\"call_for_paper_div\"><a href=\"https:\/\/easychair.org\/conferences\/?conf=is2025-digin\" target=\"_blank\">Paper Submission<\/a><\/div>\n<div class=\"call_for_paper_div\"><a href=\"https:\/\/www.digin.si\/\" target=\"_blank\">Call for papers<\/a><\/div>\n<\/div>\n<div id=\"conference_button_170\" class=\"imena_konferenc\" type=\"button\">\n<div class=\"div_konference_title\">DIGITAL TRANSFORMATION OF NURSING (SIZN 2025)<\/div>\n<div class=\"plus\" style=\"color: #276768\">+<\/div>\n<\/div>\n<div class=\"conference_div\" id=\"conference_div_170\" hidden>\n<p><span class=\"barvanje\"\/>PRESIDENTS<\/span><\/p>\n<ul class=\"conference_ul\" id=\"conference_contact_ul_170\">\n<li>Prof. Dr. Bo\u0161tjan \u017dvanut<\/li>\n<\/ul>\n<p id=\"conference_contact_p_170\"><span class=\"barvanje\"\/>CONTACT<\/span><\/p>\n<ul class=\"conference_ul\" id=\"conference_contact_ul_170\">\n<li>prof. dr. Bo\u0161tjan \u017dvanut<\/li>\n<li> Phone: \/<\/li>\n<li> Email: bostjan.zvanut@gmail.com<\/li>\n<\/ul>\n<p id=\"conference_location_p_170\"><span class=\"barvanje\"\/>LOCATION<\/span><\/p>\n<ul class=\"conference_ul\" id=\"conference_location_ul_170\">\n<li>Jozef Stefan Institute<\/li>\n<li>Jamova cesta 39<\/li>\n<li>1000 Ljubljana<\/li>\n<li>Slovenia<\/li>\n<\/ul>\n<p><\/p>\n<div class=\"call_for_paper_div\"><a href=\"                 https:\/\/easychair.org\/conferences\/?conf=is2025-sizn\" target=\"_blank\">Paper Submission<\/a><\/div>\n<div class=\"call_for_paper_div\"><a href=\"https:\/\/is.ijs.si\/wp-content\/uploads\/2025\/05\/IS2025_CFP_SIZN_slo_final.pdf\" target=\"_blank\">Call for papers<\/a><\/div>\n<\/div>\n<div id=\"conference_button_160\" class=\"imena_konferenc\" type=\"button\">\n<div class=\"div_konference_title\">EDUCATION IN INFORMATION SOCIETY &#8211; VIVID<\/div>\n<div class=\"plus\" style=\"color: #ca2ef5\">+<\/div>\n<\/div>\n<div class=\"conference_div\" id=\"conference_div_160\" hidden>\n<p><span class=\"barvanje\"\/>PRESIDENTS<\/span><\/p>\n<ul class=\"conference_ul\" id=\"conference_contact_ul_160\">\n<li>Dr. Borut Batagelj<\/li>\n<\/ul>\n<p id=\"conference_contact_p_160\"><span class=\"barvanje\"\/>CONTACT<\/span><\/p>\n<ul class=\"conference_ul\" id=\"conference_contact_ul_160\">\n<li>prof. dr. Uro\u0161 Rajkovi\u010d<\/li>\n<li> Phone:  041332515<\/li>\n<li> Email: konferencaVIVID@gmail.com<\/li>\n<\/ul>\n<p id=\"conference_location_p_160\"><span class=\"barvanje\"\/>LOCATION<\/span><\/p>\n<ul class=\"conference_ul\" id=\"conference_location_ul_160\">\n<li>University of Maribor<\/li>\n<li>Faculty of Organizational Sciences<\/li>\n<li>Kidri\u010deva cesta 55a<\/li>\n<li>4000 Kranj<\/li>\n<li>Slovenia<\/li>\n<\/ul>\n<p><\/p>\n<div class=\"call_for_paper_div\"><a href=\"mailto:konferencaVIVID@gmail.com\" target=\"_blank\">Paper Submission<\/a><\/div>\n<\/div>\n<div id=\"conference_button_172\" class=\"imena_konferenc\" type=\"button\">\n<div class=\"div_konference_title\">EIGHTH INTERNATIONAL CONFERENCE ON COGNITONICS 2025<\/div>\n<div class=\"plus\" style=\"color: #06dbcd\">+<\/div>\n<\/div>\n<div class=\"conference_div\" id=\"conference_div_172\" hidden>\n<p><span class=\"barvanje\"\/>PRESIDENTS<\/span><\/p>\n<ul class=\"conference_ul\" id=\"conference_contact_ul_172\">\n<li> Prof.dr Vladimir A. Fomichov, Dr. Olga S. Fomichova<\/li>\n<\/ul>\n<p id=\"conference_contact_p_172\"><span class=\"barvanje\"\/>CONTACT<\/span><\/p>\n<ul class=\"conference_ul\" id=\"conference_contact_ul_172\">\n<li> prof.dr Vladimir A. Fomichov<\/li>\n<li> Phone: <\/li>\n<li> Email:  vfomichov@gmail.com<\/li>\n<\/ul>\n<div class=\"call_for_paper_div\"><a href=\"https:\/\/is.ijs.si\/wp-content\/uploads\/2025\/08\/Cognit2025SecondCallForPapersLjubljana.pdf\" target=\"_blank\">Call for papers<\/a><\/div>\n<\/div>\n<div id=\"conference_button_136\" class=\"imena_konferenc\" type=\"button\">\n<div class=\"div_konference_title\">INTERNATIONAL TECHNOLOGY TRANSFER CONFERENCE &#8211; ITTC<\/div>\n<div class=\"plus\" style=\"color: #7f59e8\">+<\/div>\n<\/div>\n<div class=\"conference_div\" id=\"conference_div_136\" hidden>\n<p><span class=\"barvanje\"\/>PRESIDENTS<\/span><\/p>\n<ul class=\"conference_ul\" id=\"conference_contact_ul_136\">\n<li>Dr. \u0160pela Stres, mag. Marjeta Trobec, mag. Robert Blatnik<\/li>\n<\/ul>\n<p id=\"conference_contact_p_136\"><span class=\"barvanje\"\/>CONTACT<\/span><\/p>\n<ul class=\"conference_ul\" id=\"conference_contact_ul_136\">\n<li>mag. Marjeta Trobec<\/li>\n<li> Phone: <\/li>\n<li> Email: tehnologije@ijs.si<\/li>\n<\/ul>\n<p id=\"conference_location_p_136\"><span class=\"barvanje\"\/>LOCATION<\/span><\/p>\n<ul class=\"conference_ul\" id=\"conference_location_ul_136\">\n<li>Jozef Stefan Institute<\/li>\n<li>Jamova cesta 39<\/li>\n<li>1000 Ljubljana<\/li>\n<li>Slovenia<\/li>\n<\/ul>\n<p><\/p>\n<div class=\"call_for_paper_div\"><a href=\" http:\/\/ittc.ijs.si\/call-for-research-and-scientific-papers-on-technology-transfer-and-intellectual-property\/\" target=\"_blank\">Paper Submission<\/a><\/div>\n<div class=\"call_for_paper_div\"><a href=\"http:\/\/ittc.ijs.si\/\" target=\"_blank\">Call for papers<\/a><\/div>\n<\/div>\n<div id=\"conference_button_161\" class=\"imena_konferenc\" type=\"button\">\n<div class=\"div_konference_title\">LEGENDS OF COMPUTING AND INFORMATICS<\/div>\n<div class=\"plus\" style=\"color: #f3f312\">+<\/div>\n<\/div>\n<div class=\"conference_div\" id=\"conference_div_161\" hidden>\n<p><span class=\"barvanje\"\/>PRESIDENTS<\/span><\/p>\n<ul class=\"conference_ul\" id=\"conference_contact_ul_161\">\n<li>Prof. Dr. Matja\u017e Gams, Tone Stanovnik<\/li>\n<\/ul>\n<p id=\"conference_contact_p_161\"><span class=\"barvanje\"\/>CONTACT<\/span><\/p>\n<ul class=\"conference_ul\" id=\"conference_contact_ul_161\">\n<li>prof. dr. Matja\u017e Gams<\/li>\n<li> Phone: +386 1 477 3644<\/li>\n<li> Email: matjaz.gams@ijs.si<\/li>\n<\/ul>\n<p id=\"conference_location_p_161\"><span class=\"barvanje\"\/>LOCATION<\/span><\/p>\n<ul class=\"conference_ul\" id=\"conference_location_ul_161\">\n<li>Jozef Stefan Institute<\/li>\n<li>Jamova cesta 39<\/li>\n<li>1000 Ljubljana<\/li>\n<li>Slovenia<\/li>\n<\/ul>\n<p><\/p>\n<div class=\"call_for_paper_div\"><a href=\"https:\/\/easychair.org\/conferences?conf=is2025-legende\" target=\"_blank\">Paper Submission<\/a><\/div>\n<div class=\"call_for_paper_div\"><a href=\"https:\/\/is.ijs.si\/wp-content\/uploads\/2025\/07\/IS2025_CFP_LEGENDE-1-posodobljen-z-novim-easychair-linkom.pdf\" target=\"_blank\">Call for papers<\/a><\/div>\n<\/div>\n<div id=\"conference_button_167\" class=\"imena_konferenc\" type=\"button\">\n<div class=\"div_konference_title\">MYTHS AND TRUTHS ABOUT ENVIRONMENTAL PROTECTION<\/div>\n<div class=\"plus\" style=\"color: #279b4f\">+<\/div>\n<\/div>\n<div class=\"conference_div\" id=\"conference_div_167\" hidden>\n<p><span class=\"barvanje\"\/>PRESIDENTS<\/span><\/p>\n<ul class=\"conference_ul\" id=\"conference_contact_ul_167\">\n<li>Erik Margan, mag. Toma\u017e Ogrin , Prof. Dr. Rafael Mihali\u010d<\/li>\n<\/ul>\n<p id=\"conference_contact_p_167\"><span class=\"barvanje\"\/>CONTACT<\/span><\/p>\n<ul class=\"conference_ul\" id=\"conference_contact_ul_167\">\n<li>Erik Margan<\/li>\n<li> Phone: +3861 4773632 <\/li>\n<li> Email: erik.margan@ijs.si<\/li>\n<\/ul>\n<p id=\"conference_location_p_167\"><span class=\"barvanje\"\/>LOCATION<\/span><\/p>\n<ul class=\"conference_ul\" id=\"conference_location_ul_167\">\n<li>Jozef Stefan Institute<\/li>\n<li>Jamova cesta 39<\/li>\n<li>1000 Ljubljana<\/li>\n<li>Slovenia<\/li>\n<\/ul>\n<p><\/p>\n<div class=\"call_for_paper_div\"><a href=\"https:\/\/easychair.org\/conferences\/?conf=is2025-environment\" target=\"_blank\">Paper Submission<\/a><\/div>\n<div class=\"call_for_paper_div\"><a href=\"https:\/\/is.ijs.si\/wp-content\/uploads\/2025\/07\/IS2025_CFP_Okolje_SL.pdf\" target=\"_blank\">Call for papers<\/a><\/div>\n<\/div>\n<div id=\"conference_button_130\" class=\"imena_konferenc\" type=\"button\">\n<div class=\"div_konference_title\">SLOVENIAN CONFERENCE ON ARTIFICIAL INTELLIGENCE &#8211; SLAIS<\/div>\n<div class=\"plus\" style=\"color: #2d96ff\">+<\/div>\n<\/div>\n<div class=\"conference_div\" id=\"conference_div_130\" hidden>\n<p><span class=\"barvanje\"\/>PRESIDENTS<\/span><\/p>\n<ul class=\"conference_ul\" id=\"conference_contact_ul_130\">\n<li>Dr. Mitja Lu\u0161trek, Dr. Rok Piltaver, Prof. Dr. Matja\u017e Gams<\/li>\n<\/ul>\n<p id=\"conference_contact_p_130\"><span class=\"barvanje\"\/>CONTACT<\/span><\/p>\n<ul class=\"conference_ul\" id=\"conference_contact_ul_130\">\n<li>dr. Mitja Lu\u0161trek<\/li>\n<li> Phone: 014773380<\/li>\n<li> Email: mitja.lustrek@ijs.si<\/li>\n<\/ul>\n<p id=\"conference_location_p_130\"><span class=\"barvanje\"\/>LOCATION<\/span><\/p>\n<ul class=\"conference_ul\" id=\"conference_location_ul_130\">\n<li>Jozef Stefan Institute<\/li>\n<li>Jamova cesta 39<\/li>\n<li>1000 Ljubljana<\/li>\n<li>Slovenia<\/li>\n<\/ul>\n<p><\/p>\n<div class=\"call_for_paper_div\"><a href=\"https:\/\/easychair.org\/conferences?conf=skui2025\" target=\"_blank\">Paper Submission<\/a><\/div>\n<div class=\"call_for_paper_div\"><a href=\"https:\/\/is.ijs.si\/wp-content\/uploads\/2025\/06\/IS2025-SKUI-CFP-eng-svn-3.pdf\" target=\"_blank\">Call for papers<\/a><\/div>\n<\/div>\n<p><script type=\"text\/javascript\">jQuery(document).ready(function() { jQuery(\"#conference_button_171\").click(function () { jQuery(\"#conference_div_171\").toggle(500); }); });jQuery(document).ready(function() { jQuery(\"#conference_button_131\").click(function () { jQuery(\"#conference_div_131\").toggle(500); }); });jQuery(document).ready(function() { jQuery(\"#conference_button_169\").click(function () { jQuery(\"#conference_div_169\").toggle(500); }); });jQuery(document).ready(function() { jQuery(\"#conference_button_132\").click(function () { jQuery(\"#conference_div_132\").toggle(500); }); });jQuery(document).ready(function() { jQuery(\"#conference_button_134\").click(function () { jQuery(\"#conference_div_134\").toggle(500); }); });jQuery(document).ready(function() { jQuery(\"#conference_button_168\").click(function () { jQuery(\"#conference_div_168\").toggle(500); }); });jQuery(document).ready(function() { jQuery(\"#conference_button_170\").click(function () { jQuery(\"#conference_div_170\").toggle(500); }); });jQuery(document).ready(function() { jQuery(\"#conference_button_160\").click(function () { jQuery(\"#conference_div_160\").toggle(500); }); });jQuery(document).ready(function() { jQuery(\"#conference_button_172\").click(function () { jQuery(\"#conference_div_172\").toggle(500); }); });jQuery(document).ready(function() { jQuery(\"#conference_button_136\").click(function () { jQuery(\"#conference_div_136\").toggle(500); }); });jQuery(document).ready(function() { jQuery(\"#conference_button_161\").click(function () { jQuery(\"#conference_div_161\").toggle(500); }); });jQuery(document).ready(function() { jQuery(\"#conference_button_167\").click(function () { jQuery(\"#conference_div_167\").toggle(500); }); });jQuery(document).ready(function() { jQuery(\"#conference_button_130\").click(function () { jQuery(\"#conference_div_130\").toggle(500); }); });<\/script><\/p>\n","protected":false},"excerpt":{"rendered":"<p>AI IN HEALTHCARE + PRESIDENTS Dr. Monika Simjanoska, Dr. Stevo Luki\u0107, Prof. Dr. Franz Wotawa CONTACT \u017diga Kolar Phone: +3861 4773865 Email: ziga.kolar@ijs.si LOCATION Jozef Stefan Institute Jamova cesta 39 1000 Ljubljana Slovenia Paper Submission Call for papers COGNITIVE SCIENCE + PRESIDENTS Dr. Anka Slana Ozimi\u010d, Dr. Borut Trpin, Dr. Olga Marki\u010d, Dr. Toma Strle CONTACT dr. Toma Strle Phone: Email: kognitivna@guest.arnes.si LOCATION Jozef Stefan Institute Jamova cesta 39 1000 Ljubljana Slovenia Paper Submission Call for papers CONFERENCE ON HEALTHY LONGEVITY + PRESIDENTS Martin Lipov\u0161ek CONTACT Martin Lipov\u0161ek Phone: 01\/12345678 Email: martin.lipovsek@gmail.com LOCATION Jozef Stefan Institute Jamova cesta 39 1000 Ljubljana Slovenia Paper Submission Call for papers DATA MINING AND DATA WAREHAUSES &#8211; SIKDD 2025 + PRESIDENTS Marko Grobelnik, Prof. Dr. Dunja Mladeni\u0107 CONTACT prof. dr. Dunja Mladeni\u0107 Phone: +38614773377 Email: dunja.mladenic@ijs.si LOCATION Jozef Stefan Institute Jamova cesta 39 1000 Ljubljana Slovenia Paper Submission Call for papers DEMOGRAPHIC AND FAMILY ANALYSES + PRESIDENTS Prof. Dr. Janez Mala\u010di\u010d, Prof. Dr. Mari Jo\u017ee Osredkar CONTACT prof. dr. Matja\u017e Gams Phone: 01\/477-3644 Email: matjaz.gams@ijs.si LOCATION Jozef Stefan Institute Jamova cesta 39 1000 Ljubljana Slovenia Paper Submission Call for papers DIGITAL INCLUSION IN INFORMATION SOCIETY &#8211; DIGIN 2025 + PRESIDENTS izr. Prof. Dr. Bo\u0161tjan \u0160umak, Maja Pu\u0161nik CONTACT Maja Pu\u0161nik Phone: (02) 220 7359 Email: maja.pusnik@um.si LOCATION University of Maribor Faculty of Electrical Engineering and Computer Science Koro\u0161ka cesta 46 2000 Maribor Slovenia Paper Submission Call for papers DIGITAL TRANSFORMATION OF NURSING (SIZN 2025) + PRESIDENTS Prof. Dr. Bo\u0161tjan \u017dvanut CONTACT prof. dr. Bo\u0161tjan \u017dvanut Phone: \/ Email: bostjan.zvanut@gmail.com LOCATION Jozef Stefan Institute Jamova cesta 39 1000 Ljubljana Slovenia Paper Submission Call for papers EDUCATION IN INFORMATION SOCIETY &#8211; VIVID + PRESIDENTS Dr. Borut Batagelj CONTACT prof. dr. Uro\u0161 Rajkovi\u010d Phone: 041332515 Email: konferencaVIVID@gmail.com LOCATION University of Maribor Faculty of Organizational Sciences Kidri\u010deva cesta 55a 4000 Kranj Slovenia Paper Submission EIGHTH INTERNATIONAL CONFERENCE ON COGNITONICS 2025 + PRESIDENTS Prof.dr Vladimir A. Fomichov, Dr. Olga S. Fomichova CONTACT prof.dr Vladimir A. Fomichov Phone: Email: vfomichov@gmail.com Call for papers INTERNATIONAL TECHNOLOGY TRANSFER CONFERENCE &#8211; ITTC + PRESIDENTS Dr. \u0160pela Stres, mag. Marjeta Trobec, mag. Robert Blatnik CONTACT mag. Marjeta Trobec Phone: Email: tehnologije@ijs.si LOCATION Jozef Stefan Institute Jamova cesta 39 1000 Ljubljana Slovenia Paper Submission Call for papers LEGENDS OF COMPUTING AND INFORMATICS + PRESIDENTS Prof. Dr. Matja\u017e Gams, Tone Stanovnik CONTACT prof. dr. Matja\u017e Gams Phone: +386 1 477 3644 Email: matjaz.gams@ijs.si LOCATION Jozef Stefan Institute Jamova cesta 39 1000 Ljubljana Slovenia Paper Submission Call for papers MYTHS AND TRUTHS ABOUT ENVIRONMENTAL PROTECTION + PRESIDENTS Erik Margan, mag. Toma\u017e Ogrin , Prof. Dr. Rafael Mihali\u010d CONTACT Erik Margan Phone: +3861 4773632 Email: erik.margan@ijs.si LOCATION Jozef Stefan Institute Jamova cesta 39 1000 Ljubljana Slovenia Paper Submission Call for papers SLOVENIAN CONFERENCE ON ARTIFICIAL INTELLIGENCE &#8211; SLAIS + PRESIDENTS Dr. Mitja Lu\u0161trek, Dr. Rok Piltaver, Prof. Dr. Matja\u017e Gams CONTACT dr. Mitja Lu\u0161trek Phone: 014773380 Email: mitja.lustrek@ijs.si LOCATION Jozef Stefan Institute Jamova cesta 39 1000 Ljubljana Slovenia Paper Submission Call for papers<\/p>\n","protected":false},"author":1,"featured_media":0,"parent":0,"menu_order":0,"comment_status":"closed","ping_status":"closed","template":"","meta":{"footnotes":""},"class_list":["post-34","page","type-page","status-publish","hentry"],"_links":{"self":[{"href":"https:\/\/is.ijs.si\/index.php?rest_route=\/wp\/v2\/pages\/34","targetHints":{"allow":["GET"]}}],"collection":[{"href":"https:\/\/is.ijs.si\/index.php?rest_route=\/wp\/v2\/pages"}],"about":[{"href":"https:\/\/is.ijs.si\/index.php?rest_route=\/wp\/v2\/types\/page"}],"author":[{"embeddable":true,"href":"https:\/\/is.ijs.si\/index.php?rest_route=\/wp\/v2\/users\/1"}],"replies":[{"embeddable":true,"href":"https:\/\/is.ijs.si\/index.php?rest_route=%2Fwp%2Fv2%2Fcomments&post=34"}],"version-history":[{"count":10,"href":"https:\/\/is.ijs.si\/index.php?rest_route=\/wp\/v2\/pages\/34\/revisions"}],"predecessor-version":[{"id":15783,"href":"https:\/\/is.ijs.si\/index.php?rest_route=\/wp\/v2\/pages\/34\/revisions\/15783"}],"wp:attachment":[{"href":"https:\/\/is.ijs.si\/index.php?rest_route=%2Fwp%2Fv2%2Fmedia&parent=34"}],"curies":[{"name":"wp","href":"https:\/\/api.w.org\/{rel}","templated":true}]}}