{"id":25494,"date":"2025-10-06T10:29:14","date_gmt":"2025-10-06T08:29:14","guid":{"rendered":"https:\/\/is.ijs.si\/?page_id=25494"},"modified":"2026-03-03T08:35:37","modified_gmt":"2026-03-03T07:35:37","slug":"zborniki-is-2025","status":"publish","type":"page","link":"https:\/\/is.ijs.si\/?page_id=25494","title":{"rendered":"Zborniki IS 2025"},"content":{"rendered":"\n<p><strong><a href=\"https:\/\/is.ijs.si\/wp-content\/uploads\/2025\/11\/IS2025_Complete.pdf\">0. Skupni zbornik<\/a><\/strong><\/p>\n\n\n\n<p><strong><a href=\"https:\/\/is.ijs.si\/wp-content\/uploads\/2025\/11\/IS2025_Volume-A.pdf\">A. Slovenska konferenca o umetni inteligenci \u2013 SKUI<\/a><\/strong><\/p>\n\n\n\n<ul class=\"wp-block-list\"><\/ul>\n\n\n\n<p><a href=\"https:\/\/is.ijs.si\/wp-content\/uploads\/2025\/11\/IS2025_Volume-B.pdf\"><strong>B. Kognitivna znanost<\/strong><\/a><\/p>\n\n\n\n<ul class=\"wp-block-list\"><\/ul>\n\n\n\n<p><a href=\"https:\/\/is.ijs.si\/wp-content\/uploads\/2025\/11\/IS2025_Volume-C.pdf\"><strong>C. Odkrivanje znanja in podatkovna skladi\u0161\u010da \u2013 SiKDD<\/strong><\/a><\/p>\n\n\n\n<ul class=\"wp-block-list\"><\/ul>\n\n\n\n<p><strong><a href=\"https:\/\/is.ijs.si\/wp-content\/uploads\/2025\/11\/IS2025_Volume-D.pdf\">D. Miti in resnice o varovanju okolja<\/a><\/strong><\/p>\n\n\n\n<ul class=\"wp-block-list\"><\/ul>\n\n\n\n<p><strong><a href=\"https:\/\/is.ijs.si\/wp-content\/uploads\/2025\/11\/IS2025_Volume-E.pdf\">E. Mednarodna konferenca o prenosu tehnologij<\/a><\/strong><\/p>\n\n\n\n<p><strong><a href=\"https:\/\/is.ijs.si\/wp-content\/uploads\/2025\/11\/IS2025_Volume-F.pdf\" target=\"_blank\" rel=\"noreferrer noopener\">F. Demografske in dru\u017einske analize<\/a><\/strong><\/p>\n\n\n\n<ul class=\"wp-block-list\"><\/ul>\n\n\n\n<p><a href=\"https:\/\/is.ijs.si\/wp-content\/uploads\/2025\/11\/IS2025_Volume-G.pdf\"><strong>G. Vzgoja in izobra\u017eevanje v informacijski dru\u017ebi \u2013 VIVID<\/strong><\/a>&nbsp;<\/p>\n\n\n\n<p><strong><a href=\"https:\/\/is.ijs.si\/wp-content\/uploads\/2025\/11\/IS2025_Volume-H.pdf\">H. Digitalna vklju\u010denost v informacijski dru\u017ebi \u2013 DIGIN<\/a><\/strong><\/p>\n\n\n\n<ul class=\"wp-block-list\"><\/ul>\n\n\n\n<p><a href=\"https:\/\/is.ijs.si\/wp-content\/uploads\/2025\/11\/IS2025_Volume-I.pdf\"><strong>I. Konferenca o zdravi dolgo\u017eivosti<\/strong><\/a><\/p>\n\n\n\n<p><strong><a href=\"https:\/\/is.ijs.si\/wp-content\/uploads\/2025\/11\/IS2025_Volume-J.pdf\">J. Legende ra\u010dunalni\u0161tva in informatike<\/a><\/strong><\/p>\n\n\n\n<p><a href=\"https:\/\/is.ijs.si\/wp-content\/uploads\/2025\/12\/IS2025_Volume-K.pdf\"><strong>K. ChatGPT v zdravstvu<\/strong><\/a><\/p>\n\n\n\n<ul class=\"wp-block-list\">\n<li><a href=\"https:\/\/is.ijs.si\/wp-content\/uploads\/2026\/03\/Information_Society_2025_Errata_SL_signed.pdf\">ERRATA<\/a><\/li>\n<\/ul>\n\n\n\n<p><a href=\"https:\/\/is.ijs.si\/wp-content\/uploads\/2025\/11\/IS2025_Volume-L.pdf\"><strong>L. Digitalna preobrazba zdravstvene nege \u2013 SIZN<\/strong><\/a><\/p>\n\n\n\n<p><a href=\"https:\/\/is.ijs.si\/wp-content\/uploads\/2025\/11\/IS2025_Volume-M.pdf\"><strong>M. Kognitonka<\/strong><\/a><\/p>\n\n\n\n<p><strong><a href=\"https:\/\/is.ijs.si\/wp-content\/uploads\/2025\/11\/IS2025_Volume-N.pdf\">N. MATCOS<\/a><\/strong><\/p>\n\n\n\n<p><\/p>\n","protected":false},"excerpt":{"rendered":"<p>0. Skupni zbornik A. Slovenska konferenca o umetni inteligenci \u2013 SKUI B. Kognitivna znanost C. Odkrivanje znanja in podatkovna skladi\u0161\u010da \u2013 SiKDD D. Miti in resnice o varovanju okolja E. Mednarodna konferenca o prenosu tehnologij F. Demografske in dru\u017einske analize G. Vzgoja in izobra\u017eevanje v informacijski dru\u017ebi \u2013 VIVID&nbsp; H. Digitalna vklju\u010denost v informacijski dru\u017ebi \u2013 DIGIN I. Konferenca o zdravi dolgo\u017eivosti J. Legende ra\u010dunalni\u0161tva in informatike K. ChatGPT v zdravstvu L. Digitalna preobrazba zdravstvene nege \u2013 SIZN M. Kognitonka N. MATCOS<\/p>\n","protected":false},"author":29,"featured_media":0,"parent":0,"menu_order":0,"comment_status":"closed","ping_status":"closed","template":"","meta":{"footnotes":""},"class_list":["post-25494","page","type-page","status-publish","hentry"],"_links":{"self":[{"href":"https:\/\/is.ijs.si\/index.php?rest_route=\/wp\/v2\/pages\/25494","targetHints":{"allow":["GET"]}}],"collection":[{"href":"https:\/\/is.ijs.si\/index.php?rest_route=\/wp\/v2\/pages"}],"about":[{"href":"https:\/\/is.ijs.si\/index.php?rest_route=\/wp\/v2\/types\/page"}],"author":[{"embeddable":true,"href":"https:\/\/is.ijs.si\/index.php?rest_route=\/wp\/v2\/users\/29"}],"replies":[{"embeddable":true,"href":"https:\/\/is.ijs.si\/index.php?rest_route=%2Fwp%2Fv2%2Fcomments&post=25494"}],"version-history":[{"count":40,"href":"https:\/\/is.ijs.si\/index.php?rest_route=\/wp\/v2\/pages\/25494\/revisions"}],"predecessor-version":[{"id":26331,"href":"https:\/\/is.ijs.si\/index.php?rest_route=\/wp\/v2\/pages\/25494\/revisions\/26331"}],"wp:attachment":[{"href":"https:\/\/is.ijs.si\/index.php?rest_route=%2Fwp%2Fv2%2Fmedia&parent=25494"}],"curies":[{"name":"wp","href":"https:\/\/api.w.org\/{rel}","templated":true}]}}