{"id":25097,"date":"2025-03-26T14:26:21","date_gmt":"2025-03-26T13:26:21","guid":{"rendered":"https:\/\/is.ijs.si\/?page_id=25097"},"modified":"2025-03-26T14:26:21","modified_gmt":"2025-03-26T13:26:21","slug":"chat-2024-papers","status":"publish","type":"page","link":"https:\/\/is.ijs.si\/?page_id=25097","title":{"rendered":"CHAT 2024 Papers"},"content":{"rendered":"\n<style><\/style><div class=\"wplp_outside wplp_widget_25095\" style=\"max-width:100%;\"><span class=\"wpcu_block_title\">DOI 2024 CHAT<\/span><div id=\"wplp_widget_25095\" class=\"wplp_widget_default wplp_container vertical swiper wplp-swiper default cols5\" data-theme=\"default\" data-post=\"25095\" style=\"\" data-max-elts=\"8\" data-per-page=\"10\"><div class=\"wplp_listposts swiper-wrapper\" id=\"default_25095\" style=\"width: 100%;\" ><div class=\"swiper-slide\" style=\"\"><div class=\"insideframe\"><div id=\"wplp_box_top_25095_16701\" class=\"wpcu-front-box top equalHeightImg\" ><div class=\"wplp-box-item\"><a href=\"https:\/\/is.ijs.si\/?p=16701\"  class=\"thumbnail\"><span class=\"img_cropper\" style=\"margin-right:4px;margin-bottom:4px;max-width:100%;\"><img decoding=\"async\" src=\"https:\/\/is.ijs.si\/wp-content\/uploads\/2025\/03\/Screenshot-2025-03-25-120355.png\" style=\"aspect-ratio:4\/3;\" srcset=\"\" alt=\"Use and Limitations of ChatGPT in mental health disorders\" class=\"wplp_thumb\" \/><\/span><\/a><a href=\"https:\/\/is.ijs.si\/?p=16701\"  class=\"title\">Use and Limitations of ChatGPT in mental health disorders<\/a><\/div><\/div><div id=\"wplp_box_left_25095_16701\" class=\"wpcu-front-box left wpcu-custom-position\" ><div class=\"wplp-box-item\"><\/div><\/div><div id=\"wplp_box_right_25095_16701\" class=\"wpcu-front-box right wpcu-custom-position\" ><div class=\"wplp-box-item\"><\/div><\/div><div id=\"wplp_box_bottom_25095_16701\" class=\"wpcu-front-box bottom \" ><div class=\"wplp-box-item\"><span class=\"text\"><span style=\"max-height:2.8em\" class=\"line_limit\">Jovana Petrovi\u0107, Iva Bini\u0107, Ma\u0161a Vacev and Stevo Luki\u0107\nAbstract \/ PovzetekChatGPT is one of the most advanced and rapidly evolvinglarge language model-based chatbots. It excels in everythingfrom handling simple questions to performing complex medicalexaminations. While current technology cannot replace theexpertise and judgment of skilled psychiatrists, it can assist inearly detection of mental problems, patient evaluations,differential diagnoses, psychotherapy and in planning andconducting medical research. Ensuring privacy and adhering toprofessional, ethical, and legal standards is crucial whenprocessing training data. This is especially important in mentalhealth settings, where disclosing sensitive personal informationincreases the risk of data misuse and the potential for harmfuladvice. Current uses of ChatGPT in mental health care areconstrained by its design as a general chatbot, rather than aspecialized psychiatric tool. Despite this, the model provesuseful for handling routine psychiatric and administrative tasks.As GPT technology evolves, it holds significant promise forpsychiatry, including integration into diagnostics,psychotherapy, and early detection of mental health issues. Todeploy these advancements responsibly and effectively, it iscrucial to develop and refine professional ethical standards andpractice guidelines.\n\u00a0\n\n\n\nIS2024_-_CHATGPT_in_MEDICINE_paper_6-1Download<\/span><span style=\"margin-left:3px; max-height:2.8em\" class=\"line_limit\"> [...]<\/span><\/span><span class=\"custom_fields\">\n<!-- WPLP Unknown field: Custom_Fields -->\n<\/span><\/div><\/div><\/div><\/div><div class=\"swiper-slide\" style=\"\"><div class=\"insideframe\"><div id=\"wplp_box_top_25095_16554\" class=\"wpcu-front-box top equalHeightImg\" ><div class=\"wplp-box-item\"><a href=\"https:\/\/is.ijs.si\/?p=16554\"  class=\"thumbnail\"><span class=\"img_cropper\" style=\"margin-right:4px;margin-bottom:4px;max-width:100%;\"><img decoding=\"async\" src=\"https:\/\/is.ijs.si\/wp-content\/uploads\/2025\/03\/Screenshot-2025-03-25-120355.png\" style=\"aspect-ratio:4\/3;\" srcset=\"\" alt=\"Meeting Cultural and Linguistic Demands to Accommodate Fine-Tuned LLMs to Local Medical Customs and Patient Communication\" class=\"wplp_thumb\" \/><\/span><\/a><a href=\"https:\/\/is.ijs.si\/?p=16554\"  class=\"title\">Meeting Cultural and Linguistic Demands to Accommodate Fine-Tuned LLMs to Local Medical Customs and Patient Communication<\/a><\/div><\/div><div id=\"wplp_box_left_25095_16554\" class=\"wpcu-front-box left wpcu-custom-position\" ><div class=\"wplp-box-item\"><\/div><\/div><div id=\"wplp_box_right_25095_16554\" class=\"wpcu-front-box right wpcu-custom-position\" ><div class=\"wplp-box-item\"><\/div><\/div><div id=\"wplp_box_bottom_25095_16554\" class=\"wpcu-front-box bottom \" ><div class=\"wplp-box-item\"><span class=\"text\"><span style=\"max-height:2.8em\" class=\"line_limit\">Gordana Petrovska Dojchinovska, Monika Simjanoska Misheva and Kostadin Mishev\nABSTRACTIntegrating advanced open-source large language models, such asLlama or GatorTron, into the healthcare domain presents a novelapproach to enhancing communication between physicians andpatients. This review paper examines the potential of Llama andGatorTron to improve patient-provider interactions, focusing on themodels\u2019 ability to process and generate human-like language in real-time clinical settings. Any large language model (LLM) used in aclinical setting, especially one that is used to improve patient-doctorcommunication, needs to undergo cultural sensitivity training, asthe datasets these models are trained on seem to be diverse and theyinclude specificities, both linguistic and medical, that may be validto one population but completely exclude another. Furthermore,the model needs to be capable of providing accurate responses thatare context-sensitive and that also align with clinical guidelinesand patient needs. Other things to take into consideration whenfine-tuning LLMs to local medical customs are to adapt them to dif-ferent geographies and the underlying linguistic demands, to helpthem employ ethical and responsible AI practices so that no biasesor stereotypes are perpetuated and that, at the same time, help toprotect patient privacy and data security. Finally, feedback providedby both the physicians and the patients needs to be incorporated tofurther refine any model that is to be used in a medical setting. Overtime, this will help the model to become more nuanced. Commoncommunication barriers, such as medical jargon, cultural differ-ences, and patient literacy, which often hinder effective dialogueare also considered in this review paper, as well as how fine-tunedLLMs address those issues. By synthesizing current research andpractical applications, this paper aims to provide a comprehensiveunderstanding of the potential of fine-tuned large language mod-els to transform healthcare communication, ultimately improvingpatient outcomes and satisfaction.\n\u00a0\n\n\n\nIS2024_-_CHATGPT_in_MEDICINE_paper_11-1Download<\/span><span style=\"margin-left:3px; max-height:2.8em\" class=\"line_limit\"> [...]<\/span><\/span><span class=\"custom_fields\">\n<!-- WPLP Unknown field: Custom_Fields -->\n<\/span><\/div><\/div><\/div><\/div><div class=\"swiper-slide\" style=\"\"><div class=\"insideframe\"><div id=\"wplp_box_top_25095_16551\" class=\"wpcu-front-box top equalHeightImg\" ><div class=\"wplp-box-item\"><a href=\"https:\/\/is.ijs.si\/?p=16551\"  class=\"thumbnail\"><span class=\"img_cropper\" style=\"margin-right:4px;margin-bottom:4px;max-width:100%;\"><img decoding=\"async\" src=\"https:\/\/is.ijs.si\/wp-content\/uploads\/2025\/03\/Screenshot-2025-03-25-120355.png\" style=\"aspect-ratio:4\/3;\" srcset=\"\" alt=\"Using Combinatorial Testing for Prompt Engineering of LLMs in Medicine\" class=\"wplp_thumb\" \/><\/span><\/a><a href=\"https:\/\/is.ijs.si\/?p=16551\"  class=\"title\">Using Combinatorial Testing for Prompt Engineering of LLMs in Medicine<\/a><\/div><\/div><div id=\"wplp_box_left_25095_16551\" class=\"wpcu-front-box left wpcu-custom-position\" ><div class=\"wplp-box-item\"><\/div><\/div><div id=\"wplp_box_right_25095_16551\" class=\"wpcu-front-box right wpcu-custom-position\" ><div class=\"wplp-box-item\"><\/div><\/div><div id=\"wplp_box_bottom_25095_16551\" class=\"wpcu-front-box bottom \" ><div class=\"wplp-box-item\"><span class=\"text\"><span style=\"max-height:2.8em\" class=\"line_limit\">IS2024_-_CHATGPT_in_MEDICINE_paper_10Download<\/span><span style=\"margin-left:3px; max-height:2.8em\" class=\"line_limit\"> [...]<\/span><\/span><span class=\"custom_fields\">\n<!-- WPLP Unknown field: Custom_Fields -->\n<\/span><\/div><\/div><\/div><\/div><div class=\"swiper-slide\" style=\"\"><div class=\"insideframe\"><div id=\"wplp_box_top_25095_16548\" class=\"wpcu-front-box top equalHeightImg\" ><div class=\"wplp-box-item\"><a href=\"https:\/\/is.ijs.si\/?p=16548\"  class=\"thumbnail\"><span class=\"img_cropper\" style=\"margin-right:4px;margin-bottom:4px;max-width:100%;\"><img decoding=\"async\" src=\"https:\/\/is.ijs.si\/wp-content\/uploads\/2025\/03\/Screenshot-2025-03-25-120355.png\" style=\"aspect-ratio:4\/3;\" srcset=\"\" alt=\"HomeDOCtor App: Integrating Medical Knowledge into GPT for Personal Health Counseling\" class=\"wplp_thumb\" \/><\/span><\/a><a href=\"https:\/\/is.ijs.si\/?p=16548\"  class=\"title\">HomeDOCtor App: Integrating Medical Knowledge into GPT for Personal Health Counseling<\/a><\/div><\/div><div id=\"wplp_box_left_25095_16548\" class=\"wpcu-front-box left wpcu-custom-position\" ><div class=\"wplp-box-item\"><\/div><\/div><div id=\"wplp_box_right_25095_16548\" class=\"wpcu-front-box right wpcu-custom-position\" ><div class=\"wplp-box-item\"><\/div><\/div><div id=\"wplp_box_bottom_25095_16548\" class=\"wpcu-front-box bottom \" ><div class=\"wplp-box-item\"><span class=\"text\"><span style=\"max-height:2.8em\" class=\"line_limit\">Matic Zadobov\u0161ek, Primo\u017e Kocuvan and Matja\u017e Gams\nAbstractThe escalating workload demands on healthcare professionalsare leading to systemic overload, resulting in a decline in theefficiency of public health services. This situation necessitatesthe development of solutions that can alleviate the burden onphysicians while ensuring comprehensive patient care. Recentadvancements in generative artificial intelligence, particularlyin the field of medicine, have demonstrated that large languagemodels (LLMs) can outperform doctors in specific tasks, high-lighting their potential as valuable tools for reducing the strainon healthcare providers. This study focuses on the developmentof the HomeDOCtor application, which integrates additional val-idated medical knowledge into the GPT-4o LLM. The objective ofthis application and the enhanced LLM is to offer users reliableaccess to a medical chatbot capable of providing accurate andtimely responses to health-related inquiries. The chatbot\u2019s be-havior has been meticulously tested and refined in collaborationwith a team of physicians. The findings of this research offerinsights into the development of such systems and explore theirpotential application within the Slovenian healthcare system.\n\n\n\nIS2024_-_CHATGPT_in_MEDICINE_paper_8-1Download<\/span><span style=\"margin-left:3px; max-height:2.8em\" class=\"line_limit\"> [...]<\/span><\/span><span class=\"custom_fields\">\n<!-- WPLP Unknown field: Custom_Fields -->\n<\/span><\/div><\/div><\/div><\/div><div class=\"swiper-slide\" style=\"\"><div class=\"insideframe\"><div id=\"wplp_box_top_25095_16545\" class=\"wpcu-front-box top equalHeightImg\" ><div class=\"wplp-box-item\"><a href=\"https:\/\/is.ijs.si\/?p=16545\"  class=\"thumbnail\"><span class=\"img_cropper\" style=\"margin-right:4px;margin-bottom:4px;max-width:100%;\"><img decoding=\"async\" src=\"https:\/\/is.ijs.si\/wp-content\/uploads\/2025\/03\/Screenshot-2025-03-25-120355.png\" style=\"aspect-ratio:4\/3;\" srcset=\"\" alt=\"Testing ChatGPT\u2019s Performance on Medical Diagnostic Tasks\" class=\"wplp_thumb\" \/><\/span><\/a><a href=\"https:\/\/is.ijs.si\/?p=16545\"  class=\"title\">Testing ChatGPT\u2019s Performance on Medical Diagnostic Tasks<\/a><\/div><\/div><div id=\"wplp_box_left_25095_16545\" class=\"wpcu-front-box left wpcu-custom-position\" ><div class=\"wplp-box-item\"><\/div><\/div><div id=\"wplp_box_right_25095_16545\" class=\"wpcu-front-box right wpcu-custom-position\" ><div class=\"wplp-box-item\"><\/div><\/div><div id=\"wplp_box_bottom_25095_16545\" class=\"wpcu-front-box bottom \" ><div class=\"wplp-box-item\"><span class=\"text\"><span style=\"max-height:2.8em\" class=\"line_limit\">Alexander Perko and Franz Wotawa\nAbstractLarge Language Models and chat interfaces like ChatGPT havebecome increasingly important recently, receiving a lot of attentioneven from the general public. People use these tools not onlyto summarize or translate text but also to answer questions, includingmedical ones. For the latter, giving reliable feedback is ofutmost importance, which is hard to assess. Therefore, we focuson validating the feedback of ChatGPT and propose a testing procedureutilizing other medical sources to determine the qualityof feedback for more straightforward medical diagnostic tasks.This paper outlines the problem, discusses available sources, andintroduces the validation method. Moreover, we present the firstresults obtained when applying the testing framework to Chat-GPT.\n\n\n\nIS2024_-_CHATGPT_in_MEDICINE_paper_7Download<\/span><span style=\"margin-left:3px; max-height:2.8em\" class=\"line_limit\"> [...]<\/span><\/span><span class=\"custom_fields\">\n<!-- WPLP Unknown field: Custom_Fields -->\n<\/span><\/div><\/div><\/div><\/div><div class=\"swiper-slide\" style=\"\"><div class=\"insideframe\"><div id=\"wplp_box_top_25095_16542\" class=\"wpcu-front-box top equalHeightImg\" ><div class=\"wplp-box-item\"><a href=\"https:\/\/is.ijs.si\/?p=16542\"  class=\"thumbnail\"><span class=\"img_cropper\" style=\"margin-right:4px;margin-bottom:4px;max-width:100%;\"><img decoding=\"async\" src=\"https:\/\/is.ijs.si\/wp-content\/uploads\/2025\/03\/Screenshot-2025-03-25-120355.png\" style=\"aspect-ratio:4\/3;\" srcset=\"\" alt=\"Leveraging Federated Learning for Secure Transfer and Deployment of ML Models in Healthcare\" class=\"wplp_thumb\" \/><\/span><\/a><a href=\"https:\/\/is.ijs.si\/?p=16542\"  class=\"title\">Leveraging Federated Learning for Secure Transfer and Deployment of ML Models in Healthcare<\/a><\/div><\/div><div id=\"wplp_box_left_25095_16542\" class=\"wpcu-front-box left wpcu-custom-position\" ><div class=\"wplp-box-item\"><\/div><\/div><div id=\"wplp_box_right_25095_16542\" class=\"wpcu-front-box right wpcu-custom-position\" ><div class=\"wplp-box-item\"><\/div><\/div><div id=\"wplp_box_bottom_25095_16542\" class=\"wpcu-front-box bottom \" ><div class=\"wplp-box-item\"><span class=\"text\"><span style=\"max-height:2.8em\" class=\"line_limit\">Zlate Dodevski, Tanja Pavleska and Vladimir Trajkovikj\nAbstract\nFederated learning (FL) represents a pivotaladvancement in applying Machine Learning (ML) inhealthcare. It addresses the challenges of data privacy andsecurity by facilitating model transferability across institutions.This paper explores the effective employment of FL to enhancethe deployment of large language models (LLMs) in healthcaresettings while maintaining stringent privacy standards.Along a detailed examination of the challenges in applyingLLMs to the healthcare domain, including privacy, security,regulatory constraints, and training data quality, we present afederated learning architecture tailored for LLMs in healthcare.This architecture outlines the roles and responsibilities ofparticipating entities, providing a framework for securecollaboration. We further analyze privacy-preservingtechniques such as differential privacy and secure aggregationin the context of federated LLMs for healthcare, offeringinsights into their practical implementation.Our findings suggest that federated learning is a viablechoice for enhancing he capabilities of LLMs in healthcare whilepreserving patient privacy. In addition, we also identifypersistent challenges in areas such as computational andcommunicational efficiency, lack of benchmarks and tailoredFL aggregation algorithms applied to LLMs, modelperformance, and ethical concerns in participant selection. Bycritically evaluating the proposed approach and highlighting itspotential benefits and limitations in real-world healthcaresettings, this work provides a foundation for future research insecure and privacy-preserving ML deployment in healthcare.\n\n\n\nIS2024_-_CHATGPT_in_MEDICINE_paper_5-1Download<\/span><span style=\"margin-left:3px; max-height:2.8em\" class=\"line_limit\"> [...]<\/span><\/span><span class=\"custom_fields\">\n<!-- WPLP Unknown field: Custom_Fields -->\n<\/span><\/div><\/div><\/div><\/div><div class=\"swiper-slide\" style=\"\"><div class=\"insideframe\"><div id=\"wplp_box_top_25095_16539\" class=\"wpcu-front-box top equalHeightImg\" ><div class=\"wplp-box-item\"><a href=\"https:\/\/is.ijs.si\/?p=16539\"  class=\"thumbnail\"><span class=\"img_cropper\" style=\"margin-right:4px;margin-bottom:4px;max-width:100%;\"><img decoding=\"async\" src=\"https:\/\/is.ijs.si\/wp-content\/uploads\/2025\/03\/Screenshot-2025-03-25-120355.png\" style=\"aspect-ratio:4\/3;\" srcset=\"\" alt=\"Artificial Intelligence Augmented Systems in Healthcare Using Deep Learning Algorithms\" class=\"wplp_thumb\" \/><\/span><\/a><a href=\"https:\/\/is.ijs.si\/?p=16539\"  class=\"title\">Artificial Intelligence Augmented Systems in Healthcare Using Deep Learning Algorithms<\/a><\/div><\/div><div id=\"wplp_box_left_25095_16539\" class=\"wpcu-front-box left wpcu-custom-position\" ><div class=\"wplp-box-item\"><\/div><\/div><div id=\"wplp_box_right_25095_16539\" class=\"wpcu-front-box right wpcu-custom-position\" ><div class=\"wplp-box-item\"><\/div><\/div><div id=\"wplp_box_bottom_25095_16539\" class=\"wpcu-front-box bottom \" ><div class=\"wplp-box-item\"><span class=\"text\"><span style=\"max-height:2.8em\" class=\"line_limit\">Kennedy Addo\nAbstractThis study assesses the impact of AI, specifically deeplearning algorithms, on diagnostic accuracy. It identifiesvarious diseases where AI is applied, such as cancer,cardiovascular diseases, and neurological disorders. Byanalyzing existing AI implementations, the researchhighlights improvements in early detection and diagnosticprecision. Additionally, the study proposes a novel deeplearning model to enhance clinicians\u2019 decision-making atthe point of care. This framework aims to integrateseamlessly with clinical workflows, providing real-timeinsights and recommendations. The proposed modelfocuses on improving patient outcomes through accurate,timely, and data-driven clinical decisions.\n\u00a0\n\n\n\nIS2024_-_CHATGPT_in_MEDICINE_paper_4-1Download<\/span><span style=\"margin-left:3px; max-height:2.8em\" class=\"line_limit\"> [...]<\/span><\/span><span class=\"custom_fields\">\n<!-- WPLP Unknown field: Custom_Fields -->\n<\/span><\/div><\/div><\/div><\/div><div class=\"swiper-slide\" style=\"\"><div class=\"insideframe\"><div id=\"wplp_box_top_25095_16536\" class=\"wpcu-front-box top equalHeightImg\" ><div class=\"wplp-box-item\"><a href=\"https:\/\/is.ijs.si\/?p=16536\"  class=\"thumbnail\"><span class=\"img_cropper\" style=\"margin-right:4px;margin-bottom:4px;max-width:100%;\"><img decoding=\"async\" src=\"https:\/\/is.ijs.si\/wp-content\/uploads\/2025\/03\/Screenshot-2025-03-25-120355.png\" style=\"aspect-ratio:4\/3;\" srcset=\"\" alt=\"Automatic Reviewing of Conference Papers in Healthcare and Other Sciences Using ChatGPT\" class=\"wplp_thumb\" \/><\/span><\/a><a href=\"https:\/\/is.ijs.si\/?p=16536\"  class=\"title\">Automatic Reviewing of Conference Papers in Healthcare and Other Sciences Using ChatGPT<\/a><\/div><\/div><div id=\"wplp_box_left_25095_16536\" class=\"wpcu-front-box left wpcu-custom-position\" ><div class=\"wplp-box-item\"><\/div><\/div><div id=\"wplp_box_right_25095_16536\" class=\"wpcu-front-box right wpcu-custom-position\" ><div class=\"wplp-box-item\"><\/div><\/div><div id=\"wplp_box_bottom_25095_16536\" class=\"wpcu-front-box bottom \" ><div class=\"wplp-box-item\"><span class=\"text\"><span style=\"max-height:2.8em\" class=\"line_limit\">Matjaz Gams and Primo\u017e Kocuvan\nABSTRACTThe emergence of artificial intelligence (AI) has significantlyimpacted various fields, including the peer review process inacademic and scientific research. ChatGPT, a large languagemodel developed by OpenAI, has shown potential in automatingand enhancing the review of conference healthcare papers. OurHealthReview AI tool can process and analyze large volumes oftext rapidly, providing feedback and insights that streamline thepeer review process, reduce human workload, and increaseefficiency. This paper presents a web application developedusing the Flask framework that enables users to upload PDF filescontaining research papers and utilizes ChatGPT to generatereviews for each paper. The methodology, results and potentialimplications of this application are discussed, highlighting boththe advantages and the challenges of integrating AI into theacademic review process.\n\u00a0\n\n\n\nIS2024_-_CHATGPT_in_MEDICINE_paper_3-1Download<\/span><span style=\"margin-left:3px; max-height:2.8em\" class=\"line_limit\"> [...]<\/span><\/span><span class=\"custom_fields\">\n<!-- WPLP Unknown field: Custom_Fields -->\n<\/span><\/div><\/div><\/div><\/div><\/div><div class=\"swiper-button-next\"><\/div><div class=\"swiper-button-prev\"><\/div><div class=\"swiper-pagination\"><\/div><\/div><\/div>\n","protected":false},"excerpt":{"rendered":"","protected":false},"author":29,"featured_media":0,"parent":0,"menu_order":0,"comment_status":"closed","ping_status":"closed","template":"","meta":{"footnotes":""},"class_list":["post-25097","page","type-page","status-publish","hentry"],"_links":{"self":[{"href":"https:\/\/is.ijs.si\/index.php?rest_route=\/wp\/v2\/pages\/25097","targetHints":{"allow":["GET"]}}],"collection":[{"href":"https:\/\/is.ijs.si\/index.php?rest_route=\/wp\/v2\/pages"}],"about":[{"href":"https:\/\/is.ijs.si\/index.php?rest_route=\/wp\/v2\/types\/page"}],"author":[{"embeddable":true,"href":"https:\/\/is.ijs.si\/index.php?rest_route=\/wp\/v2\/users\/29"}],"replies":[{"embeddable":true,"href":"https:\/\/is.ijs.si\/index.php?rest_route=%2Fwp%2Fv2%2Fcomments&post=25097"}],"version-history":[{"count":1,"href":"https:\/\/is.ijs.si\/index.php?rest_route=\/wp\/v2\/pages\/25097\/revisions"}],"predecessor-version":[{"id":25098,"href":"https:\/\/is.ijs.si\/index.php?rest_route=\/wp\/v2\/pages\/25097\/revisions\/25098"}],"wp:attachment":[{"href":"https:\/\/is.ijs.si\/index.php?rest_route=%2Fwp%2Fv2%2Fmedia&parent=25097"}],"curies":[{"name":"wp","href":"https:\/\/api.w.org\/{rel}","templated":true}]}}