{"id":25039,"date":"2025-03-26T13:38:23","date_gmt":"2025-03-26T12:38:23","guid":{"rendered":"https:\/\/is.ijs.si\/?page_id=25039"},"modified":"2025-03-26T13:38:30","modified_gmt":"2025-03-26T12:38:30","slug":"env-2024-papers","status":"publish","type":"page","link":"https:\/\/is.ijs.si\/?page_id=25039","title":{"rendered":"ENV 2024 Papers"},"content":{"rendered":"\n<style><\/style><div class=\"wplp_outside wplp_widget_25040\" style=\"max-width:100%;\"><span class=\"wpcu_block_title\">DOI 2024 ENV<\/span><div id=\"wplp_widget_25040\" class=\"wplp_widget_default wplp_container vertical swiper wplp-swiper default cols5\" data-theme=\"default\" data-post=\"25040\" style=\"\" data-max-elts=\"12\" data-per-page=\"10\"><div class=\"wplp_listposts swiper-wrapper\" id=\"default_25040\" style=\"width: 100%;\" ><div class=\"swiper-slide\" style=\"\"><div class=\"insideframe\"><div id=\"wplp_box_top_25040_16488\" class=\"wpcu-front-box top equalHeightImg\" ><div class=\"wplp-box-item\"><a href=\"https:\/\/is.ijs.si\/?p=16488\"  class=\"thumbnail\"><span class=\"img_cropper\" style=\"margin-right:4px;margin-bottom:4px;max-width:100%;\"><img decoding=\"async\" src=\"https:\/\/is.ijs.si\/wp-content\/uploads\/2025\/03\/Screenshot-2025-03-25-120355.png\" style=\"aspect-ratio:4\/3;\" srcset=\"\" alt=\"Postavljanje son\u010dnih elektrarn na kmetijskih povr\u0161inah- okoljski kriminal ali trajnostna raba prostora\" class=\"wplp_thumb\" \/><\/span><\/a><a href=\"https:\/\/is.ijs.si\/?p=16488\"  class=\"title\">Postavljanje son\u010dnih elektrarn na kmetijskih povr\u0161inah- okoljski kriminal ali trajnostna raba prostora<\/a><\/div><\/div><div id=\"wplp_box_left_25040_16488\" class=\"wpcu-front-box left wpcu-custom-position\" ><div class=\"wplp-box-item\"><\/div><\/div><div id=\"wplp_box_right_25040_16488\" class=\"wpcu-front-box right wpcu-custom-position\" ><div class=\"wplp-box-item\"><\/div><\/div><div id=\"wplp_box_bottom_25040_16488\" class=\"wpcu-front-box bottom \" ><div class=\"wplp-box-item\"><span class=\"custom_fields\">\n<!-- WPLP Unknown field: Custom_Fields -->\n<\/span><\/div><\/div><\/div><\/div><div class=\"swiper-slide\" style=\"\"><div class=\"insideframe\"><div id=\"wplp_box_top_25040_16485\" class=\"wpcu-front-box top equalHeightImg\" ><div class=\"wplp-box-item\"><a href=\"https:\/\/is.ijs.si\/?p=16485\"  class=\"thumbnail\"><span class=\"img_cropper\" style=\"margin-right:4px;margin-bottom:4px;max-width:100%;\"><img decoding=\"async\" src=\"https:\/\/is.ijs.si\/wp-content\/uploads\/2025\/03\/Screenshot-2025-03-25-120355.png\" style=\"aspect-ratio:4\/3;\" srcset=\"\" alt=\"Radon v stavbah in kakovost bivanja\" class=\"wplp_thumb\" \/><\/span><\/a><a href=\"https:\/\/is.ijs.si\/?p=16485\"  class=\"title\">Radon v stavbah in kakovost bivanja<\/a><\/div><\/div><div id=\"wplp_box_left_25040_16485\" class=\"wpcu-front-box left wpcu-custom-position\" ><div class=\"wplp-box-item\"><\/div><\/div><div id=\"wplp_box_right_25040_16485\" class=\"wpcu-front-box right wpcu-custom-position\" ><div class=\"wplp-box-item\"><\/div><\/div><div id=\"wplp_box_bottom_25040_16485\" class=\"wpcu-front-box bottom \" ><div class=\"wplp-box-item\"><span class=\"custom_fields\">\n<!-- WPLP Unknown field: Custom_Fields -->\n<\/span><\/div><\/div><\/div><\/div><div class=\"swiper-slide\" style=\"\"><div class=\"insideframe\"><div id=\"wplp_box_top_25040_16482\" class=\"wpcu-front-box top equalHeightImg\" ><div class=\"wplp-box-item\"><a href=\"https:\/\/is.ijs.si\/?p=16482\"  class=\"thumbnail\"><span class=\"img_cropper\" style=\"margin-right:4px;margin-bottom:4px;max-width:100%;\"><img decoding=\"async\" src=\"https:\/\/is.ijs.si\/wp-content\/uploads\/2025\/03\/Screenshot-2025-03-25-120355.png\" style=\"aspect-ratio:4\/3;\" srcset=\"\" alt=\"Umetna inteligenca o zeleni agendi\" class=\"wplp_thumb\" \/><\/span><\/a><a href=\"https:\/\/is.ijs.si\/?p=16482\"  class=\"title\">Umetna inteligenca o zeleni agendi<\/a><\/div><\/div><div id=\"wplp_box_left_25040_16482\" class=\"wpcu-front-box left wpcu-custom-position\" ><div class=\"wplp-box-item\"><\/div><\/div><div id=\"wplp_box_right_25040_16482\" class=\"wpcu-front-box right wpcu-custom-position\" ><div class=\"wplp-box-item\"><\/div><\/div><div id=\"wplp_box_bottom_25040_16482\" class=\"wpcu-front-box bottom \" ><div class=\"wplp-box-item\"><span class=\"custom_fields\">\n<!-- WPLP Unknown field: Custom_Fields -->\n<\/span><\/div><\/div><\/div><\/div><div class=\"swiper-slide\" style=\"\"><div class=\"insideframe\"><div id=\"wplp_box_top_25040_16479\" class=\"wpcu-front-box top equalHeightImg\" ><div class=\"wplp-box-item\"><a href=\"https:\/\/is.ijs.si\/?p=16479\"  class=\"thumbnail\"><span class=\"img_cropper\" style=\"margin-right:4px;margin-bottom:4px;max-width:100%;\"><img decoding=\"async\" src=\"https:\/\/is.ijs.si\/wp-content\/uploads\/2025\/03\/Screenshot-2025-03-25-120355.png\" style=\"aspect-ratio:4\/3;\" srcset=\"\" alt=\"Aksiomi in miti o varovanju okolja in trajnostnem kmetijstvu\" class=\"wplp_thumb\" \/><\/span><\/a><a href=\"https:\/\/is.ijs.si\/?p=16479\"  class=\"title\">Aksiomi in miti o varovanju okolja in trajnostnem kmetijstvu<\/a><\/div><\/div><div id=\"wplp_box_left_25040_16479\" class=\"wpcu-front-box left wpcu-custom-position\" ><div class=\"wplp-box-item\"><\/div><\/div><div id=\"wplp_box_right_25040_16479\" class=\"wpcu-front-box right wpcu-custom-position\" ><div class=\"wplp-box-item\"><\/div><\/div><div id=\"wplp_box_bottom_25040_16479\" class=\"wpcu-front-box bottom \" ><div class=\"wplp-box-item\"><span class=\"custom_fields\">\n<!-- WPLP Unknown field: Custom_Fields -->\n<\/span><\/div><\/div><\/div><\/div><div class=\"swiper-slide\" style=\"\"><div class=\"insideframe\"><div id=\"wplp_box_top_25040_16476\" class=\"wpcu-front-box top equalHeightImg\" ><div class=\"wplp-box-item\"><a href=\"https:\/\/is.ijs.si\/?p=16476\"  class=\"thumbnail\"><span class=\"img_cropper\" style=\"margin-right:4px;margin-bottom:4px;max-width:100%;\"><img decoding=\"async\" src=\"https:\/\/is.ijs.si\/wp-content\/uploads\/2025\/03\/Screenshot-2025-03-25-120355.png\" style=\"aspect-ratio:4\/3;\" srcset=\"\" alt=\"Oblikovanje specifi\u010dnih habitatov kot ukrepanje za zmanj\u0161anje vplivov hidroelektrarn na okolje\" class=\"wplp_thumb\" \/><\/span><\/a><a href=\"https:\/\/is.ijs.si\/?p=16476\"  class=\"title\">Oblikovanje specifi\u010dnih habitatov kot ukrepanje za zmanj\u0161anje vplivov hidroelektrarn na okolje<\/a><\/div><\/div><div id=\"wplp_box_left_25040_16476\" class=\"wpcu-front-box left wpcu-custom-position\" ><div class=\"wplp-box-item\"><\/div><\/div><div id=\"wplp_box_right_25040_16476\" class=\"wpcu-front-box right wpcu-custom-position\" ><div class=\"wplp-box-item\"><\/div><\/div><div id=\"wplp_box_bottom_25040_16476\" class=\"wpcu-front-box bottom \" ><div class=\"wplp-box-item\"><span class=\"custom_fields\">\n<!-- WPLP Unknown field: Custom_Fields -->\n<\/span><\/div><\/div><\/div><\/div><div class=\"swiper-slide\" style=\"\"><div class=\"insideframe\"><div id=\"wplp_box_top_25040_16473\" class=\"wpcu-front-box top equalHeightImg\" ><div class=\"wplp-box-item\"><a href=\"https:\/\/is.ijs.si\/?p=16473\"  class=\"thumbnail\"><span class=\"img_cropper\" style=\"margin-right:4px;margin-bottom:4px;max-width:100%;\"><img decoding=\"async\" src=\"https:\/\/is.ijs.si\/wp-content\/uploads\/2025\/03\/Screenshot-2025-03-25-120355.png\" style=\"aspect-ratio:4\/3;\" srcset=\"\" alt=\"Ali je prispevek slovenske \u017eivinoreje k podnebnim spremembam precenjen?\" class=\"wplp_thumb\" \/><\/span><\/a><a href=\"https:\/\/is.ijs.si\/?p=16473\"  class=\"title\">Ali je prispevek slovenske \u017eivinoreje k podnebnim spremembam precenjen?<\/a><\/div><\/div><div id=\"wplp_box_left_25040_16473\" class=\"wpcu-front-box left wpcu-custom-position\" ><div class=\"wplp-box-item\"><\/div><\/div><div id=\"wplp_box_right_25040_16473\" class=\"wpcu-front-box right wpcu-custom-position\" ><div class=\"wplp-box-item\"><\/div><\/div><div id=\"wplp_box_bottom_25040_16473\" class=\"wpcu-front-box bottom \" ><div class=\"wplp-box-item\"><span class=\"custom_fields\">\n<!-- WPLP Unknown field: Custom_Fields -->\n<\/span><\/div><\/div><\/div><\/div><div class=\"swiper-slide\" style=\"\"><div class=\"insideframe\"><div id=\"wplp_box_top_25040_16470\" class=\"wpcu-front-box top equalHeightImg\" ><div class=\"wplp-box-item\"><a href=\"https:\/\/is.ijs.si\/?p=16470\"  class=\"thumbnail\"><span class=\"img_cropper\" style=\"margin-right:4px;margin-bottom:4px;max-width:100%;\"><img decoding=\"async\" src=\"https:\/\/is.ijs.si\/wp-content\/uploads\/2025\/03\/Screenshot-2025-03-25-120355.png\" style=\"aspect-ratio:4\/3;\" srcset=\"\" alt=\"Kako razumeti oglji\u010dni odtis?\" class=\"wplp_thumb\" \/><\/span><\/a><a href=\"https:\/\/is.ijs.si\/?p=16470\"  class=\"title\">Kako razumeti oglji\u010dni odtis?<\/a><\/div><\/div><div id=\"wplp_box_left_25040_16470\" class=\"wpcu-front-box left wpcu-custom-position\" ><div class=\"wplp-box-item\"><\/div><\/div><div id=\"wplp_box_right_25040_16470\" class=\"wpcu-front-box right wpcu-custom-position\" ><div class=\"wplp-box-item\"><\/div><\/div><div id=\"wplp_box_bottom_25040_16470\" class=\"wpcu-front-box bottom \" ><div class=\"wplp-box-item\"><span class=\"custom_fields\">\n<!-- WPLP Unknown field: Custom_Fields -->\n<\/span><\/div><\/div><\/div><\/div><div class=\"swiper-slide\" style=\"\"><div class=\"insideframe\"><div id=\"wplp_box_top_25040_16467\" class=\"wpcu-front-box top equalHeightImg\" ><div class=\"wplp-box-item\"><a href=\"https:\/\/is.ijs.si\/?p=16467\"  class=\"thumbnail\"><span class=\"img_cropper\" style=\"margin-right:4px;margin-bottom:4px;max-width:100%;\"><img decoding=\"async\" src=\"https:\/\/is.ijs.si\/wp-content\/uploads\/2025\/03\/Screenshot-2025-03-25-120355.png\" style=\"aspect-ratio:4\/3;\" srcset=\"\" alt=\"Vrednost elektri\u010dne energije intermitirajo\u010dih virov in kanibalizem na trgu z elektri\u010dno energijo\" class=\"wplp_thumb\" \/><\/span><\/a><a href=\"https:\/\/is.ijs.si\/?p=16467\"  class=\"title\">Vrednost elektri\u010dne energije intermitirajo\u010dih virov in kanibalizem na trgu z elektri\u010dno energijo<\/a><\/div><\/div><div id=\"wplp_box_left_25040_16467\" class=\"wpcu-front-box left wpcu-custom-position\" ><div class=\"wplp-box-item\"><\/div><\/div><div id=\"wplp_box_right_25040_16467\" class=\"wpcu-front-box right wpcu-custom-position\" ><div class=\"wplp-box-item\"><\/div><\/div><div id=\"wplp_box_bottom_25040_16467\" class=\"wpcu-front-box bottom \" ><div class=\"wplp-box-item\"><span class=\"custom_fields\">\n<!-- WPLP Unknown field: Custom_Fields -->\n<\/span><\/div><\/div><\/div><\/div><div class=\"swiper-slide\" style=\"\"><div class=\"insideframe\"><div id=\"wplp_box_top_25040_16464\" class=\"wpcu-front-box top equalHeightImg\" ><div class=\"wplp-box-item\"><a href=\"https:\/\/is.ijs.si\/?p=16464\"  class=\"thumbnail\"><span class=\"img_cropper\" style=\"margin-right:4px;margin-bottom:4px;max-width:100%;\"><img decoding=\"async\" src=\"https:\/\/is.ijs.si\/wp-content\/uploads\/2025\/03\/Screenshot-2025-03-25-120355.png\" style=\"aspect-ratio:4\/3;\" srcset=\"\" alt=\"Serious Errors in the Assessment of the Atmospheric Greenhouse Effect\" class=\"wplp_thumb\" \/><\/span><\/a><a href=\"https:\/\/is.ijs.si\/?p=16464\"  class=\"title\">Serious Errors in the Assessment of the Atmospheric Greenhouse Effect<\/a><\/div><\/div><div id=\"wplp_box_left_25040_16464\" class=\"wpcu-front-box left wpcu-custom-position\" ><div class=\"wplp-box-item\"><\/div><\/div><div id=\"wplp_box_right_25040_16464\" class=\"wpcu-front-box right wpcu-custom-position\" ><div class=\"wplp-box-item\"><\/div><\/div><div id=\"wplp_box_bottom_25040_16464\" class=\"wpcu-front-box bottom \" ><div class=\"wplp-box-item\"><span class=\"custom_fields\">\n<!-- WPLP Unknown field: Custom_Fields -->\n<\/span><\/div><\/div><\/div><\/div><div class=\"swiper-slide\" style=\"\"><div class=\"insideframe\"><div id=\"wplp_box_top_25040_16461\" class=\"wpcu-front-box top equalHeightImg\" ><div class=\"wplp-box-item\"><a href=\"https:\/\/is.ijs.si\/?p=16461\"  class=\"thumbnail\"><span class=\"img_cropper\" style=\"margin-right:4px;margin-bottom:4px;max-width:100%;\"><img decoding=\"async\" src=\"https:\/\/is.ijs.si\/wp-content\/uploads\/2025\/03\/Screenshot-2025-03-25-120355.png\" style=\"aspect-ratio:4\/3;\" srcset=\"\" alt=\"The governance of cultural landscapes in the EU: A Comparative Analysis of the Nature Restoration Law and the LULUCF Regulations\" class=\"wplp_thumb\" \/><\/span><\/a><a href=\"https:\/\/is.ijs.si\/?p=16461\"  class=\"title\">The governance of cultural landscapes in the EU: A Comparative Analysis of the Nature Restoration Law and the LULUCF Regulations<\/a><\/div><\/div><div id=\"wplp_box_left_25040_16461\" class=\"wpcu-front-box left wpcu-custom-position\" ><div class=\"wplp-box-item\"><\/div><\/div><div id=\"wplp_box_right_25040_16461\" class=\"wpcu-front-box right wpcu-custom-position\" ><div class=\"wplp-box-item\"><\/div><\/div><div id=\"wplp_box_bottom_25040_16461\" class=\"wpcu-front-box bottom \" ><div class=\"wplp-box-item\"><span class=\"custom_fields\">\n<!-- WPLP Unknown field: Custom_Fields -->\n<\/span><\/div><\/div><\/div><\/div><div class=\"swiper-slide\" style=\"\"><div class=\"insideframe\"><div id=\"wplp_box_top_25040_16458\" class=\"wpcu-front-box top equalHeightImg\" ><div class=\"wplp-box-item\"><a href=\"https:\/\/is.ijs.si\/?p=16458\"  class=\"thumbnail\"><span class=\"img_cropper\" style=\"margin-right:4px;margin-bottom:4px;max-width:100%;\"><img decoding=\"async\" src=\"https:\/\/is.ijs.si\/wp-content\/uploads\/2025\/03\/Screenshot-2025-03-25-120355.png\" style=\"aspect-ratio:4\/3;\" srcset=\"\" alt=\"Liquid Neural Network in Modelling Rainfall-Runoff Modelling\" class=\"wplp_thumb\" \/><\/span><\/a><a href=\"https:\/\/is.ijs.si\/?p=16458\"  class=\"title\">Liquid Neural Network in Modelling Rainfall-Runoff Modelling<\/a><\/div><\/div><div id=\"wplp_box_left_25040_16458\" class=\"wpcu-front-box left wpcu-custom-position\" ><div class=\"wplp-box-item\"><\/div><\/div><div id=\"wplp_box_right_25040_16458\" class=\"wpcu-front-box right wpcu-custom-position\" ><div class=\"wplp-box-item\"><\/div><\/div><div id=\"wplp_box_bottom_25040_16458\" class=\"wpcu-front-box bottom \" ><div class=\"wplp-box-item\"><span class=\"custom_fields\">\n<!-- WPLP Unknown field: Custom_Fields -->\n<\/span><\/div><\/div><\/div><\/div><div class=\"swiper-slide\" style=\"\"><div class=\"insideframe\"><div id=\"wplp_box_top_25040_16455\" class=\"wpcu-front-box top equalHeightImg\" ><div class=\"wplp-box-item\"><a href=\"https:\/\/is.ijs.si\/?p=16455\"  class=\"thumbnail\"><span class=\"img_cropper\" style=\"margin-right:4px;margin-bottom:4px;max-width:100%;\"><img decoding=\"async\" src=\"https:\/\/is.ijs.si\/wp-content\/uploads\/2025\/03\/Screenshot-2025-03-25-120355.png\" style=\"aspect-ratio:4\/3;\" srcset=\"\" alt=\"LCA data conforms to Benford\u2019s law\" class=\"wplp_thumb\" \/><\/span><\/a><a href=\"https:\/\/is.ijs.si\/?p=16455\"  class=\"title\">LCA data conforms to Benford\u2019s law<\/a><\/div><\/div><div id=\"wplp_box_left_25040_16455\" class=\"wpcu-front-box left wpcu-custom-position\" ><div class=\"wplp-box-item\"><\/div><\/div><div id=\"wplp_box_right_25040_16455\" class=\"wpcu-front-box right wpcu-custom-position\" ><div class=\"wplp-box-item\"><\/div><\/div><div id=\"wplp_box_bottom_25040_16455\" class=\"wpcu-front-box bottom \" ><div class=\"wplp-box-item\"><span class=\"custom_fields\">\n<!-- WPLP Unknown field: Custom_Fields -->\n<\/span><\/div><\/div><\/div><\/div><\/div><div class=\"swiper-button-next\"><\/div><div class=\"swiper-button-prev\"><\/div><div class=\"swiper-pagination\"><\/div><\/div><\/div>\n\n\n","protected":false},"excerpt":{"rendered":"","protected":false},"author":29,"featured_media":0,"parent":0,"menu_order":0,"comment_status":"closed","ping_status":"closed","template":"","meta":{"footnotes":""},"class_list":["post-25039","page","type-page","status-publish","hentry"],"_links":{"self":[{"href":"https:\/\/is.ijs.si\/index.php?rest_route=\/wp\/v2\/pages\/25039","targetHints":{"allow":["GET"]}}],"collection":[{"href":"https:\/\/is.ijs.si\/index.php?rest_route=\/wp\/v2\/pages"}],"about":[{"href":"https:\/\/is.ijs.si\/index.php?rest_route=\/wp\/v2\/types\/page"}],"author":[{"embeddable":true,"href":"https:\/\/is.ijs.si\/index.php?rest_route=\/wp\/v2\/users\/29"}],"replies":[{"embeddable":true,"href":"https:\/\/is.ijs.si\/index.php?rest_route=%2Fwp%2Fv2%2Fcomments&post=25039"}],"version-history":[{"count":2,"href":"https:\/\/is.ijs.si\/index.php?rest_route=\/wp\/v2\/pages\/25039\/revisions"}],"predecessor-version":[{"id":25042,"href":"https:\/\/is.ijs.si\/index.php?rest_route=\/wp\/v2\/pages\/25039\/revisions\/25042"}],"wp:attachment":[{"href":"https:\/\/is.ijs.si\/index.php?rest_route=%2Fwp%2Fv2%2Fmedia&parent=25039"}],"curies":[{"name":"wp","href":"https:\/\/api.w.org\/{rel}","templated":true}]}}