{"id":194,"date":"2018-07-03T07:13:42","date_gmt":"2018-07-03T07:13:42","guid":{"rendered":"http:\/\/localhost\/?page_id=194"},"modified":"2024-04-17T13:59:33","modified_gmt":"2024-04-17T11:59:33","slug":"location","status":"publish","type":"page","link":"https:\/\/is.ijs.si\/?page_id=194","title":{"rendered":"LOCATION"},"content":{"rendered":"<p class=\"lokacija_tekst\">The Information Society multiconference will be held at Jo\u017eef Stefan Institute, Jamova cesta 39, Ljubljana, Slovenia, Europe.<\/p>\n<p><a class=\"barva_linka\" href=\"https:\/\/www.booking.com\/searchresults.sl.html?aid=399245&amp;label=si-wRQeMJTcLpHZCC0lAJvu3AS532016226938%3Apl%3Ata%3Ap1%3Ap2%3Aac%3Aap%3Aneg%3Afi%3Atiaud-297601666995%3Akwd-311349785028%3Alp9062551%3Ali%3Adec%3Adm&amp;lang=sl&amp;sid=0fa59a97c77f0cad04d9955281fa6571&amp;sb=1&amp;sb_lp=1&amp;src=theme_landing_country&amp;src_elem=sb&amp;error_url=https%3A%2F%2Fwww.booking.com%2Fapartments%2Fcountry%2Fsi.sl.html%3Faid%3D399245%26label%3Dsi-wRQeMJTcLpHZCC0lAJvu3AS532016226938%253Apl%253Ata%253Ap1%253Ap2%253Aac%253Aap%253Aneg%253Afi%253Atiaud-297601666995%253Akwd-311349785028%253Alp9062551%253Ali%253Adec%253Adm%26sid%3D0fa59a97c77f0cad04d9955281fa6571%26&amp;top_ufis=0&amp;theme_id=1&amp;theme_source=theme_landing_country&amp;ss=Jamova+cesta+39%2C+Ljubljana%2C+Slovenija&amp;is_ski_area=&amp;ssne=Slovenija&amp;ssne_untouched=Slovenija&amp;checkin_year=&amp;checkin_month=&amp;checkout_year=&amp;checkout_month=&amp;flex_window=0&amp;group_adults=2&amp;group_children=0&amp;no_rooms=1&amp;b_h4u_keep_filters=&amp;from_sf=1&amp;ac_click_type=g&amp;ac_position=0&amp;dest_type=landmark&amp;place_id=ChIJj1WClEMtZUcRDJ44xtv0LRU&amp;place_id_lat=46.0428374&amp;place_id_lon=14.4875965&amp;search_pageview_id=33205407398b0031&amp;search_selected=true&amp;ss_raw=jamova+39\" target=\"_blank\" rel=\"noopener\">Search for the closest accommodation.<\/a><\/p>\n<p><button id=\"click_opens5\" class=\"naslovi_strani_gumb\"><strong>GETTING TO SLOVENIA<\/strong><\/button><\/p>\n<div id=\"hidden5\" class=\"skrito_div\">\n<p class=\"lokacija_tekst\" style=\"text-align: justify;\">1. <strong><u>BY AIR<\/u><\/strong> <a class=\"barva_linka\" href=\"http:\/\/www.lju-airport.si\/sl\/Main\" target=\"_blank\" rel=\"noopener\">Aerodrom Ljubljana &#8211; Jo\u017ee Pu\u010dnik Airport Ljubljana<\/a> Ljubljana Airport is open every day from 6:00 until 22:00. The Jo\u017ee Pu\u010dnik Airport is with regular schedule flights linked to most major European cities. For your travel you can choose from numerous carriers, who offer regular flights to Slovenia.<\/p>\n<p class=\"lokacija_tekst\" style=\"text-align: justify;\">The Jo\u017ee Pu\u010dnik Airport has excellent bus connections with Ljubljana. The bus brings you directly into the city centre,from where you can by public transportation reach the desired hotel or the Jo\u017ee Stefan Institute.<\/p>\n<p class=\"lokacija_tekst\" style=\"text-align: justify;\">2. <strong><u>BY CAR<\/u><\/strong> You can best get to know a country if you visit it by car. You can reach Slovenia via one of the border crossings with Italy, Austria, Hungary or Croatia, or you can rent a car in one of our car rental agencies. Slovenia\u2019s highways are good and clearly signposted, beside the roads you will find rest stops, inns with overnight accommodation, and motels.<\/p>\n<p class=\"lokacija_tekst\" style=\"text-align: justify;\">3. <strong><u>RAIL TRAVEL<\/u><\/strong> You can travel to Ljubljana in modern and comfortable trains from most major Slovenian cities. Connections abroad are also excellent: you can come to Ljubljana on direct lines from Italy, Austria, Hungary, Croatia, Yugoslavia and Macedonia. Train travel is convenient and inexpensive. <a class=\"barva_linka\" href=\"https:\/\/reiseauskunft.bahn.de\/\/bin\/query.exe\/en?ld=212.60&amp;seqnr=1&amp;ident=ix.03032218.1123749926&amp;newrequest=yes&amp;\" target=\"_blank\" rel=\"noopener\">Information about timetables<\/a> \u2013 in connection to the international timetables.<\/p>\n<p class=\"lokacija_tekst\" style=\"text-align: justify;\">4. <strong><u>BY BUS<\/u><\/strong> It is also possible to reach Slovenia from neighbouring countries by bus. International bus transport is well organized and relatively inexpensive.<\/p>\n<\/div>\n<p><button id=\"click_opens6\" class=\"naslovi_strani_gumb\"><strong>HOW TO GET TO IJS FROM THE AIRPORT OR THE TRAIN STATION<\/strong><\/button><\/p>\n<div id=\"hidden6\" class=\"skrito_div\">\n<p class=\"lokacija_tekst\" style=\"text-align: justify;\">The Jo\u017ee Pu\u010dnik Airport has well organized bus connections to Ljubljana. By bus you arrive in the center of Ljubljana, near the train station from where you can get to the choosen hotel or to the Jozef Stefan Institute.<\/p>\n<p class=\"lokacija_tekst\" style=\"text-align: justify;\">The public transportation in Ljubljana is organized by buses (Ljubljanski potni\u0161ki promet &#8211; LPP). The ride can be paid only with an Urbana card . It can be bought at most of the tobacconist shops, at the Central bus station of Ljubljana and a number of shops and department stores. You may also buy the Ljubljana Card, which brings you many special offers. With this card you are entitled to free rides on the Ljubljana public transportation buses, free admittance to museums &amp; galleries. Additional information about the card can be found <a class=\"barva_linka\" href=\"https:\/\/www.visitljubljana.com\/en\/visitors\/ljubljana-card\/\" target=\"_blank\" rel=\"noopener\">here<\/a>.<\/p>\n<p class=\"lokacija_tekst\" style=\"text-align: justify;\">In front of the main train station is located the bus station. Take the bus number 9 (direction Trnovo). At the second stop get off and take the bus number 1 (direction Mestni Log) or number 6 (direction Dolgi Most). The bus number 1 stops directly in front of the Jo\u017eef Stefan Institute entrance (bus stop Jadranska). Number 6 on Tr\u017ea\u0161ka cesta, which is 5 minutes of walking away from IJS.<\/p>\n<p><a href=\"https:\/\/e9-owncloud.ijs.si\/isnew\/wp-content\/uploads\/2018\/09\/lpp_shema_linij.png\"><img loading=\"lazy\" decoding=\"async\" class=\"alignnone size-medium wp-image-5995\" src=\"https:\/\/e9-owncloud.ijs.si\/isnew\/wp-content\/uploads\/2018\/09\/lpp_shema_linij-300x225.png\" alt=\"lpp_shema_linij\" width=\"300\" height=\"225\" srcset=\"https:\/\/is.ijs.si\/wp-content\/uploads\/2018\/09\/lpp_shema_linij-300x225.png 300w, https:\/\/is.ijs.si\/wp-content\/uploads\/2018\/09\/lpp_shema_linij-768x575.png 768w, https:\/\/is.ijs.si\/wp-content\/uploads\/2018\/09\/lpp_shema_linij-1024x767.png 1024w, https:\/\/is.ijs.si\/wp-content\/uploads\/2018\/09\/lpp_shema_linij.png 1301w\" sizes=\"auto, (max-width: 300px) 100vw, 300px\" \/><\/a><\/p>\n<p><strong>Click to enlarge.<\/strong><\/p>\n<p><iframe loading=\"lazy\" style=\"border: 0;\" src=\"https:\/\/www.google.com\/maps\/embed?pb=!1m28!1m12!1m3!1d22152.39764065685!2d14.482209139612733!3d46.050106806611716!2m3!1f0!2f0!3f0!3m2!1i1024!2i768!4f13.1!4m13!3e0!4m5!1s0x4765329b8d9a3087%3A0xf57f940f62710168!2sTrg+Osvobodilne+fronte%2C+1000+Ljubljana!3m2!1d46.0578205!2d14.5097955!4m5!1s0x47652d4394058721%3A0x77cdc82d5f85c8b2!2sInstitut+%22Jo%C5%BEef+Stefan%22%2C+Jamova+cesta%2C+Ljubljana!3m2!1d46.0423559!2d14.4878586!5e0!3m2!1sen!2ssi!4v1530607353996\" width=\"600\" height=\"450\" frameborder=\"0\" allowfullscreen=\"allowfullscreen\"><\/iframe><\/p>\n<\/div>\n<p><script type=\"text\/javascript\">\n\tjQuery(document).ready(function() {\n\t\tjQuery(\"#click_opens5\").click(function () {\n\t\t\tjQuery(\"#hidden5\").toggle();\n\t\t});\n\t});\n<\/script><\/p>\n<p><script type=\"text\/javascript\">\n\tjQuery(document).ready(function() {\n\t\tjQuery(\"#click_opens6\").click(function () {\n\t\t\tjQuery(\"#hidden6\").toggle();\n\t\t});\n\t});\n<\/script><\/p>\n","protected":false},"excerpt":{"rendered":"<p>The Information Society multiconference will be held at Jo\u017eef Stefan Institute, Jamova cesta 39, Ljubljana, Slovenia, Europe. Search for the closest accommodation. GETTING TO SLOVENIA 1. BY AIR Aerodrom Ljubljana &#8211; Jo\u017ee Pu\u010dnik Airport Ljubljana Ljubljana Airport is open every day from 6:00 until 22:00. The Jo\u017ee Pu\u010dnik Airport is with regular schedule flights linked to most major European cities. For your travel you can choose from numerous carriers, who offer regular flights to Slovenia. The Jo\u017ee Pu\u010dnik Airport has excellent bus connections with Ljubljana. The bus brings you directly into the city centre,from where you can by public transportation reach the desired hotel or the Jo\u017ee Stefan Institute. 2. BY CAR You can best get to know a country if you visit it by car. You can reach Slovenia via one of the border crossings with Italy, Austria, Hungary or Croatia, or you can rent a car in one of our car rental agencies. Slovenia\u2019s highways are good and clearly signposted, beside the roads you will find rest stops, inns with overnight accommodation, and motels. 3. RAIL TRAVEL You can travel to Ljubljana in modern and comfortable trains from most major Slovenian cities. Connections abroad are also excellent: you can come to Ljubljana on direct lines from Italy, Austria, Hungary, Croatia, Yugoslavia and Macedonia. Train travel is convenient and inexpensive. Information about timetables \u2013 in connection to the international timetables. 4. BY BUS It is also possible to reach Slovenia from neighbouring countries by bus. International bus transport is well organized and relatively inexpensive. HOW TO GET TO IJS FROM THE AIRPORT OR THE TRAIN STATION The Jo\u017ee Pu\u010dnik Airport has well organized bus connections to Ljubljana. By bus you arrive in the center of Ljubljana, near the train station from where you can get to the choosen hotel or to the Jozef Stefan Institute. The public transportation in Ljubljana is organized by buses (Ljubljanski potni\u0161ki promet &#8211; LPP). The ride can be paid only with an Urbana card . It can be bought at most of the tobacconist shops, at the Central bus station of Ljubljana and a number of shops and department stores. You may also buy the Ljubljana Card, which brings you many special offers. With this card you are entitled to free rides on the Ljubljana public transportation buses, free admittance to museums &amp; galleries. Additional information about the card can be found here. In front of the main train station is located the bus station. Take the bus number 9 (direction Trnovo). At the second stop get off and take the bus number 1 (direction Mestni Log) or number 6 (direction Dolgi Most). The bus number 1 stops directly in front of the Jo\u017eef Stefan Institute entrance (bus stop Jadranska). Number 6 on Tr\u017ea\u0161ka cesta, which is 5 minutes of walking away from IJS. Click to enlarge.<\/p>\n","protected":false},"author":1,"featured_media":0,"parent":0,"menu_order":0,"comment_status":"closed","ping_status":"closed","template":"","meta":{"footnotes":""},"class_list":["post-194","page","type-page","status-publish","hentry"],"_links":{"self":[{"href":"https:\/\/is.ijs.si\/index.php?rest_route=\/wp\/v2\/pages\/194","targetHints":{"allow":["GET"]}}],"collection":[{"href":"https:\/\/is.ijs.si\/index.php?rest_route=\/wp\/v2\/pages"}],"about":[{"href":"https:\/\/is.ijs.si\/index.php?rest_route=\/wp\/v2\/types\/page"}],"author":[{"embeddable":true,"href":"https:\/\/is.ijs.si\/index.php?rest_route=\/wp\/v2\/users\/1"}],"replies":[{"embeddable":true,"href":"https:\/\/is.ijs.si\/index.php?rest_route=%2Fwp%2Fv2%2Fcomments&post=194"}],"version-history":[{"count":61,"href":"https:\/\/is.ijs.si\/index.php?rest_route=\/wp\/v2\/pages\/194\/revisions"}],"predecessor-version":[{"id":16240,"href":"https:\/\/is.ijs.si\/index.php?rest_route=\/wp\/v2\/pages\/194\/revisions\/16240"}],"wp:attachment":[{"href":"https:\/\/is.ijs.si\/index.php?rest_route=%2Fwp%2Fv2%2Fmedia&parent=194"}],"curies":[{"name":"wp","href":"https:\/\/api.w.org\/{rel}","templated":true}]}}