{"id":14413,"date":"2021-06-28T12:17:51","date_gmt":"2021-06-28T10:17:51","guid":{"rendered":"https:\/\/is.ijs.si\/?page_id=14413"},"modified":"2025-08-19T09:01:44","modified_gmt":"2025-08-19T07:01:44","slug":"oddaja-prispevkov-2","status":"publish","type":"page","link":"https:\/\/is.ijs.si\/?page_id=14413","title":{"rendered":"NAVODILA ZA ODDAJO PRISPEVKA"},"content":{"rendered":"\n<p><strong>NAVODILA ZA ODDAJO PRISPEVKA<\/strong><\/p>\n\n\n\n<p>Vsaka konferenca bo imela svoj lo\u010den zbornik prispevkov. Poleg tega bo izdan tudi skupni zbornik vseh prispevkov konference IS, ki bo objavljen v elektronski obliki (.pdf) in dostopen na na\u0161i spletni strani. Pretekli zborniki konferenc od leta 2005 do 2024 so na voljo na spletni strani pod zavihkom  <a href=\"https:\/\/is.ijs.si\/?page_id=901\">ZBORNIKI<\/a>.<\/p>\n\n\n\n<p>Za vsak prispevek, ki bo objavljen v zborniku IS2025, je potrebno pla\u010dati kotizacijo v vi\u0161ini 200,00 EUR (za \u0161tudente in upokojence zna\u0161a kotizacija 100,00 EUR). Registracijo opravi prvi avtor oziroma avtor, ki bo prispevek na konferenci tudi predstavil.<\/p>\n\n\n\n<p>Prispevki so lahko napisani v slovenskem ali angle\u0161kem jeziku. Tudi predstavitev na konferenci je mogo\u010da v obeh jezikih. Besedilo naj bo jezikovno ustrezno in skrbno lektorirano.<\/p>\n\n\n\n<p>Prispevki morajo biti pripravljeni v skladu s <strong><a href=\"https:\/\/e9-nextcloud.ijs.si\/index.php\/s\/My5CwaTnRABqpbP\" target=\"_blank\" rel=\"noreferrer noopener\">predlogo (Word\/LaTex)<\/a><\/strong>. Pri pisanju in oddaji prispevkov upo\u0161tevajte <strong><a href=\"https:\/\/is.ijs.si\/wp-content\/uploads\/2025\/08\/navodila-avtorjem-2025-posodobljeno-final.pdf\" data-type=\"link\" data-id=\"https:\/\/is.ijs.si\/wp-content\/uploads\/2025\/07\/navodila-avtorjem-2025-posodobljeno.pdf\">navodila za avtorje<\/a><\/strong>.<\/p>\n\n\n\n<p>Prosimo, da se dr\u017eite predloge; \u010de naletite na te\u017eave pri uporabi, nas o tem obvestite, da jih lahko odpravimo.<\/p>\n\n\n\n<p>Posebej opozarjamo, da morajo biti prispevki, napisani v sloven\u0161\u010dini, opremljeni tudi z angle\u0161kim naslovom (pod slovenskim), angle\u0161kim povzetkom in angle\u0161kimi klju\u010dnimi besedami (pod slovenskim povzetkom in klju\u010dnimi besedami).<\/p>\n\n\n\n<p><\/p>\n\n\n\n<p>Roki za oddajo prispevkov na konferenco so vidni v CFPju posamezne konference. <br>Seznam vseh aktualnih konferenc je objavljen na spletni strani: <a href=\"https:\/\/is.ijs.si\/?page_id=35\" data-type=\"link\" data-id=\"https:\/\/is.ijs.si\/?page_id=35\">KONFERENCE<\/a>. <\/p>\n\n\n\n<p><\/p>\n\n\n\n<BR><p><strong>Seznam konferenc s povezavami do EasyChair sistema<\/strong>:<\/p><\/BR>\n\n\n\n<p class=\"has-text-align-left\"><em><mark style=\"background-color:rgba(0, 0, 0, 0)\" class=\"has-inline-color has-black-color\">\u2022 <strong>ODKRIVANJE ZNANJA IN PODATKOVNA SKLADI\u0160\u010cA<\/strong> <\/mark><\/em><br>-&gt; EASYCHAIR: <a href=\"https:\/\/easychair.org\/conferences\/?conf=is2025sikdd\">povezava<\/a><\/p>\n\n\n\n<p class=\"has-text-align-left\">\u2022 <strong><em>DEMOGRAFSKE IN DRU\u017dINSKE ANALIZE <\/em><\/strong><br>-&gt; EASYCHAIR: <a href=\"https:\/\/easychair.org\/conferences\/?conf=is2025-demographics\">povezava<\/a><\/p>\n\n\n\n<p class=\"has-text-align-left\">\u2022 <strong><em>DIGITALNA PREOBRAZBA ZDRAVSTVENE NEGE (SIZN) <\/em><\/strong><br>-&gt; EASYCHAIR: <a href=\"https:\/\/easychair.org\/conferences\/?conf=is2025-sizn\">povezava<\/a><\/p>\n\n\n\n<p class=\"has-text-align-left\">\u2022 <strong><em>KOGNITONIKA <\/em><\/strong><br>-&gt; ODDAJA PRISPEVKOV: <a href=\"https:\/\/is.ijs.si\/vfomichov@gmail.com\">povezava<\/a><\/p>\n\n\n\n<p class=\"has-text-align-left\">\u2022 <strong><em>KONFERENCA O ZDRAVI DOLGO\u017dIVOSTI <\/em><\/strong> <br>-&gt; EASYCHAIR: <a href=\"https:\/\/easychair.org\/conferences\/?conf=is2025-dolgozivost\">povezava<\/a><\/p>\n\n\n\n<p class=\"has-text-align-left\">\u2022 <strong><em>MITI IN RESNICE O VAROVANJU OKOLJA<\/em><\/strong> <br>-&gt; EASYCHAIR: <a href=\"https:\/\/easychair.org\/conferences\/?conf=is2025-environment\">povezava<\/a><\/p>\n\n\n\n<p class=\"has-text-align-left\">\u2022 <strong><em>UPORABA<\/em><\/strong> <strong><em>UI V ZDRAVSTVU <\/em><\/strong><br>-&gt; EASYCHAIR: <a href=\"https:\/\/easychair.org\/conferences\/?conf=is2025-aiinhealthcare\">povezava<\/a><\/p>\n\n\n\n<p class=\"has-text-align-left\">\u2022 <strong><em>MEDNARODNA KONFERENCA O PRENOSU TEHNOLOGIJ<\/em><\/strong> <br>-&gt; EASYCHAIR: <a href=\"https:\/\/easychair.org\/my\/conference?conf=ittc18\">povezava<\/a><\/p>\n\n\n\n<p class=\"has-text-align-left\"><strong><em>\u2022 DIGITALNA VKLJU\u010cENOST V INFORMACIJSKI DRU\u017dBI \u2013 DIGIN 2025<\/em><\/strong> <\/p>\n\n\n\n<p class=\"has-text-align-left\">-> EASYCHAIR: <a href=\"https:\/\/easychair.org\/account2\/signin?l=4932042678768205593\">povezava<\/a><\/p>\n\n\n\n<p class=\"has-text-align-left\">\u2022 <strong><em>SLOVENSKA KONFERENCA O UMETNI INTELIGENCI<\/em><\/strong> <br>-&gt; EASYCHAIR: <a href=\"https:\/\/easychair.org\/conferences?conf=skui2025\">povezava<\/a><\/p>\n\n\n\n<p class=\"has-text-align-left\">\u2022 <strong><em>KOGNITIVNA ZNANOST  <\/em><\/strong><br>-&gt; EASYCHAIR: <a href=\"https:\/\/easychair.org\/conferences\/?conf=is2025-cognitivescience\">povezava<\/a><\/p>\n\n\n\n<p class=\"has-text-align-left\"> \u2022 <strong><em>SREDNJEEVROPSKA KONFERENCA O UPORABNEM TEORETI\u010cNEM RA\u010cUNALNI\u0160TVU (MATCOS 2025)<\/em><\/strong> -&gt; EASYCHAIR: <a href=\"https:\/\/easychair.org\/my\/conference?conf=matcos25\">povezava<\/a><\/p>\n\n\n\n<p class=\"has-text-align-left\">\u2022 <strong><em>LEGENDE RA\u010cUNALNI\u0160TVA IN INFORMATIKE <\/em><\/strong> <br>-&gt; EASYCHAIR: <a href=\"https:\/\/easychair.org\/my\/conference?conf=is2025-legende\">povezava<\/a><\/p>\n\n\n\n<p class=\"has-text-align-left\">\u2022 <strong><em>VZGOJA IN IZOBRA\u017dEVANJE V INFORMACIJSKI DRU\u017dBI<\/em><\/strong> <br>-&gt; ODDAJA PRISPEVKOV: <a href=\"https:\/\/is.ijs.si\/konferencaVIVID@gmail.com\">povezava<\/a><\/p>\n\n\n\n<p class=\"has-text-align-left\"><\/p>\n","protected":false},"excerpt":{"rendered":"<p>NAVODILA ZA ODDAJO PRISPEVKA Vsaka konferenca bo imela svoj lo\u010den zbornik prispevkov. Poleg tega bo izdan tudi skupni zbornik vseh prispevkov konference IS, ki bo objavljen v elektronski obliki (.pdf) in dostopen na na\u0161i spletni strani. Pretekli zborniki konferenc od leta 2005 do 2024 so na voljo na spletni strani pod zavihkom ZBORNIKI. Za vsak prispevek, ki bo objavljen v zborniku IS2025, je potrebno pla\u010dati kotizacijo v vi\u0161ini 200,00 EUR (za \u0161tudente in upokojence zna\u0161a kotizacija 100,00 EUR). Registracijo opravi prvi avtor oziroma avtor, ki bo prispevek na konferenci tudi predstavil. Prispevki so lahko napisani v slovenskem ali angle\u0161kem jeziku. Tudi predstavitev na konferenci je mogo\u010da v obeh jezikih. Besedilo naj bo jezikovno ustrezno in skrbno lektorirano. Prispevki morajo biti pripravljeni v skladu s predlogo (Word\/LaTex). Pri pisanju in oddaji prispevkov upo\u0161tevajte navodila za avtorje. Prosimo, da se dr\u017eite predloge; \u010de naletite na te\u017eave pri uporabi, nas o tem obvestite, da jih lahko odpravimo. Posebej opozarjamo, da morajo biti prispevki, napisani v sloven\u0161\u010dini, opremljeni tudi z angle\u0161kim naslovom (pod slovenskim), angle\u0161kim povzetkom in angle\u0161kimi klju\u010dnimi besedami (pod slovenskim povzetkom in klju\u010dnimi besedami). Roki za oddajo prispevkov na konferenco so vidni v CFPju posamezne konference. Seznam vseh aktualnih konferenc je objavljen na spletni strani: KONFERENCE. Seznam konferenc s povezavami do EasyChair sistema: \u2022 ODKRIVANJE ZNANJA IN PODATKOVNA SKLADI\u0160\u010cA -&gt; EASYCHAIR: povezava \u2022 DEMOGRAFSKE IN DRU\u017dINSKE ANALIZE -&gt; EASYCHAIR: povezava \u2022 DIGITALNA PREOBRAZBA ZDRAVSTVENE NEGE (SIZN) -&gt; EASYCHAIR: povezava \u2022 KOGNITONIKA -&gt; ODDAJA PRISPEVKOV: povezava \u2022 KONFERENCA O ZDRAVI DOLGO\u017dIVOSTI -&gt; EASYCHAIR: povezava \u2022 MITI IN RESNICE O VAROVANJU OKOLJA -&gt; EASYCHAIR: povezava \u2022 UPORABA UI V ZDRAVSTVU -&gt; EASYCHAIR: povezava \u2022 MEDNARODNA KONFERENCA O PRENOSU TEHNOLOGIJ -&gt; EASYCHAIR: povezava \u2022 DIGITALNA VKLJU\u010cENOST V INFORMACIJSKI DRU\u017dBI \u2013 DIGIN 2025 -> EASYCHAIR: povezava \u2022 SLOVENSKA KONFERENCA O UMETNI INTELIGENCI -&gt; EASYCHAIR: povezava \u2022 KOGNITIVNA ZNANOST -&gt; EASYCHAIR: povezava \u2022 SREDNJEEVROPSKA KONFERENCA O UPORABNEM TEORETI\u010cNEM RA\u010cUNALNI\u0160TVU (MATCOS 2025) -&gt; EASYCHAIR: povezava \u2022 LEGENDE RA\u010cUNALNI\u0160TVA IN INFORMATIKE -&gt; EASYCHAIR: povezava \u2022 VZGOJA IN IZOBRA\u017dEVANJE V INFORMACIJSKI DRU\u017dBI -&gt; ODDAJA PRISPEVKOV: povezava<\/p>\n","protected":false},"author":29,"featured_media":0,"parent":0,"menu_order":0,"comment_status":"closed","ping_status":"closed","template":"","meta":{"footnotes":""},"class_list":["post-14413","page","type-page","status-publish","hentry"],"_links":{"self":[{"href":"https:\/\/is.ijs.si\/index.php?rest_route=\/wp\/v2\/pages\/14413","targetHints":{"allow":["GET"]}}],"collection":[{"href":"https:\/\/is.ijs.si\/index.php?rest_route=\/wp\/v2\/pages"}],"about":[{"href":"https:\/\/is.ijs.si\/index.php?rest_route=\/wp\/v2\/types\/page"}],"author":[{"embeddable":true,"href":"https:\/\/is.ijs.si\/index.php?rest_route=\/wp\/v2\/users\/29"}],"replies":[{"embeddable":true,"href":"https:\/\/is.ijs.si\/index.php?rest_route=%2Fwp%2Fv2%2Fcomments&post=14413"}],"version-history":[{"count":93,"href":"https:\/\/is.ijs.si\/index.php?rest_route=\/wp\/v2\/pages\/14413\/revisions"}],"predecessor-version":[{"id":25207,"href":"https:\/\/is.ijs.si\/index.php?rest_route=\/wp\/v2\/pages\/14413\/revisions\/25207"}],"wp:attachment":[{"href":"https:\/\/is.ijs.si\/index.php?rest_route=%2Fwp%2Fv2%2Fmedia&parent=14413"}],"curies":[{"name":"wp","href":"https:\/\/api.w.org\/{rel}","templated":true}]}}