{"id":1167,"date":"2018-08-08T10:43:46","date_gmt":"2018-08-08T08:43:46","guid":{"rendered":"http:\/\/localhost\/?page_id=1167"},"modified":"2019-03-19T13:18:28","modified_gmt":"2019-03-19T12:18:28","slug":"proceedings-is2009","status":"publish","type":"page","link":"https:\/\/is.ijs.si\/?page_id=1167","title":{"rendered":"PROCEEDINGS IS2009"},"content":{"rendered":"<ul style=\"list-style-type: circle;\">\n<li class=\"podnaslovi2\">Zbornik A \/ Proceedings A<\/li>\n<\/ul>\n<p class=\"nastevanje\">&#8211; INTELIGENTNI SISTEMI \/ INTELLIGENT SYSTEMS<\/p>\n<p class=\"nastevanje\">&#8211; VZGOJA IN IZOBRA\u017dEVANJE V INFORMACIJSKI DRU\u017dBI \/ EDUCATION IN INFORMATION SOCIETY<\/p>\n<p class=\"nastevanje\">&#8211; IZKOPAVANJE ZNANJA IN PODATKOVNA SKLADI\u0160\u010cA \/ DATA MINING AND DATA WAREHOUSES<\/p>\n<p class=\"nastevanje\">&#8211; SODELOVANJE, PROGRAMSKA OPREMA IN STORITVE V INFORMACIJSKI DRU\u017dBI \/ COLLABORATION, SOFTWARE AND SERVICES IN INFORMATION SOCIETY<\/p>\n<p class=\"nastevanje\">&#8211; KOGNITIVNE ZNANOSTI \/ COGNITIVE SCIENCES<\/p>\n<p class=\"nastevanje\">&#8211; ROBOTIKA \/ ROBOTICS<\/p>\n<p class=\"nastevanje\">&#8211; KOGNITONIKA \/ COGNITONICS<\/p>\n<p class=\"nastevanje\">&#8211; DRUGA MINI KONFERENCA IZ TEORETI\u010cNEGA RA\u010cUNALNI\u0160TVA \/ THE SECOND MINI CONFERENCE ON THEORETICAL COMPUTER SCIENCE<\/p>\n<p class=\"majhen_tekst\"><a class=\"barva_linka\" href=\"https:\/\/is.ijs.si\/wp-content\/uploads\/2018\/08\/2009_A.pdf\" target=\"_blank\" rel=\"noopener noreferrer\">Prenesi \/ Download (43 MB)<\/a><\/p>\n<ul style=\"list-style-type: circle;\">\n<li class=\"podnaslovi2\">Zbornik B \/ Proceedings B<\/li>\n<\/ul>\n<p class=\"nastevanje\">&#8211; SOO\u010cANJE Z DEMOGRAFSKIMI IZZIVI V EVROPI \/ FACING DEMOGRAPHIC CHALLENGES IN EUROPE<\/p>\n<p class=\"majhen_tekst\"><a class=\"barva_linka\" href=\"https:\/\/is.ijs.si\/wp-content\/uploads\/2018\/08\/2009_B.pdf\" target=\"_blank\" rel=\"noopener noreferrer\">Prenesi \/ Download (4 MB)<\/a><\/p>\n<ul style=\"list-style-type: circle;\">\n<li class=\"podnaslovi2\">Zbornik C \/ Proceedings C<\/li>\n<\/ul>\n<p class=\"nastevanje\">&#8211; MONDILEX &#8211; Raziskovalne infrastrukture za digitalno leksikografijo \/ MONDILEX &#8211; Research Infrastructure for Digital Lexicography<\/p>\n<p class=\"majhen_tekst\"><a class=\"barva_linka\" href=\"https:\/\/is.ijs.si\/wp-content\/uploads\/2018\/08\/2009_C.pdf\" target=\"_blank\" rel=\"noopener noreferrer\">Prenesi \/ Download (5 MB)<\/a><\/p>\n","protected":false},"excerpt":{"rendered":"<p>Zbornik A \/ Proceedings A &#8211; INTELIGENTNI SISTEMI \/ INTELLIGENT SYSTEMS &#8211; VZGOJA IN IZOBRA\u017dEVANJE V INFORMACIJSKI DRU\u017dBI \/ EDUCATION IN INFORMATION SOCIETY &#8211; IZKOPAVANJE ZNANJA IN PODATKOVNA SKLADI\u0160\u010cA \/ DATA MINING AND DATA WAREHOUSES &#8211; SODELOVANJE, PROGRAMSKA OPREMA IN STORITVE V INFORMACIJSKI DRU\u017dBI \/ COLLABORATION, SOFTWARE AND SERVICES IN INFORMATION SOCIETY &#8211; KOGNITIVNE ZNANOSTI \/ COGNITIVE SCIENCES &#8211; ROBOTIKA \/ ROBOTICS &#8211; KOGNITONIKA \/ COGNITONICS &#8211; DRUGA MINI KONFERENCA IZ TEORETI\u010cNEGA RA\u010cUNALNI\u0160TVA \/ THE SECOND MINI CONFERENCE ON THEORETICAL COMPUTER SCIENCE Prenesi \/ Download (43 MB) Zbornik B \/ Proceedings B &#8211; SOO\u010cANJE Z DEMOGRAFSKIMI IZZIVI V EVROPI \/ FACING DEMOGRAPHIC CHALLENGES IN EUROPE Prenesi \/ Download (4 MB) Zbornik C \/ Proceedings C &#8211; MONDILEX &#8211; Raziskovalne infrastrukture za digitalno leksikografijo \/ MONDILEX &#8211; Research Infrastructure for Digital Lexicography Prenesi \/ Download (5 MB)<\/p>\n","protected":false},"author":1,"featured_media":0,"parent":0,"menu_order":0,"comment_status":"closed","ping_status":"closed","template":"","meta":{"footnotes":""},"class_list":["post-1167","page","type-page","status-publish","hentry"],"_links":{"self":[{"href":"https:\/\/is.ijs.si\/index.php?rest_route=\/wp\/v2\/pages\/1167","targetHints":{"allow":["GET"]}}],"collection":[{"href":"https:\/\/is.ijs.si\/index.php?rest_route=\/wp\/v2\/pages"}],"about":[{"href":"https:\/\/is.ijs.si\/index.php?rest_route=\/wp\/v2\/types\/page"}],"author":[{"embeddable":true,"href":"https:\/\/is.ijs.si\/index.php?rest_route=\/wp\/v2\/users\/1"}],"replies":[{"embeddable":true,"href":"https:\/\/is.ijs.si\/index.php?rest_route=%2Fwp%2Fv2%2Fcomments&post=1167"}],"version-history":[{"count":3,"href":"https:\/\/is.ijs.si\/index.php?rest_route=\/wp\/v2\/pages\/1167\/revisions"}],"predecessor-version":[{"id":12740,"href":"https:\/\/is.ijs.si\/index.php?rest_route=\/wp\/v2\/pages\/1167\/revisions\/12740"}],"wp:attachment":[{"href":"https:\/\/is.ijs.si\/index.php?rest_route=%2Fwp%2Fv2%2Fmedia&parent=1167"}],"curies":[{"name":"wp","href":"https:\/\/api.w.org\/{rel}","templated":true}]}}