{"id":10803,"date":"2018-10-22T09:17:46","date_gmt":"2018-10-22T07:17:46","guid":{"rendered":"https:\/\/e9-owncloud.ijs.si\/isnew\/?page_id=10803"},"modified":"2024-12-12T12:15:00","modified_gmt":"2024-12-12T11:15:00","slug":"2-studentska-racunalniska-konferenca-2015","status":"publish","type":"page","link":"https:\/\/is.ijs.si\/?page_id=10803","title":{"rendered":"2. \u0160TUDENTSKA RA\u010cUNALNI\u0160KA KONFERENCA \/ 2ST STUDENT CONFERENCE STUDENTS (2015)"},"content":{"rendered":"<div id=\"envira-gallery-wrap-21225\" class=\"envira-gallery-wrap envira-gallery-theme-base envira-lightbox-theme-base\" itemscope itemtype=\"https:\/\/schema.org\/ImageGallery\"><div data-row-height=\"150\" data-gallery-theme=\"normal\" id=\"envira-gallery-21225\" class=\"envira-gallery-public envira-gallery-justified-public envira-gallery-0-columns envira-clear enviratope envira-gallery-css-animations\" data-envira-columns=\"0\"><div id=\"envira-gallery-item-21226\" class=\"envira-gallery-item enviratope-item envira-gallery-item-1 envira-lazy-load\" style=\"padding-left: 5px; padding-bottom: 10px; padding-right: 5px;\"  itemscope itemtype=\"https:\/\/schema.org\/ImageObject\"><div class=\"envira-gallery-item-inner\"><div class=\"envira-gallery-position-overlay  envira-gallery-top-left\"><\/div><div class=\"envira-gallery-position-overlay  envira-gallery-top-right\"><\/div><div class=\"envira-gallery-position-overlay  envira-gallery-bottom-left\"><\/div><div class=\"envira-gallery-position-overlay  envira-gallery-bottom-right\"><\/div><a href=\"https:\/\/is.ijs.si\/wp-content\/uploads\/2024\/12\/IMG_8980.jpg\" class=\"envira-gallery-21225 envira-gallery-link\" rel=\"enviragallery21225\" title=\"IMG_8980\" data-envira-caption=\"IMG_8980\" data-envira-retina=\"\" data-thumbnail=\"\"  itemprop=\"contentUrl\"><img decoding=\"async\" id=\"envira-gallery-image-21226\" class=\"envira-gallery-image envira-gallery-image-1 envira-normal envira-lazy\" data-envira-index=\"1\" src=\"https:\/\/is.ijs.si\/wp-content\/uploads\/2024\/12\/IMG_8980-1024x683-640x480.jpg\" data-envira-src=\"https:\/\/is.ijs.si\/wp-content\/uploads\/2024\/12\/IMG_8980-1024x683-640x480.jpg\" data-envira-gallery-id=\"21225\" data-envira-item-id=\"21226\" data-envira-caption=\"IMG_8980\" alt=\"\" title=\"IMG_8980\"  itemprop=\"thumbnailUrl\" data-envira-srcset=\"https:\/\/is.ijs.si\/wp-content\/uploads\/2024\/12\/IMG_8980-1024x683-640x480.jpg 400w,https:\/\/is.ijs.si\/wp-content\/uploads\/2024\/12\/IMG_8980-1024x683-640x480.jpg 2x\" data-envira-width=\"300\" data-envira-height=\"200\" srcset=\"data:image\/gif;base64,R0lGODlhAQABAIAAAP\/\/\/\/\/\/\/yH5BAEKAAEALAAAAAABAAEAAAICTAEAOw==\" data-safe-src=\"data:image\/gif;base64,R0lGODlhAQABAIAAAP\/\/\/\/\/\/\/yH5BAEKAAEALAAAAAABAAEAAAICTAEAOw==\" \/><\/a><\/div><\/div><div id=\"envira-gallery-item-21227\" class=\"envira-gallery-item enviratope-item envira-gallery-item-2 envira-lazy-load\" style=\"padding-left: 5px; padding-bottom: 10px; padding-right: 5px;\"  itemscope itemtype=\"https:\/\/schema.org\/ImageObject\"><div class=\"envira-gallery-item-inner\"><div class=\"envira-gallery-position-overlay  envira-gallery-top-left\"><\/div><div class=\"envira-gallery-position-overlay  envira-gallery-top-right\"><\/div><div class=\"envira-gallery-position-overlay  envira-gallery-bottom-left\"><\/div><div class=\"envira-gallery-position-overlay  envira-gallery-bottom-right\"><\/div><a href=\"https:\/\/is.ijs.si\/wp-content\/uploads\/2024\/12\/IMG_8982.jpg\" class=\"envira-gallery-21225 envira-gallery-link\" rel=\"enviragallery21225\" title=\"IMG_8982\" data-envira-caption=\"IMG_8982\" data-envira-retina=\"\" data-thumbnail=\"\"  itemprop=\"contentUrl\"><img decoding=\"async\" id=\"envira-gallery-image-21227\" class=\"envira-gallery-image envira-gallery-image-2 envira-normal envira-lazy\" data-envira-index=\"2\" src=\"https:\/\/is.ijs.si\/wp-content\/uploads\/2024\/12\/IMG_8982-1024x683-640x480.jpg\" data-envira-src=\"https:\/\/is.ijs.si\/wp-content\/uploads\/2024\/12\/IMG_8982-1024x683-640x480.jpg\" data-envira-gallery-id=\"21225\" data-envira-item-id=\"21227\" data-envira-caption=\"IMG_8982\" alt=\"\" title=\"IMG_8982\"  itemprop=\"thumbnailUrl\" data-envira-srcset=\"https:\/\/is.ijs.si\/wp-content\/uploads\/2024\/12\/IMG_8982-1024x683-640x480.jpg 400w,https:\/\/is.ijs.si\/wp-content\/uploads\/2024\/12\/IMG_8982-1024x683-640x480.jpg 2x\" data-envira-width=\"300\" data-envira-height=\"200\" srcset=\"data:image\/gif;base64,R0lGODlhAQABAIAAAP\/\/\/\/\/\/\/yH5BAEKAAEALAAAAAABAAEAAAICTAEAOw==\" data-safe-src=\"data:image\/gif;base64,R0lGODlhAQABAIAAAP\/\/\/\/\/\/\/yH5BAEKAAEALAAAAAABAAEAAAICTAEAOw==\" \/><\/a><\/div><\/div><div id=\"envira-gallery-item-21228\" class=\"envira-gallery-item enviratope-item envira-gallery-item-3 envira-lazy-load\" style=\"padding-left: 5px; padding-bottom: 10px; padding-right: 5px;\"  itemscope itemtype=\"https:\/\/schema.org\/ImageObject\"><div class=\"envira-gallery-item-inner\"><div class=\"envira-gallery-position-overlay  envira-gallery-top-left\"><\/div><div class=\"envira-gallery-position-overlay  envira-gallery-top-right\"><\/div><div class=\"envira-gallery-position-overlay  envira-gallery-bottom-left\"><\/div><div class=\"envira-gallery-position-overlay  envira-gallery-bottom-right\"><\/div><a href=\"https:\/\/is.ijs.si\/wp-content\/uploads\/2024\/12\/IMG_8983.jpg\" class=\"envira-gallery-21225 envira-gallery-link\" rel=\"enviragallery21225\" title=\"IMG_8983\" data-envira-caption=\"IMG_8983\" data-envira-retina=\"\" data-thumbnail=\"\"  itemprop=\"contentUrl\"><img decoding=\"async\" id=\"envira-gallery-image-21228\" class=\"envira-gallery-image envira-gallery-image-3 envira-normal envira-lazy\" data-envira-index=\"3\" src=\"https:\/\/is.ijs.si\/wp-content\/uploads\/2024\/12\/IMG_8983-1024x683-640x480.jpg\" data-envira-src=\"https:\/\/is.ijs.si\/wp-content\/uploads\/2024\/12\/IMG_8983-1024x683-640x480.jpg\" data-envira-gallery-id=\"21225\" data-envira-item-id=\"21228\" data-envira-caption=\"IMG_8983\" alt=\"\" title=\"IMG_8983\"  itemprop=\"thumbnailUrl\" data-envira-srcset=\"https:\/\/is.ijs.si\/wp-content\/uploads\/2024\/12\/IMG_8983-1024x683-640x480.jpg 400w,https:\/\/is.ijs.si\/wp-content\/uploads\/2024\/12\/IMG_8983-1024x683-640x480.jpg 2x\" data-envira-width=\"300\" data-envira-height=\"200\" srcset=\"data:image\/gif;base64,R0lGODlhAQABAIAAAP\/\/\/\/\/\/\/yH5BAEKAAEALAAAAAABAAEAAAICTAEAOw==\" data-safe-src=\"data:image\/gif;base64,R0lGODlhAQABAIAAAP\/\/\/\/\/\/\/yH5BAEKAAEALAAAAAABAAEAAAICTAEAOw==\" \/><\/a><\/div><\/div><div id=\"envira-gallery-item-21229\" class=\"envira-gallery-item enviratope-item envira-gallery-item-4 envira-lazy-load\" style=\"padding-left: 5px; padding-bottom: 10px; padding-right: 5px;\"  itemscope itemtype=\"https:\/\/schema.org\/ImageObject\"><div class=\"envira-gallery-item-inner\"><div class=\"envira-gallery-position-overlay  envira-gallery-top-left\"><\/div><div class=\"envira-gallery-position-overlay  envira-gallery-top-right\"><\/div><div class=\"envira-gallery-position-overlay  envira-gallery-bottom-left\"><\/div><div class=\"envira-gallery-position-overlay  envira-gallery-bottom-right\"><\/div><a href=\"https:\/\/is.ijs.si\/wp-content\/uploads\/2024\/12\/IMG_8984.jpg\" class=\"envira-gallery-21225 envira-gallery-link\" rel=\"enviragallery21225\" title=\"IMG_8984\" data-envira-caption=\"IMG_8984\" data-envira-retina=\"\" data-thumbnail=\"\"  itemprop=\"contentUrl\"><img decoding=\"async\" id=\"envira-gallery-image-21229\" class=\"envira-gallery-image envira-gallery-image-4 envira-normal envira-lazy\" data-envira-index=\"4\" src=\"https:\/\/is.ijs.si\/wp-content\/uploads\/2024\/12\/IMG_8984-1024x683-640x480.jpg\" data-envira-src=\"https:\/\/is.ijs.si\/wp-content\/uploads\/2024\/12\/IMG_8984-1024x683-640x480.jpg\" data-envira-gallery-id=\"21225\" data-envira-item-id=\"21229\" data-envira-caption=\"IMG_8984\" alt=\"\" title=\"IMG_8984\"  itemprop=\"thumbnailUrl\" data-envira-srcset=\"https:\/\/is.ijs.si\/wp-content\/uploads\/2024\/12\/IMG_8984-1024x683-640x480.jpg 400w,https:\/\/is.ijs.si\/wp-content\/uploads\/2024\/12\/IMG_8984-1024x683-640x480.jpg 2x\" data-envira-width=\"300\" data-envira-height=\"200\" srcset=\"data:image\/gif;base64,R0lGODlhAQABAIAAAP\/\/\/\/\/\/\/yH5BAEKAAEALAAAAAABAAEAAAICTAEAOw==\" data-safe-src=\"data:image\/gif;base64,R0lGODlhAQABAIAAAP\/\/\/\/\/\/\/yH5BAEKAAEALAAAAAABAAEAAAICTAEAOw==\" \/><\/a><\/div><\/div><div id=\"envira-gallery-item-21230\" class=\"envira-gallery-item enviratope-item envira-gallery-item-5 envira-lazy-load\" style=\"padding-left: 5px; padding-bottom: 10px; padding-right: 5px;\"  itemscope itemtype=\"https:\/\/schema.org\/ImageObject\"><div class=\"envira-gallery-item-inner\"><div class=\"envira-gallery-position-overlay  envira-gallery-top-left\"><\/div><div class=\"envira-gallery-position-overlay  envira-gallery-top-right\"><\/div><div class=\"envira-gallery-position-overlay  envira-gallery-bottom-left\"><\/div><div class=\"envira-gallery-position-overlay  envira-gallery-bottom-right\"><\/div><a href=\"https:\/\/is.ijs.si\/wp-content\/uploads\/2024\/12\/IMG_8985.jpg\" class=\"envira-gallery-21225 envira-gallery-link\" rel=\"enviragallery21225\" title=\"IMG_8985\" data-envira-caption=\"IMG_8985\" data-envira-retina=\"\" data-thumbnail=\"\"  itemprop=\"contentUrl\"><img decoding=\"async\" id=\"envira-gallery-image-21230\" class=\"envira-gallery-image envira-gallery-image-5 envira-normal envira-lazy\" data-envira-index=\"5\" src=\"https:\/\/is.ijs.si\/wp-content\/uploads\/2024\/12\/IMG_8985-1024x683-640x480.jpg\" data-envira-src=\"https:\/\/is.ijs.si\/wp-content\/uploads\/2024\/12\/IMG_8985-1024x683-640x480.jpg\" data-envira-gallery-id=\"21225\" data-envira-item-id=\"21230\" data-envira-caption=\"IMG_8985\" alt=\"\" title=\"IMG_8985\"  itemprop=\"thumbnailUrl\" data-envira-srcset=\"https:\/\/is.ijs.si\/wp-content\/uploads\/2024\/12\/IMG_8985-1024x683-640x480.jpg 400w,https:\/\/is.ijs.si\/wp-content\/uploads\/2024\/12\/IMG_8985-1024x683-640x480.jpg 2x\" data-envira-width=\"300\" data-envira-height=\"200\" srcset=\"data:image\/gif;base64,R0lGODlhAQABAIAAAP\/\/\/\/\/\/\/yH5BAEKAAEALAAAAAABAAEAAAICTAEAOw==\" data-safe-src=\"data:image\/gif;base64,R0lGODlhAQABAIAAAP\/\/\/\/\/\/\/yH5BAEKAAEALAAAAAABAAEAAAICTAEAOw==\" \/><\/a><\/div><\/div><div id=\"envira-gallery-item-21231\" class=\"envira-gallery-item enviratope-item envira-gallery-item-6 envira-lazy-load\" style=\"padding-left: 5px; padding-bottom: 10px; padding-right: 5px;\"  itemscope itemtype=\"https:\/\/schema.org\/ImageObject\"><div class=\"envira-gallery-item-inner\"><div class=\"envira-gallery-position-overlay  envira-gallery-top-left\"><\/div><div class=\"envira-gallery-position-overlay  envira-gallery-top-right\"><\/div><div class=\"envira-gallery-position-overlay  envira-gallery-bottom-left\"><\/div><div class=\"envira-gallery-position-overlay  envira-gallery-bottom-right\"><\/div><a href=\"https:\/\/is.ijs.si\/wp-content\/uploads\/2024\/12\/IMG_8986.jpg\" class=\"envira-gallery-21225 envira-gallery-link\" rel=\"enviragallery21225\" title=\"IMG_8986\" data-envira-caption=\"IMG_8986\" data-envira-retina=\"\" data-thumbnail=\"\"  itemprop=\"contentUrl\"><img decoding=\"async\" id=\"envira-gallery-image-21231\" class=\"envira-gallery-image envira-gallery-image-6 envira-normal envira-lazy\" data-envira-index=\"6\" src=\"https:\/\/is.ijs.si\/wp-content\/uploads\/2024\/12\/IMG_8986-1024x683-640x480.jpg\" data-envira-src=\"https:\/\/is.ijs.si\/wp-content\/uploads\/2024\/12\/IMG_8986-1024x683-640x480.jpg\" data-envira-gallery-id=\"21225\" data-envira-item-id=\"21231\" data-envira-caption=\"IMG_8986\" alt=\"\" title=\"IMG_8986\"  itemprop=\"thumbnailUrl\" data-envira-srcset=\"https:\/\/is.ijs.si\/wp-content\/uploads\/2024\/12\/IMG_8986-1024x683-640x480.jpg 400w,https:\/\/is.ijs.si\/wp-content\/uploads\/2024\/12\/IMG_8986-1024x683-640x480.jpg 2x\" data-envira-width=\"300\" data-envira-height=\"200\" srcset=\"data:image\/gif;base64,R0lGODlhAQABAIAAAP\/\/\/\/\/\/\/yH5BAEKAAEALAAAAAABAAEAAAICTAEAOw==\" data-safe-src=\"data:image\/gif;base64,R0lGODlhAQABAIAAAP\/\/\/\/\/\/\/yH5BAEKAAEALAAAAAABAAEAAAICTAEAOw==\" \/><\/a><\/div><\/div><div id=\"envira-gallery-item-21232\" class=\"envira-gallery-item enviratope-item envira-gallery-item-7 envira-lazy-load\" style=\"padding-left: 5px; padding-bottom: 10px; padding-right: 5px;\"  itemscope itemtype=\"https:\/\/schema.org\/ImageObject\"><div class=\"envira-gallery-item-inner\"><div class=\"envira-gallery-position-overlay  envira-gallery-top-left\"><\/div><div class=\"envira-gallery-position-overlay  envira-gallery-top-right\"><\/div><div class=\"envira-gallery-position-overlay  envira-gallery-bottom-left\"><\/div><div class=\"envira-gallery-position-overlay  envira-gallery-bottom-right\"><\/div><a href=\"https:\/\/is.ijs.si\/wp-content\/uploads\/2024\/12\/IMG_8987.jpg\" class=\"envira-gallery-21225 envira-gallery-link\" rel=\"enviragallery21225\" title=\"IMG_8987\" data-envira-caption=\"IMG_8987\" data-envira-retina=\"\" data-thumbnail=\"\"  itemprop=\"contentUrl\"><img decoding=\"async\" id=\"envira-gallery-image-21232\" class=\"envira-gallery-image envira-gallery-image-7 envira-normal envira-lazy\" data-envira-index=\"7\" src=\"https:\/\/is.ijs.si\/wp-content\/uploads\/2024\/12\/IMG_8987-1024x683-640x480.jpg\" data-envira-src=\"https:\/\/is.ijs.si\/wp-content\/uploads\/2024\/12\/IMG_8987-1024x683-640x480.jpg\" data-envira-gallery-id=\"21225\" data-envira-item-id=\"21232\" data-envira-caption=\"IMG_8987\" alt=\"\" title=\"IMG_8987\"  itemprop=\"thumbnailUrl\" data-envira-srcset=\"https:\/\/is.ijs.si\/wp-content\/uploads\/2024\/12\/IMG_8987-1024x683-640x480.jpg 400w,https:\/\/is.ijs.si\/wp-content\/uploads\/2024\/12\/IMG_8987-1024x683-640x480.jpg 2x\" data-envira-width=\"300\" data-envira-height=\"200\" srcset=\"data:image\/gif;base64,R0lGODlhAQABAIAAAP\/\/\/\/\/\/\/yH5BAEKAAEALAAAAAABAAEAAAICTAEAOw==\" data-safe-src=\"data:image\/gif;base64,R0lGODlhAQABAIAAAP\/\/\/\/\/\/\/yH5BAEKAAEALAAAAAABAAEAAAICTAEAOw==\" \/><\/a><\/div><\/div><\/div><\/div><noscript><img decoding=\"async\" src=\"https:\/\/is.ijs.si\/wp-content\/uploads\/2024\/12\/IMG_8980.jpg\" alt=\"\" \/><img decoding=\"async\" src=\"https:\/\/is.ijs.si\/wp-content\/uploads\/2024\/12\/IMG_8982.jpg\" alt=\"\" \/><img decoding=\"async\" src=\"https:\/\/is.ijs.si\/wp-content\/uploads\/2024\/12\/IMG_8983.jpg\" alt=\"\" \/><img decoding=\"async\" src=\"https:\/\/is.ijs.si\/wp-content\/uploads\/2024\/12\/IMG_8984.jpg\" alt=\"\" \/><img decoding=\"async\" src=\"https:\/\/is.ijs.si\/wp-content\/uploads\/2024\/12\/IMG_8985.jpg\" alt=\"\" \/><img decoding=\"async\" src=\"https:\/\/is.ijs.si\/wp-content\/uploads\/2024\/12\/IMG_8986.jpg\" alt=\"\" \/><img decoding=\"async\" src=\"https:\/\/is.ijs.si\/wp-content\/uploads\/2024\/12\/IMG_8987.jpg\" alt=\"\" \/><\/noscript>\n","protected":false},"excerpt":{"rendered":"","protected":false},"author":1,"featured_media":0,"parent":0,"menu_order":0,"comment_status":"closed","ping_status":"closed","template":"","meta":{"footnotes":""},"class_list":["post-10803","page","type-page","status-publish","hentry"],"_links":{"self":[{"href":"https:\/\/is.ijs.si\/index.php?rest_route=\/wp\/v2\/pages\/10803","targetHints":{"allow":["GET"]}}],"collection":[{"href":"https:\/\/is.ijs.si\/index.php?rest_route=\/wp\/v2\/pages"}],"about":[{"href":"https:\/\/is.ijs.si\/index.php?rest_route=\/wp\/v2\/types\/page"}],"author":[{"embeddable":true,"href":"https:\/\/is.ijs.si\/index.php?rest_route=\/wp\/v2\/users\/1"}],"replies":[{"embeddable":true,"href":"https:\/\/is.ijs.si\/index.php?rest_route=%2Fwp%2Fv2%2Fcomments&post=10803"}],"version-history":[{"count":3,"href":"https:\/\/is.ijs.si\/index.php?rest_route=\/wp\/v2\/pages\/10803\/revisions"}],"predecessor-version":[{"id":21233,"href":"https:\/\/is.ijs.si\/index.php?rest_route=\/wp\/v2\/pages\/10803\/revisions\/21233"}],"wp:attachment":[{"href":"https:\/\/is.ijs.si\/index.php?rest_route=%2Fwp%2Fv2%2Fmedia&parent=10803"}],"curies":[{"name":"wp","href":"https:\/\/api.w.org\/{rel}","templated":true}]}}